{"id":9630,"date":"2024-05-29T20:06:08","date_gmt":"2024-05-29T18:06:08","guid":{"rendered":"https:\/\/woffu.com\/?page_id=9630"},"modified":"2025-09-19T14:15:27","modified_gmt":"2025-09-19T12:15:27","slug":"comunicacion-interna-empresa","status":"publish","type":"page","link":"https:\/\/woffu.com\/es\/comunicacion-interna-empresa\/","title":{"rendered":"Agiliza la comunicaci\u00f3n interna de tu empresa con Woffu"},"content":{"rendered":"<div class=\"wpb-content-wrapper\"><p>[vc_section el_class=&#8221;features-hero&#8221;][vc_row][vc_column][vc_column_text el_class=&#8221;features-hero-caption large&#8221;]<\/p>\n<h1>Agiliza la comunicaci\u00f3n interna de tu empresa con Woffu<\/h1>\n<p>Crea un impacto positivo en la experiencia de los empleados. Digitaliza los procesos de RR.HH. y env\u00eda comunicados, comparte documentos y solicita firmas desde un solo lugar.[\/vc_column_text][vc_btn title=&#8221;Solicita una demo&#8221; css=&#8221;&#8221; link=&#8221;url:https%3A%2F%2Fwoffu.com%2Fes%2Fdemo%2F|title:Solicita%20una%20demo&#8221; el_class=&#8221;btn btn-dark-new&#8221;][vc_single_image image=&#8221;9631&#8243; img_size=&#8221;full&#8221;][\/vc_column][\/vc_row][\/vc_section][vc_section el_class=&#8221;features-logos&#8221;][vc_row][vc_column][vc_column_text css=&#8221;&#8221; el_class=&#8221;features-logos-caption&#8221;]Descubre por qu\u00e9 m\u00e1s de 3.000 clientes usan nuestro software[\/vc_column_text]<div class=\"imagelist-container  features-logos-imagelist\" id=\"\">\r\n                    <ul class=\"imagelist\">\r\n                      <li><img decoding=\"async\" src=\"https:\/\/woffu.com\/wp-content\/uploads\/2024\/05\/logo-maersk.svg\" alt=\"\" \/><\/li><li><img decoding=\"async\" src=\"https:\/\/woffu.com\/wp-content\/uploads\/2024\/05\/logo-kelloggs.svg\" alt=\"\" \/><\/li><li><img decoding=\"async\" src=\"https:\/\/woffu.com\/wp-content\/uploads\/2024\/05\/logo-isdin.svg\" alt=\"\" \/><\/li><li><img decoding=\"async\" src=\"https:\/\/woffu.com\/wp-content\/uploads\/2024\/05\/logo-prisa.svg\" alt=\"\" \/><\/li><li><img decoding=\"async\" src=\"https:\/\/woffu.com\/wp-content\/uploads\/2024\/05\/logo-viena.svg\" alt=\"\" \/><\/li>\r\n                    <\/ul>\r\n                <\/div>[\/vc_column][\/vc_row][\/vc_section][vc_section el_class=&#8221;features-section&#8221;][vc_row][vc_column el_class=&#8221;features-section-caption&#8221;][vc_column_text]<\/p>\n<h2>Woffu: El canal directo con los empleados<\/h2>\n<p>Comparte actualizaciones, comunicados importantes y noticias de la empresa, a trav\u00e9s de los anuncios de Woffu, garantizando que todos est\u00e9n informados y alineados.[\/vc_column_text][\/vc_column][\/vc_row][vc_row el_class=&#8221;features-row&#8221;][vc_column width=&#8221;1\/2&#8243; el_class=&#8221;features-row-caption&#8221;][vc_column_text]<\/p>\n<h3>Comunicaci\u00f3n interna eficiente en tu empresa<\/h3>\n<p>Woffu cuenta con un m\u00f3dulo de anuncios intuitivo garantizando una <strong>comunicaci\u00f3n interna efectiva en todos los niveles<\/strong> de la empresa.<\/p>\n<ul>\n<li><strong>RR.HH. y responsables de equipo pueden enviar comunicados<\/strong> y todos los usuarios los reciben.<\/li>\n<li>Aplica filtros para enviar <strong>anuncios individuales, de equipo<\/strong> o env\u00eda a toda la empresa.<\/li>\n<li><strong>Obt\u00e9n visibilidad de la recepci\u00f3n de las comunicaciones<\/strong> con la opci\u00f3n de acuse de recibo: los remitentes deber\u00e1n confirmar que han visto el mensaje.<\/li>\n<li><strong>Notificaci\u00f3n v\u00eda email y app<\/strong> sobre los anuncios recibidos.<\/li>\n<\/ul>\n<p>[\/vc_column_text][vc_btn title=&#8221;Saber m\u00e1s&#8221; css=&#8221;&#8221; link=&#8221;url:https%3A%2F%2Fwoffu.com%2Fes%2Fdemo%2F|title:Saber%20m%C3%A1s&#8221; el_class=&#8221;btn btn-more-new&#8221;][\/vc_column][vc_column width=&#8221;1\/2&#8243; el_class=&#8221;features-row-picture&#8221;][vc_single_image image=&#8221;9635&#8243; img_size=&#8221;full&#8221; alignment=&#8221;right&#8221;][\/vc_column][\/vc_row][vc_row][vc_column el_class=&#8221;features-section-caption&#8221;][vc_column_text]<\/p>\n<h2>Digitaliza la gesti\u00f3n de documentos y optimiza los procesos de RR.HH.<\/h2>\n<p>Env\u00eda documentos, n\u00f3minas y permite que los empleados adjunten justificantes de ausencia en un solo lugar.[\/vc_column_text][\/vc_column][\/vc_row][vc_row el_class=&#8221;features-row features-row-right&#8221;][vc_column width=&#8221;1\/2&#8243; el_class=&#8221;features-row-caption&#8221;][vc_column_text]<\/p>\n<h3>Eficiencia y organizaci\u00f3n con la comunicaci\u00f3n interna<\/h3>\n<p><strong>Gestor documental que agiliza la gesti\u00f3n de RR.HH.<\/strong> con una distribuci\u00f3n simple, f\u00e1cil y segura.<\/p>\n<ul>\n<li>Acceso desde cualquier dispositivo gracias al <strong>almacenamiento en la nube<\/strong>.<\/li>\n<li>Comparte documentos de forma <strong>individual o masiva<\/strong>.<\/li>\n<li>Env\u00eda <strong>n\u00f3minas, contratos, pol\u00edticas u otros\u00a0 documentos<\/strong> importantes en un clic.<\/li>\n<li>Los empleados pueden <strong>adjuntar los justificantes de ausencia y RR.HH puede acceder a ellas<\/strong> en cualquier momento.<\/li>\n<li><strong>Documentos organizados<\/strong> con etiquetas para que sea f\u00e1cil de encontrar.<\/li>\n<\/ul>\n<p>[\/vc_column_text][vc_btn title=&#8221;Consulta planes&#8221; css=&#8221;&#8221; link=&#8221;url:https%3A%2F%2Fwoffu.com%2Fes%2Fprecios-woffu%2F|title:Consulta%20planes&#8221; el_class=&#8221;btn btn-more-new&#8221;][\/vc_column][vc_column width=&#8221;1\/2&#8243; el_class=&#8221;features-row-picture&#8221;][vc_single_image image=&#8221;9639&#8243; img_size=&#8221;full&#8221; alignment=&#8221;right&#8221;][\/vc_column][\/vc_row][vc_row][vc_column el_class=&#8221;features-section-caption&#8221;][vc_column_text]<\/p>\n<h2>Agiliza tus procesos con la firma digital<\/h2>\n<p><strong>Reduce costes ocultos<\/strong> en impresiones, mensajer\u00eda y almacenaje en la gesti\u00f3n de documentos firmados. Ahorra tiempo y almacena todo en un solo lugar de manera segura.[\/vc_column_text][\/vc_column][\/vc_row][vc_row el_class=&#8221;features-row&#8221;][vc_column width=&#8221;1\/2&#8243; el_class=&#8221;features-row-caption&#8221;][vc_column_text]<\/p>\n<h3>Optimiza el proceso de firma para tu comunicaci\u00f3n interna<\/h3>\n<p>Firma digital con plena validez legal, cumpliendo con las regulaciones m\u00e1s exigentes a nivel mundial.<\/p>\n<ul>\n<li><strong>Centraliza, mant\u00e9n el control y gana visibilidad<\/strong> sobre los flujos de firma.<\/li>\n<li>Permite a los empleados <strong>firmar documentos en cualquier momento<\/strong> y desde cualquier dispositivo.<\/li>\n<li><strong>Evita retrasos<\/strong> y tiempos de espera prolongados en los procesos de RR.HH.<\/li>\n<li><strong>Configura flujos de firma en paralelo o secuencial<\/strong> seg\u00fan tus necesidades.<\/li>\n<li><strong>Logra procesos m\u00e1s sostenibles<\/strong> con el ahorro de papel, tinta y correos.<\/li>\n<li>El <strong>97%<\/strong> de los documentos enviados <strong>se firma en los primeros 5 d\u00edas<\/strong>.<\/li>\n<\/ul>\n<p>[\/vc_column_text][vc_btn title=&#8221;Solicita una Demo&#8221; css=&#8221;&#8221; link=&#8221;url:https%3A%2F%2Fwoffu.com%2Fes%2Fdemo%2F|title:Solicita%20una%20Demo&#8221; el_class=&#8221;btn btn-more-new&#8221;][\/vc_column][vc_column width=&#8221;1\/2&#8243; el_class=&#8221;features-row-picture&#8221;][vc_single_image image=&#8221;9643&#8243; img_size=&#8221;full&#8221; alignment=&#8221;right&#8221;][\/vc_column][\/vc_row][\/vc_section][vc_section el_class=&#8221;features-reviews-section&#8221;][vc_row][vc_column]<div class=\"card card-review-new\" id=\"\">\r\n          <div class=\"card-body\">\r\n            <div class=\"card-text\"><p>\u201c<strong>Woffu es muy f\u00e1cil de usar.<\/strong> Los responsables de equipo y RR.HH. la utilizamos a diario. <strong>La usabilidad es muy buena y lo encuentras todo bastante f\u00e1cil.<\/strong>\u201d<\/p>\n<\/div>\r\n            <div class=\"card-author\">\r\n              <div class=\"img\"><img decoding=\"async\" width=\"137\" height=\"136\" src=\"https:\/\/woffu.com\/wp-content\/uploads\/2024\/06\/BarbaraValle.jpg\" class=\"attachment-full size-full\" alt=\"\" srcset=\"https:\/\/woffu.com\/wp-content\/uploads\/2024\/06\/BarbaraValle.jpg 137w, https:\/\/woffu.com\/wp-content\/uploads\/2024\/06\/BarbaraValle-100x100.jpg 100w\" sizes=\"(max-width: 137px) 100vw, 137px\" \/><\/div>\r\n              <div class=\"author\">\r\n                <div>\r\n                  <div>B\u00e1rbara Valle<\/div>\r\n                  <div class=\"job\">Talent Manager y HRBP de Promofarma<\/div>\r\n                <\/div>\r\n                <div class=\"logo\"><img decoding=\"async\" width=\"216\" height=\"55\" src=\"https:\/\/woffu.com\/wp-content\/uploads\/2024\/06\/promofarma.svg\" class=\"attachment-full size-full\" alt=\"\" \/><\/div>\r\n              <\/div>\r\n            <\/div>\r\n          <\/div>\r\n        <\/div>[\/vc_column][\/vc_row][\/vc_section][vc_section el_class=&#8221;features-section&#8221;][vc_row el_class=&#8221;cta-form-row&#8221;][vc_column width=&#8221;1\/2&#8243; el_class=&#8221;cta-form-container&#8221;][vc_custom_heading text=&#8221;Solicita una demo personalizada&#8221; use_theme_fonts=&#8221;yes&#8221;][vc_column_text]Un especialista te ense\u00f1ar\u00e1 la plataforma en acci\u00f3n y descubrir\u00e1s por qu\u00e9 Woffu es la soluci\u00f3n para ti.[\/vc_column_text][vc_raw_html]JTNDaWZyYW1lJTIwaWQlM0QlMjJwYXJkb3QtaWZyYW1lJTIyJTIwc3JjJTNEJTIyaHR0cHMlM0ElMkYlMkZnby53b2ZmdS5jb20lMkZsJTJGNzc1MzQzJTJGMjAyMC0wMy0yMyUyRjR3anl2diUyMiUyMHdpZHRoJTNEJTIyMTAwJTI1JTIyJTIwaGVpZ2h0JTNEJTIyNjIwcHglMjIlMjB0eXBlJTNEJTIydGV4dCUyRmh0bWwlMjIlMjBmcmFtZWJvcmRlciUzRCUyMjAlMjIlMjBhbGxvd1RyYW5zcGFyZW5jeSUzRCUyMnRydWUlMjIlMjBzdHlsZSUzRCUyMmJvcmRlciUzQSUyMDAlMjIlM0UlM0MlMkZpZnJhbWUlM0U=[\/vc_raw_html][\/vc_column][vc_column width=&#8221;1\/2&#8243;][vc_single_image image=&#8221;9605&#8243; img_size=&#8221;full&#8221;][\/vc_column][\/vc_row][\/vc_section][vc_section el_class=&#8221;qa-section&#8221;][vc_row][vc_column][vc_custom_heading text=&#8221;Preguntas frecuentes&#8221; font_container=&#8221;tag:h2|text_align:center&#8221;][vc_toggle title=&#8221;\u00bfQu\u00e9 es el apartado de anuncios?&#8221; open=&#8221;true&#8221;]Anuncios de Woffu es un apartado adicional dise\u00f1ado para crear y difundir comunicaciones internas de manera eficaz, asegurando que la informaci\u00f3n clave sea accesible para todos los empleados.[\/vc_toggle][vc_toggle title=&#8221;\u00bfQui\u00e9n puede enviar anuncios o documentos?&#8221; css=&#8221;&#8221;]En la <a href=\"https:\/\/woffu.com\/es\/app-para-fichar-control-horario-y-vacaciones\/\">app para fichar<\/a> Woffu, los administradores de la herramienta y usuarios autorizados, como responsables de equipo, pueden enviar anuncios, documentos o solicitud de firmas digitales, asegurando que la informaci\u00f3n alcance a las personas adecuadas.[\/vc_toggle][vc_toggle title=&#8221;\u00bfQu\u00e9 es un sistema de gesti\u00f3n documental?&#8221;]El sistema de gesti\u00f3n documental de Woffu, es una soluci\u00f3n integral para organizar, almacenar y distribuir documentos de forma digital, mejorando la eficiencia y seguridad en la gesti\u00f3n de la informaci\u00f3n.[\/vc_toggle][vc_toggle title=&#8221;\u00bfLos usuarios pueden ver los documentos que tiene otro usuario?&#8221;]Woffu permite una configuraci\u00f3n personalizada de permisos. Solo los administradores de la herramienta y usuarios autorizados, como responsables de equipo, pueden tener visibilidad de los documentos de otros usuarios.[\/vc_toggle][vc_toggle title=&#8221;\u00bfC\u00f3mo funciona la firma digital?&#8221; css=&#8221;&#8221;]La <a href=\"https:\/\/woffu.com\/es\/blog\/normativa\/firma-digital-un-paso-mas-hacia-el-trabajo-liquido\/\">firma digital<\/a> en Woffu automatiza y agiliza el proceso de firma de documentos, permitiendo firmar electr\u00f3nicamente y con validez legal desde cualquier lugar, mejorando la eficiencia en la gesti\u00f3n de RR.HH. y documentos corporativos.[\/vc_toggle][vc_toggle title=&#8221;\u00bfEn qu\u00e9 me ayuda un software para gestionar la comunicaci\u00f3n interna?&#8221;]El software de Woffu para la comunicaci\u00f3n interna mejora la difusi\u00f3n de informaci\u00f3n dentro de la empresa, asegurando que los mensajes importantes y documentos sean entregados y le\u00eddos por los empleados, facilitando as\u00ed una comunicaci\u00f3n interna m\u00e1s efectiva y organizada y, al mismo tiempo, mejorando la satisfacci\u00f3n de los empleados.[\/vc_toggle][\/vc_column][\/vc_row][\/vc_section][vc_section][vc_row][vc_column el_class=&#8221;cta-block&#8221;][vc_single_image image=&#8221;9614&#8243; img_size=&#8221;full&#8221;][vc_custom_heading text=&#8221;\u00bfTienes dudas?&#8221; font_container=&#8221;tag:h3|text_align:left&#8221; use_theme_fonts=&#8221;yes&#8221; el_class=&#8221;h6&#8243;][vc_column_text el_class=&#8221;cta-block-caption&#8221;]Estamos aqu\u00ed para ayudarte. Contacta con nuestro equipo para obtener atenci\u00f3n personalizada.[\/vc_column_text][vc_btn title=&#8221;Habla con nosotros&#8221; css=&#8221;&#8221; link=&#8221;url:https%3A%2F%2Fwoffu.com%2Fes%2Fdemo%2F|title:Solicita%20una%20demo&#8221; el_class=&#8221;btn btn-dark-new small&#8221;][\/vc_column][\/vc_row][\/vc_section]<\/p>\n<\/div>","protected":false},"excerpt":{"rendered":"<p>[vc_section el_class=&#8221;features-hero&#8221;][vc_row][vc_column][vc_column_text el_class=&#8221;features-hero-caption large&#8221;] Agiliza la comunicaci\u00f3n interna de tu empresa con Woffu Crea un impacto positivo en la experiencia [&hellip;]<\/p>\n","protected":false},"author":1,"featured_media":0,"parent":0,"menu_order":0,"comment_status":"closed","ping_status":"closed","template":"page-new.php","meta":{"_acf_changed":false,"inline_featured_image":false,"footnotes":""},"class_list":["post-9630","page","type-page","status-publish","hentry"],"acf":[],"yoast_head":"<!-- This site is optimized with the Yoast SEO plugin v27.3 - https:\/\/yoast.com\/product\/yoast-seo-wordpress\/ -->\n<title>Agiliza la comunicaci\u00f3n interna de tu empresa con Woffu | Woffu<\/title>\n<meta name=\"description\" content=\"Mejora la comunicaci\u00f3n interna empresa gracias a la digitalizaci\u00f3n de los procesos de RRHH y conecta equipos de forma r\u00e1pida y eficiente con Woffu\" \/>\n<meta name=\"robots\" content=\"index, follow, max-snippet:-1, max-image-preview:large, max-video-preview:-1\" \/>\n<link rel=\"canonical\" href=\"https:\/\/woffu.com\/es\/comunicacion-interna-empresa\/\" \/>\n<meta property=\"og:locale\" content=\"es_ES\" \/>\n<meta property=\"og:type\" content=\"article\" \/>\n<meta property=\"og:title\" content=\"Agiliza la comunicaci\u00f3n interna de tu empresa con Woffu | Woffu\" \/>\n<meta property=\"og:description\" content=\"Mejora la comunicaci\u00f3n interna empresa gracias a la digitalizaci\u00f3n de los procesos de RRHH y conecta equipos de forma r\u00e1pida y eficiente con Woffu.\" \/>\n<meta property=\"og:url\" content=\"https:\/\/woffu.com\/es\/comunicacion-interna-empresa\/\" \/>\n<meta property=\"og:site_name\" content=\"Woffu\" \/>\n<meta property=\"article:publisher\" content=\"https:\/\/www.facebook.com\/woffu\/\" \/>\n<meta property=\"article:modified_time\" content=\"2025-09-19T12:15:27+00:00\" \/>\n<meta property=\"og:image\" content=\"https:\/\/woffu.com\/wp-content\/uploads\/2025\/07\/woffu-logo-color-marketplace.webp\" \/>\n\t<meta property=\"og:image:width\" content=\"625\" \/>\n\t<meta property=\"og:image:height\" content=\"332\" \/>\n\t<meta property=\"og:image:type\" content=\"image\/webp\" \/>\n<meta name=\"twitter:card\" content=\"summary_large_image\" \/>\n<meta name=\"twitter:site\" content=\"@Woffu_App\" \/>\n<meta name=\"twitter:label1\" content=\"Tiempo de lectura\" \/>\n\t<meta name=\"twitter:data1\" content=\"4 minutos\" \/>\n<script type=\"application\/ld+json\" class=\"yoast-schema-graph\">{\"@context\":\"https:\\\/\\\/schema.org\",\"@graph\":[{\"@type\":\"WebPage\",\"@id\":\"https:\\\/\\\/woffu.com\\\/es\\\/comunicacion-interna-empresa\\\/\",\"url\":\"https:\\\/\\\/woffu.com\\\/es\\\/comunicacion-interna-empresa\\\/\",\"name\":\"Agiliza la comunicaci\u00f3n interna de tu empresa con Woffu | Woffu\",\"isPartOf\":{\"@id\":\"https:\\\/\\\/woffu.com\\\/es\\\/#website\"},\"datePublished\":\"2024-05-29T18:06:08+00:00\",\"dateModified\":\"2025-09-19T12:15:27+00:00\",\"description\":\"Mejora la comunicaci\u00f3n interna empresa gracias a la digitalizaci\u00f3n de los procesos de RRHH y conecta equipos de forma r\u00e1pida y eficiente con Woffu\",\"breadcrumb\":{\"@id\":\"https:\\\/\\\/woffu.com\\\/es\\\/comunicacion-interna-empresa\\\/#breadcrumb\"},\"inLanguage\":\"es\",\"potentialAction\":[{\"@type\":\"ReadAction\",\"target\":[\"https:\\\/\\\/woffu.com\\\/es\\\/comunicacion-interna-empresa\\\/\"]}]},{\"@type\":\"BreadcrumbList\",\"@id\":\"https:\\\/\\\/woffu.com\\\/es\\\/comunicacion-interna-empresa\\\/#breadcrumb\",\"itemListElement\":[{\"@type\":\"ListItem\",\"position\":1,\"name\":\"Portada\",\"item\":\"https:\\\/\\\/woffu.com\\\/es\\\/\"},{\"@type\":\"ListItem\",\"position\":2,\"name\":\"Agiliza la comunicaci\u00f3n interna de tu empresa con Woffu\"}]},{\"@type\":\"WebSite\",\"@id\":\"https:\\\/\\\/woffu.com\\\/es\\\/#website\",\"url\":\"https:\\\/\\\/woffu.com\\\/es\\\/\",\"name\":\"Woffu\",\"description\":\"Woffu es una plataforma digital que facilita la gesti\u00f3n del tiempo laboral, control horario, vacaciones y ausencias, optimizando procesos de recursos humanos y asegurando el cumplimiento normativo en las empresas.\",\"publisher\":{\"@id\":\"https:\\\/\\\/woffu.com\\\/es\\\/#organization\"},\"alternateName\":\"Woffu\",\"potentialAction\":[{\"@type\":\"SearchAction\",\"target\":{\"@type\":\"EntryPoint\",\"urlTemplate\":\"https:\\\/\\\/woffu.com\\\/es\\\/?s={search_term_string}\"},\"query-input\":{\"@type\":\"PropertyValueSpecification\",\"valueRequired\":true,\"valueName\":\"search_term_string\"}}],\"inLanguage\":\"es\"},{\"@type\":\"Organization\",\"@id\":\"https:\\\/\\\/woffu.com\\\/es\\\/#organization\",\"name\":\"Woffu\",\"url\":\"https:\\\/\\\/woffu.com\\\/es\\\/\",\"logo\":{\"@type\":\"ImageObject\",\"inLanguage\":\"es\",\"@id\":\"https:\\\/\\\/woffu.com\\\/es\\\/#\\\/schema\\\/logo\\\/image\\\/\",\"url\":\"https:\\\/\\\/woffu.com\\\/wp-content\\\/uploads\\\/2021\\\/08\\\/logo-woffu-dark.svg\",\"contentUrl\":\"https:\\\/\\\/woffu.com\\\/wp-content\\\/uploads\\\/2021\\\/08\\\/logo-woffu-dark.svg\",\"width\":161,\"height\":38,\"caption\":\"Woffu\"},\"image\":{\"@id\":\"https:\\\/\\\/woffu.com\\\/es\\\/#\\\/schema\\\/logo\\\/image\\\/\"},\"sameAs\":[\"https:\\\/\\\/www.facebook.com\\\/woffu\\\/\",\"https:\\\/\\\/x.com\\\/Woffu_App\",\"https:\\\/\\\/www.instagram.com\\\/woffu\\\/\",\"https:\\\/\\\/www.linkedin.com\\\/company\\\/woffu\\\/\"],\"telephone\":\"+34 932059750\",\"address\":{\"@type\":\"PostalAddress\",\"streetAddress\":\"Carrer de Mexic, 8\",\"postalCode\":\"08004\",\"addressLocality\":\"Barcelona\",\"addressCountry\":\"ES\"},\"contactPoint\":[{\"@type\":\"ContactPoint\",\"contactType\":\"customer support\",\"telephone\":\"+34 932059750\",\"email\":\"help@woffu.com\",\"url\":\"https:\\\/\\\/woffu.com\\\/es\\\/contacto\\\/\",\"areaServed\":\"ES\",\"availableLanguage\":[\"es\",\"en\"],\"hoursAvailable\":[{\"@type\":\"OpeningHoursSpecification\",\"dayOfWeek\":[\"https:\\\/\\\/schema.org\\\/Monday\",\"https:\\\/\\\/schema.org\\\/Tuesday\",\"https:\\\/\\\/schema.org\\\/Wednesday\",\"https:\\\/\\\/schema.org\\\/Thursday\"],\"opens\":\"08:30\",\"closes\":\"19:00\"},{\"@type\":\"OpeningHoursSpecification\",\"dayOfWeek\":\"https:\\\/\\\/schema.org\\\/Friday\",\"opens\":\"08:30\",\"closes\":\"14:00\"}]},{\"@type\":\"ContactPoint\",\"contactType\":\"sales\",\"telephone\":\"+34 932059750\",\"email\":\"sales@woffu.com\",\"url\":\"https:\\\/\\\/woffu.com\\\/es\\\/demo\\\/\",\"areaServed\":\"ES\",\"availableLanguage\":[\"es\",\"en\"],\"hoursAvailable\":[{\"@type\":\"OpeningHoursSpecification\",\"dayOfWeek\":[\"https:\\\/\\\/schema.org\\\/Monday\",\"https:\\\/\\\/schema.org\\\/Tuesday\",\"https:\\\/\\\/schema.org\\\/Wednesday\",\"https:\\\/\\\/schema.org\\\/Thursday\"],\"opens\":\"08:30\",\"closes\":\"19:00\"},{\"@type\":\"OpeningHoursSpecification\",\"dayOfWeek\":\"https:\\\/\\\/schema.org\\\/Friday\",\"opens\":\"08:30\",\"closes\":\"14:00\"}]}]}]}<\/script>\n<!-- \/ Yoast SEO plugin. -->","yoast_head_json":{"title":"Agiliza la comunicaci\u00f3n interna de tu empresa con Woffu | Woffu","description":"Mejora la comunicaci\u00f3n interna empresa gracias a la digitalizaci\u00f3n de los procesos de RRHH y conecta equipos de forma r\u00e1pida y eficiente con Woffu","robots":{"index":"index","follow":"follow","max-snippet":"max-snippet:-1","max-image-preview":"max-image-preview:large","max-video-preview":"max-video-preview:-1"},"canonical":"https:\/\/woffu.com\/es\/comunicacion-interna-empresa\/","og_locale":"es_ES","og_type":"article","og_title":"Agiliza la comunicaci\u00f3n interna de tu empresa con Woffu | Woffu","og_description":"Mejora la comunicaci\u00f3n interna empresa gracias a la digitalizaci\u00f3n de los procesos de RRHH y conecta equipos de forma r\u00e1pida y eficiente con Woffu.","og_url":"https:\/\/woffu.com\/es\/comunicacion-interna-empresa\/","og_site_name":"Woffu","article_publisher":"https:\/\/www.facebook.com\/woffu\/","article_modified_time":"2025-09-19T12:15:27+00:00","og_image":[{"width":625,"height":332,"url":"https:\/\/woffu.com\/wp-content\/uploads\/2025\/07\/woffu-logo-color-marketplace.webp","type":"image\/webp"}],"twitter_card":"summary_large_image","twitter_site":"@Woffu_App","twitter_misc":{"Tiempo de lectura":"4 minutos"},"schema":{"@context":"https:\/\/schema.org","@graph":[{"@type":"WebPage","@id":"https:\/\/woffu.com\/es\/comunicacion-interna-empresa\/","url":"https:\/\/woffu.com\/es\/comunicacion-interna-empresa\/","name":"Agiliza la comunicaci\u00f3n interna de tu empresa con Woffu | Woffu","isPartOf":{"@id":"https:\/\/woffu.com\/es\/#website"},"datePublished":"2024-05-29T18:06:08+00:00","dateModified":"2025-09-19T12:15:27+00:00","description":"Mejora la comunicaci\u00f3n interna empresa gracias a la digitalizaci\u00f3n de los procesos de RRHH y conecta equipos de forma r\u00e1pida y eficiente con Woffu","breadcrumb":{"@id":"https:\/\/woffu.com\/es\/comunicacion-interna-empresa\/#breadcrumb"},"inLanguage":"es","potentialAction":[{"@type":"ReadAction","target":["https:\/\/woffu.com\/es\/comunicacion-interna-empresa\/"]}]},{"@type":"BreadcrumbList","@id":"https:\/\/woffu.com\/es\/comunicacion-interna-empresa\/#breadcrumb","itemListElement":[{"@type":"ListItem","position":1,"name":"Portada","item":"https:\/\/woffu.com\/es\/"},{"@type":"ListItem","position":2,"name":"Agiliza la comunicaci\u00f3n interna de tu empresa con Woffu"}]},{"@type":"WebSite","@id":"https:\/\/woffu.com\/es\/#website","url":"https:\/\/woffu.com\/es\/","name":"Woffu","description":"Woffu es una plataforma digital que facilita la gesti\u00f3n del tiempo laboral, control horario, vacaciones y ausencias, optimizando procesos de recursos humanos y asegurando el cumplimiento normativo en las empresas.","publisher":{"@id":"https:\/\/woffu.com\/es\/#organization"},"alternateName":"Woffu","potentialAction":[{"@type":"SearchAction","target":{"@type":"EntryPoint","urlTemplate":"https:\/\/woffu.com\/es\/?s={search_term_string}"},"query-input":{"@type":"PropertyValueSpecification","valueRequired":true,"valueName":"search_term_string"}}],"inLanguage":"es"},{"@type":"Organization","@id":"https:\/\/woffu.com\/es\/#organization","name":"Woffu","url":"https:\/\/woffu.com\/es\/","logo":{"@type":"ImageObject","inLanguage":"es","@id":"https:\/\/woffu.com\/es\/#\/schema\/logo\/image\/","url":"https:\/\/woffu.com\/wp-content\/uploads\/2021\/08\/logo-woffu-dark.svg","contentUrl":"https:\/\/woffu.com\/wp-content\/uploads\/2021\/08\/logo-woffu-dark.svg","width":161,"height":38,"caption":"Woffu"},"image":{"@id":"https:\/\/woffu.com\/es\/#\/schema\/logo\/image\/"},"sameAs":["https:\/\/www.facebook.com\/woffu\/","https:\/\/x.com\/Woffu_App","https:\/\/www.instagram.com\/woffu\/","https:\/\/www.linkedin.com\/company\/woffu\/"],"telephone":"+34 932059750","address":{"@type":"PostalAddress","streetAddress":"Carrer de Mexic, 8","postalCode":"08004","addressLocality":"Barcelona","addressCountry":"ES"},"contactPoint":[{"@type":"ContactPoint","contactType":"customer support","telephone":"+34 932059750","email":"help@woffu.com","url":"https:\/\/woffu.com\/es\/contacto\/","areaServed":"ES","availableLanguage":["es","en"],"hoursAvailable":[{"@type":"OpeningHoursSpecification","dayOfWeek":["https:\/\/schema.org\/Monday","https:\/\/schema.org\/Tuesday","https:\/\/schema.org\/Wednesday","https:\/\/schema.org\/Thursday"],"opens":"08:30","closes":"19:00"},{"@type":"OpeningHoursSpecification","dayOfWeek":"https:\/\/schema.org\/Friday","opens":"08:30","closes":"14:00"}]},{"@type":"ContactPoint","contactType":"sales","telephone":"+34 932059750","email":"sales@woffu.com","url":"https:\/\/woffu.com\/es\/demo\/","areaServed":"ES","availableLanguage":["es","en"],"hoursAvailable":[{"@type":"OpeningHoursSpecification","dayOfWeek":["https:\/\/schema.org\/Monday","https:\/\/schema.org\/Tuesday","https:\/\/schema.org\/Wednesday","https:\/\/schema.org\/Thursday"],"opens":"08:30","closes":"19:00"},{"@type":"OpeningHoursSpecification","dayOfWeek":"https:\/\/schema.org\/Friday","opens":"08:30","closes":"14:00"}]}]}]}},"_links":{"self":[{"href":"https:\/\/woffu.com\/es\/wp-json\/wp\/v2\/pages\/9630","targetHints":{"allow":["GET"]}}],"collection":[{"href":"https:\/\/woffu.com\/es\/wp-json\/wp\/v2\/pages"}],"about":[{"href":"https:\/\/woffu.com\/es\/wp-json\/wp\/v2\/types\/page"}],"author":[{"embeddable":true,"href":"https:\/\/woffu.com\/es\/wp-json\/wp\/v2\/users\/1"}],"replies":[{"embeddable":true,"href":"https:\/\/woffu.com\/es\/wp-json\/wp\/v2\/comments?post=9630"}],"version-history":[{"count":5,"href":"https:\/\/woffu.com\/es\/wp-json\/wp\/v2\/pages\/9630\/revisions"}],"predecessor-version":[{"id":13663,"href":"https:\/\/woffu.com\/es\/wp-json\/wp\/v2\/pages\/9630\/revisions\/13663"}],"wp:attachment":[{"href":"https:\/\/woffu.com\/es\/wp-json\/wp\/v2\/media?parent=9630"}],"curies":[{"name":"wp","href":"https:\/\/api.w.org\/{rel}","templated":true}]}}