{"id":8821,"date":"2023-08-09T12:49:17","date_gmt":"2023-08-09T10:49:17","guid":{"rendered":"https:\/\/woffu.com\/?page_id=8821"},"modified":"2026-02-23T23:49:33","modified_gmt":"2026-02-23T22:49:33","slug":"compara-woffu","status":"publish","type":"page","link":"https:\/\/woffu.com\/es\/compara-woffu\/","title":{"rendered":"Woffu es el software experto en gesti\u00f3n del tiempo de trabajo"},"content":{"rendered":"<div class=\"wpb-content-wrapper\"><p>[vc_section el_class=&#8221;hero&#8221; el_id=&#8221;graphics-hero&#8221;][vc_row][vc_column][vc_custom_heading text=&#8221;Woffu es el software experto en gesti\u00f3n del tiempo de trabajo&#8221; font_container=&#8221;tag:h1|text_align:left&#8221; use_theme_fonts=&#8221;yes&#8221; css=&#8221;&#8221;][vc_column_text]Cuando se trata de gestionar de forma eficiente la Presencia y Ausencia de tus empleados, s\u00f3lo hay una opci\u00f3n.<\/p>\n<h2>\u00bfPor qu\u00e9 Woffu es la <strong>herramienta l\u00edder?<\/strong><\/h2>\n<p>[\/vc_column_text][vc_btn title=&#8221;solicita una demo&#8221; el_class=&#8221;btn btn-dark1&#8243; link=&#8221;url:%23graphics-form&#8221;][\/vc_column][\/vc_row][\/vc_section][vc_section el_id=&#8221;graphic-section-1&#8243; el_class=&#8221;graphic-section violet&#8221;][vc_row el_class=&#8221;graphic-row&#8221;][vc_column el_class=&#8221;graphic-caption&#8221; offset=&#8221;vc_col-md-6&#8243;][vc_custom_heading text=&#8221;Especializaci\u00f3n vs Generalizaci\u00f3n&#8221; use_theme_fonts=&#8221;yes&#8221;][vc_column_text el_class=&#8221;description description-1&#8243;]Woffu es el <strong>\u00fanico Software del mercado especializado en la Gesti\u00f3n del Tiempo<\/strong> de empleados, llegando a m\u00e1s nivel de detalle que ninguna otra soluci\u00f3n y con un 100% de adopci\u00f3n por parte de nuestros usuarios.[\/vc_column_text][vc_column_text css=&#8221;&#8221; el_class=&#8221;description description-2&#8243;]<\/p>\n<ul>\n<li>Control de excesos de jornada por categor\u00eda<\/li>\n<li>Personalizaci\u00f3n del m\u00e9todo de fichaje por empleado\/\u00e1rea<\/li>\n<li>Limitaci\u00f3n de permisos por empleado\/\u00e1rea<\/li>\n<li>Gesti\u00f3n de teletrabajo y horario flexible sin perder control<\/li>\n<li>Integraci\u00f3n de ausencia y presencia<\/li>\n<li>10 opciones de fichaje: web, App m\u00f3vil, QR, c\u00f3digo Pin, dispositivos f\u00edsicos, Foto, WhatsApp, Slack, Microsoft Teams y extensi\u00f3n Chrome<\/li>\n<\/ul>\n<p>[\/vc_column_text][\/vc_column][vc_column el_class=&#8221;graphic-images&#8221; offset=&#8221;vc_col-md-6&#8243;][vc_single_image image=&#8221;8805&#8243; img_size=&#8221;full&#8221; el_class=&#8221;graphic-legend&#8221;][vc_single_image image=&#8221;8785&#8243; img_size=&#8221;full&#8221;][\/vc_column][vc_column][vc_column_text el_class=&#8221;graphic-card&#8221;]Woffu pone a sus clientes en el centro, escuchando sus necesidades para lograr una <strong>plataforma de Control Horario intuitiva y adaptada<\/strong> a cada sector. A diferencia de los Softwares generalistas o &#8220;todo en uno&#8221;, que no consiguen reflejar al 100% tu Pol\u00edtica Horaria.[\/vc_column_text][\/vc_column][\/vc_row][\/vc_section][vc_section el_class=&#8221;graphic-section orange&#8221; el_id=&#8221;graphic-section-2&#8243;][vc_row][vc_column el_class=&#8221;graphic-caption&#8221; offset=&#8221;vc_col-md-6&#8243;][vc_custom_heading text=&#8221;Informes con datos fiables&#8221; use_theme_fonts=&#8221;yes&#8221;][vc_column_text el_class=&#8221;description description-1&#8243;]Gracias a la <strong>facilidad de uso<\/strong> de la plataforma todo queda registrado, sin desajustes, lo cual permite contar en cada momento con <strong>informes de datos<\/strong> fiables.[\/vc_column_text][vc_column_text el_class=&#8221;description description-2&#8243;]Woffu se puede integrar con otras plataformas y sistemas para tener <strong>toda la informaci\u00f3n en un solo lugar<\/strong>.<\/p>\n<p>A <strong>un solo clic de distancia y con varias opciones de personalizaci\u00f3n<\/strong>, todos los responsables de tu negocio pueden incrementar su eficiencia operativa y tomar decisiones basadas en datos reales.<\/p>\n<p>Adem\u00e1s, los informes que se generan facilitan el <strong>cumplimiento de requisitos legales y laborales<\/strong>, como la Ley de Registro de la Jornada, la contabilizaci\u00f3n de horas extras y la gesti\u00f3n de permisos remunerados.[\/vc_column_text][vc_btn title=&#8221;habla con nosotros&#8221; el_class=&#8221;btn btn-dark1&#8243; link=&#8221;url:%23graphics-form&#8221;][\/vc_column][vc_column offset=&#8221;vc_col-md-6&#8243;][vc_single_image image=&#8221;8805&#8243; img_size=&#8221;full&#8221; el_class=&#8221;graphic-legend&#8221;][vc_single_image image=&#8221;8789&#8243; img_size=&#8221;full&#8221;][\/vc_column][vc_column]<div class=\"card card-review  simple-review orange\" id=\"\">\r\n          <div class=\"card-body\">\r\n            <h2 class=\"card-title\"><\/h2>\r\n            <div class=\"card-text\"><p>Vimos la ley de control horario como una oportunidad para buscar una soluci\u00f3n moderna y completa preparada para <strong>mejorar nuestros procesos y que nos ayudase a ahorrar tiempo<\/strong> de HR, coordinadores y empleados.<\/p>\n<\/div>\r\n            <div class=\"card-author\">\r\n              <div class=\"img\"><\/div>\r\n              <div class=\"author\">\r\n                <div>\r\n                  <div>Silvia Hurtado Olivella<\/div>\r\n                  <div class=\"job\">HRBP Volkswagen Group Services<\/div>\r\n                <\/div>\r\n                <div class=\"logo\"><img decoding=\"async\" width=\"222\" height=\"24\" src=\"https:\/\/woffu.com\/wp-content\/uploads\/2023\/08\/logo-volkswagen.svg\" class=\"attachment-full size-full\" alt=\"\" \/><\/div>\r\n              <\/div>\r\n            <\/div>\r\n          <\/div>\r\n        <\/div>[\/vc_column][\/vc_row][\/vc_section][vc_section el_class=&#8221;graphic-section blue&#8221; el_id=&#8221;graphic-section-3&#8243;][vc_row][vc_column el_class=&#8221;graphic-caption&#8221; offset=&#8221;vc_col-md-6&#8243;][vc_custom_heading text=&#8221;Reducci\u00f3n incidencias y servicio de Soporte&#8221; use_theme_fonts=&#8221;yes&#8221;][vc_column_text el_class=&#8221;description description-1&#8243;]Automatizar procesos como horarios, c\u00e1lculo de horas y gesti\u00f3n de vacaciones permite <strong>reducir el n\u00famero de errores e incidencias<\/strong>, liberando a los profesionales de RRHH y responsables de equipos para enfocarse en tareas de valor estrat\u00e9gicas[\/vc_column_text][vc_column_text el_class=&#8221;description description-2&#8243;]Que el n\u00famero de incidencias sea 0, tambi\u00e9n es gracias a un <strong>acompa\u00f1amiento continuo y personalizado<\/strong> del servicio Postventa.<\/p>\n<ul>\n<li>Seguimiento peri\u00f3dico para que tus objetivos se cumplan<\/li>\n<li>Excelente Soporte humano siempre que lo necesites<\/li>\n<li>Cambio e implementaci\u00f3n \u00e1gil y sin fricciones<\/li>\n<\/ul>\n<p>[\/vc_column_text][\/vc_column][vc_column offset=&#8221;vc_col-md-6&#8243;][vc_single_image image=&#8221;8805&#8243; img_size=&#8221;full&#8221; el_class=&#8221;graphic-legend&#8221;][vc_single_image image=&#8221;8793&#8243; img_size=&#8221;full&#8221;][\/vc_column][vc_column]<div class=\"card card-review  simple-review\" id=\"\">\r\n          <div class=\"card-body\">\r\n            <h2 class=\"card-title\"><\/h2>\r\n            <div class=\"card-text\"><p>Woffu nos lo ha puesto f\u00e1cil. La app es lo m\u00e1s <strong>actual, moderno e intuitivo<\/strong> que hay.<\/p>\n<p>Nos da la tranquilidad de saber que todos nuestros empleados est\u00e1n fichando y registrando sus solicitudes. <strong>Todos auto gestionamos nuestro tiempo<\/strong>, sin sentirnos controlados, al contrario. Ganamos visibilidad sobre las horas trabajadas y sobre las vacaciones. <strong>Con un equipo de customer success y service de 10, para nosotros uno de los valores m\u00e1s importantes es la excelente post venta de Woffu.<\/strong><\/p>\n<\/div>\r\n            <div class=\"card-author\">\r\n              <div class=\"img\"><img decoding=\"async\" width=\"156\" height=\"168\" src=\"https:\/\/woffu.com\/wp-content\/uploads\/2021\/08\/testimonio-1-author.png\" class=\"attachment-full size-full\" alt=\"Carlos Alonso - Cliente satisfecho gesti\u00f3n del tiempo optimizada\" \/><\/div>\r\n              <div class=\"author\">\r\n                <div>\r\n                  <div>Carlos Alonso<\/div>\r\n                  <div class=\"job\">Human Resources en Eurofred<\/div>\r\n                <\/div>\r\n                <div class=\"logo\"><img decoding=\"async\" width=\"136\" height=\"38\" src=\"https:\/\/woffu.com\/wp-content\/uploads\/2021\/08\/logo-eurofred.svg\" class=\"attachment-full size-full\" alt=\"EUROFRED\" \/><\/div>\r\n              <\/div>\r\n            <\/div>\r\n          <\/div>\r\n        <\/div>[\/vc_column][\/vc_row][\/vc_section][vc_section el_class=&#8221;graphic-section violet1&#8243; el_id=&#8221;graphic-section-4&#8243;][vc_row][vc_column el_class=&#8221;graphic-caption&#8221; offset=&#8221;vc_col-md-6&#8243;][vc_custom_heading text=&#8221;Integraciones y especializaci\u00f3n&#8221; use_theme_fonts=&#8221;yes&#8221;][vc_column_text el_class=&#8221;description description-1&#8243;]Complementa tu ERP u otros dispositivos con Woffu. Woffu permite la <strong>integraci\u00f3n con los sistemas y herramientas<\/strong> de nuestros clientes a trav\u00e9s de API, contando con la asistencia de nuestro equipo de expertos.[\/vc_column_text][vc_column_text el_class=&#8221;description description-2&#8243;]De esta forma, gestionar\u00e1s el tiempo de tus empleados con el Software m\u00e1s especializado en <strong>Control Horario sin renunciar<\/strong> a tus herramientas actuales.<\/p>\n<ul>\n<li>Toda la presencia y ausencia integrada<\/li>\n<li>Todas las solicitudes en una misma plataforma<\/li>\n<li>Todos los datos del Registro Horario fiables y en tiempo real<\/li>\n<\/ul>\n<p>As\u00ed, las tareas administrativas relacionadas con la gesti\u00f3n del tiempo se simplifican y se automatizan, resultando en un <strong>ahorro de tiempo y recursos invertidos<\/strong> en tareas de Recursos Humanos.[\/vc_column_text][\/vc_column][vc_column offset=&#8221;vc_col-md-6&#8243;][vc_single_image image=&#8221;8805&#8243; img_size=&#8221;full&#8221; el_class=&#8221;graphic-legend&#8221;][vc_single_image image=&#8221;8797&#8243; img_size=&#8221;full&#8221;][\/vc_column][\/vc_row][\/vc_section][vc_section el_class=&#8221;graphic-section green&#8221; el_id=&#8221;graphic-section-5&#8243;][vc_row][vc_column el_class=&#8221;graphic-caption&#8221; offset=&#8221;vc_col-md-6&#8243;][vc_custom_heading text=&#8221;Seguridad y escalabilidad&#8221; use_theme_fonts=&#8221;yes&#8221;][vc_column_text el_class=&#8221;description description-1&#8243;]Sabemos que <strong>tu negocio cambia y crece<\/strong>. Por eso, a diferencia de otras soluciones, Woffu est\u00e1 dise\u00f1ada para adaptarse a tus necesidades en constante evoluci\u00f3n, garantizando <strong>eficiencia y agilidad a medida que avanzas<\/strong>.[\/vc_column_text][vc_column_text el_class=&#8221;description description-2&#8243;]Woffu es la \u00fanica herramienta de RRHH en el mercado espa\u00f1ol que dispone de <strong>3 certificados de seguridad ISO<\/strong>, siendo nuestra mayor prioridad que los datos almacenados en la plataforma tengan garant\u00eda de total confidencialidad.<\/p>\n<ul>\n<li>ISO\/IEC 27001<\/li>\n<li>ISO\/IEC 27018<\/li>\n<li>ISO\/IEC 27701<\/li>\n<\/ul>\n<p>[\/vc_column_text][vc_btn title=&#8221;solicita una demo&#8221; el_class=&#8221;btn btn-dark1&#8243; link=&#8221;url:%23graphics-form&#8221;][\/vc_column][vc_column offset=&#8221;vc_col-md-6&#8243;][vc_single_image image=&#8221;8805&#8243; img_size=&#8221;full&#8221; el_class=&#8221;graphic-legend&#8221;][vc_single_image image=&#8221;8801&#8243; img_size=&#8221;full&#8221;][\/vc_column][vc_column]<div class=\"card card-review  simple-review green\" id=\"\">\r\n          <div class=\"card-body\">\r\n            <h2 class=\"card-title\"><\/h2>\r\n            <div class=\"card-text\"><p>Nuestro departamento de HR ten\u00eda toda la responsabilidad pero muy poca visibilidad.<\/p>\n<p>Sobre la realidad de los equipos. Ahora cada equipo se autogestiona con total transparencia y visibilidad. <strong>Con Woffu cubrimos cada casu\u00edstica, cada convenio, horarios rotativos, ausencias, todo en un solo lugar. Realmente nos ha agilizado much\u00edsimo el trabajo en nuestro departamento de RRHH.<\/strong><\/p>\n<\/div>\r\n            <div class=\"card-author\">\r\n              <div class=\"img\"><img decoding=\"async\" width=\"174\" height=\"178\" src=\"https:\/\/woffu.com\/wp-content\/uploads\/2023\/08\/maria-villegas-green.png\" class=\"attachment-full size-full\" alt=\"\" \/><\/div>\r\n              <div class=\"author\">\r\n                <div>\r\n                  <div>Mar\u00eda Villegas<\/div>\r\n                  <div class=\"job\">T\u00e9cnico de Human Resources de UNIR<\/div>\r\n                <\/div>\r\n                <div class=\"logo\"><img decoding=\"async\" width=\"186\" height=\"42\" src=\"https:\/\/woffu.com\/wp-content\/uploads\/2021\/08\/logo-unir.svg\" class=\"attachment-full size-full\" alt=\"UNIR-LA UNIVERSIDAD DE INTERNET\" \/><\/div>\r\n              <\/div>\r\n            <\/div>\r\n          <\/div>\r\n        <\/div>[\/vc_column][\/vc_row][\/vc_section][vc_section el_class=&#8221;graphics-form-section&#8221; el_id=&#8221;graphics-form&#8221;][vc_row][vc_column el_class=&#8221;graphics-form-container&#8221;]<div class=\"pardot-iframe-container \"><iframe \n                id=\"\" \n                class=\"pardot-iframe\"\n                src=\"https:\/\/go.woffu.com\/l\/775343\/2025-12-05\/2st2svb?cta_text=Solicita%20una%20demo&#038;redirect_location=https:\/\/woffu.com\/es\/thank-you-demo\/&#038;theme=dark&#038;Conversion_Page=https%3A%2F%2Fwoffu.com%2Fes%2Fwp-json%2Fwp%2Fv2%2Fpages%2F8821%2F\" \n                width=\"455px\" \n                height=\"385px\"\n                frameborder=\"0\"\n                scrolling=\"no\">\n            <\/iframe><\/div>[\/vc_column][\/vc_row][\/vc_section]<\/p>\n<\/div>","protected":false},"excerpt":{"rendered":"<p>[vc_section el_class=&#8221;hero&#8221; el_id=&#8221;graphics-hero&#8221;][vc_row][vc_column][vc_custom_heading text=&#8221;Woffu es el software experto en gesti\u00f3n del tiempo de trabajo&#8221; font_container=&#8221;tag:h1|text_align:left&#8221; use_theme_fonts=&#8221;yes&#8221; css=&#8221;&#8221;][vc_column_text]Cuando se trata de [&hellip;]<\/p>\n","protected":false},"author":1,"featured_media":0,"parent":0,"menu_order":0,"comment_status":"closed","ping_status":"closed","template":"page-style1.php","meta":{"_acf_changed":false,"inline_featured_image":false,"footnotes":""},"class_list":["post-8821","page","type-page","status-publish","hentry"],"acf":[],"yoast_head":"<!-- This site is optimized with the Yoast SEO plugin v27.3 - https:\/\/yoast.com\/product\/yoast-seo-wordpress\/ -->\n<title>Compara Woffu, experto en gesti\u00f3n del tiempo de trabajo | Woffu<\/title>\n<meta name=\"description\" content=\"Compara soluciones y elige Woffu, gesti\u00f3n del tiempo de trabajo m\u00e1s f\u00e1cil con un software de recursos humanos pensado para facilitar el trabajo\" \/>\n<meta name=\"robots\" content=\"index, follow, max-snippet:-1, max-image-preview:large, max-video-preview:-1\" \/>\n<link rel=\"canonical\" href=\"https:\/\/woffu.com\/es\/compara-woffu\/\" \/>\n<meta property=\"og:locale\" content=\"es_ES\" \/>\n<meta property=\"og:type\" content=\"article\" \/>\n<meta property=\"og:title\" content=\"Compara Woffu, experto en gesti\u00f3n del tiempo de trabajo | Woffu\" \/>\n<meta property=\"og:description\" content=\"Compara soluciones y elige Woffu, gesti\u00f3n del tiempo de trabajo m\u00e1s f\u00e1cil con un software de recursos humanos pensado para facilitar el trabajo\" \/>\n<meta property=\"og:url\" content=\"https:\/\/woffu.com\/es\/compara-woffu\/\" \/>\n<meta property=\"og:site_name\" content=\"Woffu\" \/>\n<meta property=\"article:publisher\" content=\"https:\/\/www.facebook.com\/woffu\/\" \/>\n<meta property=\"article:modified_time\" content=\"2026-02-23T22:49:33+00:00\" \/>\n<meta property=\"og:image\" content=\"https:\/\/woffu.com\/wp-content\/uploads\/2025\/07\/woffu-logo-color-marketplace.webp\" \/>\n\t<meta property=\"og:image:width\" content=\"625\" \/>\n\t<meta property=\"og:image:height\" content=\"332\" \/>\n\t<meta property=\"og:image:type\" content=\"image\/webp\" \/>\n<meta name=\"twitter:card\" content=\"summary_large_image\" \/>\n<meta name=\"twitter:site\" content=\"@Woffu_App\" \/>\n<meta name=\"twitter:label1\" content=\"Tiempo de lectura\" \/>\n\t<meta name=\"twitter:data1\" content=\"8 minutos\" \/>\n<script type=\"application\/ld+json\" class=\"yoast-schema-graph\">{\"@context\":\"https:\\\/\\\/schema.org\",\"@graph\":[{\"@type\":\"WebPage\",\"@id\":\"https:\\\/\\\/woffu.com\\\/es\\\/compara-woffu\\\/\",\"url\":\"https:\\\/\\\/woffu.com\\\/es\\\/compara-woffu\\\/\",\"name\":\"Compara Woffu, experto en gesti\u00f3n del tiempo de trabajo | Woffu\",\"isPartOf\":{\"@id\":\"https:\\\/\\\/woffu.com\\\/es\\\/#website\"},\"datePublished\":\"2023-08-09T10:49:17+00:00\",\"dateModified\":\"2026-02-23T22:49:33+00:00\",\"description\":\"Compara soluciones y elige Woffu, gesti\u00f3n del tiempo de trabajo m\u00e1s f\u00e1cil con un software de recursos humanos pensado para facilitar el trabajo\",\"breadcrumb\":{\"@id\":\"https:\\\/\\\/woffu.com\\\/es\\\/compara-woffu\\\/#breadcrumb\"},\"inLanguage\":\"es\",\"potentialAction\":[{\"@type\":\"ReadAction\",\"target\":[\"https:\\\/\\\/woffu.com\\\/es\\\/compara-woffu\\\/\"]}]},{\"@type\":\"BreadcrumbList\",\"@id\":\"https:\\\/\\\/woffu.com\\\/es\\\/compara-woffu\\\/#breadcrumb\",\"itemListElement\":[{\"@type\":\"ListItem\",\"position\":1,\"name\":\"Portada\",\"item\":\"https:\\\/\\\/woffu.com\\\/es\\\/\"},{\"@type\":\"ListItem\",\"position\":2,\"name\":\"Woffu es el software experto en gesti\u00f3n del tiempo de trabajo\"}]},{\"@type\":\"WebSite\",\"@id\":\"https:\\\/\\\/woffu.com\\\/es\\\/#website\",\"url\":\"https:\\\/\\\/woffu.com\\\/es\\\/\",\"name\":\"Woffu\",\"description\":\"Woffu es una plataforma digital que facilita la gesti\u00f3n del tiempo laboral, control horario, vacaciones y ausencias, optimizando procesos de recursos humanos y asegurando el cumplimiento normativo en las empresas.\",\"publisher\":{\"@id\":\"https:\\\/\\\/woffu.com\\\/es\\\/#organization\"},\"alternateName\":\"Woffu\",\"potentialAction\":[{\"@type\":\"SearchAction\",\"target\":{\"@type\":\"EntryPoint\",\"urlTemplate\":\"https:\\\/\\\/woffu.com\\\/es\\\/?s={search_term_string}\"},\"query-input\":{\"@type\":\"PropertyValueSpecification\",\"valueRequired\":true,\"valueName\":\"search_term_string\"}}],\"inLanguage\":\"es\"},{\"@type\":\"Organization\",\"@id\":\"https:\\\/\\\/woffu.com\\\/es\\\/#organization\",\"name\":\"Woffu\",\"url\":\"https:\\\/\\\/woffu.com\\\/es\\\/\",\"logo\":{\"@type\":\"ImageObject\",\"inLanguage\":\"es\",\"@id\":\"https:\\\/\\\/woffu.com\\\/es\\\/#\\\/schema\\\/logo\\\/image\\\/\",\"url\":\"https:\\\/\\\/woffu.com\\\/wp-content\\\/uploads\\\/2021\\\/08\\\/logo-woffu-dark.svg\",\"contentUrl\":\"https:\\\/\\\/woffu.com\\\/wp-content\\\/uploads\\\/2021\\\/08\\\/logo-woffu-dark.svg\",\"width\":161,\"height\":38,\"caption\":\"Woffu\"},\"image\":{\"@id\":\"https:\\\/\\\/woffu.com\\\/es\\\/#\\\/schema\\\/logo\\\/image\\\/\"},\"sameAs\":[\"https:\\\/\\\/www.facebook.com\\\/woffu\\\/\",\"https:\\\/\\\/x.com\\\/Woffu_App\",\"https:\\\/\\\/www.instagram.com\\\/woffu\\\/\",\"https:\\\/\\\/www.linkedin.com\\\/company\\\/woffu\\\/\"],\"telephone\":\"+34 932059750\",\"address\":{\"@type\":\"PostalAddress\",\"streetAddress\":\"Carrer de Mexic, 8\",\"postalCode\":\"08004\",\"addressLocality\":\"Barcelona\",\"addressCountry\":\"ES\"},\"contactPoint\":[{\"@type\":\"ContactPoint\",\"contactType\":\"customer support\",\"telephone\":\"+34 932059750\",\"email\":\"help@woffu.com\",\"url\":\"https:\\\/\\\/woffu.com\\\/es\\\/contacto\\\/\",\"areaServed\":\"ES\",\"availableLanguage\":[\"es\",\"en\"],\"hoursAvailable\":[{\"@type\":\"OpeningHoursSpecification\",\"dayOfWeek\":[\"https:\\\/\\\/schema.org\\\/Monday\",\"https:\\\/\\\/schema.org\\\/Tuesday\",\"https:\\\/\\\/schema.org\\\/Wednesday\",\"https:\\\/\\\/schema.org\\\/Thursday\"],\"opens\":\"08:30\",\"closes\":\"19:00\"},{\"@type\":\"OpeningHoursSpecification\",\"dayOfWeek\":\"https:\\\/\\\/schema.org\\\/Friday\",\"opens\":\"08:30\",\"closes\":\"14:00\"}]},{\"@type\":\"ContactPoint\",\"contactType\":\"sales\",\"telephone\":\"+34 932059750\",\"email\":\"sales@woffu.com\",\"url\":\"https:\\\/\\\/woffu.com\\\/es\\\/demo\\\/\",\"areaServed\":\"ES\",\"availableLanguage\":[\"es\",\"en\"],\"hoursAvailable\":[{\"@type\":\"OpeningHoursSpecification\",\"dayOfWeek\":[\"https:\\\/\\\/schema.org\\\/Monday\",\"https:\\\/\\\/schema.org\\\/Tuesday\",\"https:\\\/\\\/schema.org\\\/Wednesday\",\"https:\\\/\\\/schema.org\\\/Thursday\"],\"opens\":\"08:30\",\"closes\":\"19:00\"},{\"@type\":\"OpeningHoursSpecification\",\"dayOfWeek\":\"https:\\\/\\\/schema.org\\\/Friday\",\"opens\":\"08:30\",\"closes\":\"14:00\"}]}]}]}<\/script>\n<!-- \/ Yoast SEO plugin. -->","yoast_head_json":{"title":"Compara Woffu, experto en gesti\u00f3n del tiempo de trabajo | Woffu","description":"Compara soluciones y elige Woffu, gesti\u00f3n del tiempo de trabajo m\u00e1s f\u00e1cil con un software de recursos humanos pensado para facilitar el trabajo","robots":{"index":"index","follow":"follow","max-snippet":"max-snippet:-1","max-image-preview":"max-image-preview:large","max-video-preview":"max-video-preview:-1"},"canonical":"https:\/\/woffu.com\/es\/compara-woffu\/","og_locale":"es_ES","og_type":"article","og_title":"Compara Woffu, experto en gesti\u00f3n del tiempo de trabajo | Woffu","og_description":"Compara soluciones y elige Woffu, gesti\u00f3n del tiempo de trabajo m\u00e1s f\u00e1cil con un software de recursos humanos pensado para facilitar el trabajo","og_url":"https:\/\/woffu.com\/es\/compara-woffu\/","og_site_name":"Woffu","article_publisher":"https:\/\/www.facebook.com\/woffu\/","article_modified_time":"2026-02-23T22:49:33+00:00","og_image":[{"width":625,"height":332,"url":"https:\/\/woffu.com\/wp-content\/uploads\/2025\/07\/woffu-logo-color-marketplace.webp","type":"image\/webp"}],"twitter_card":"summary_large_image","twitter_site":"@Woffu_App","twitter_misc":{"Tiempo de lectura":"8 minutos"},"schema":{"@context":"https:\/\/schema.org","@graph":[{"@type":"WebPage","@id":"https:\/\/woffu.com\/es\/compara-woffu\/","url":"https:\/\/woffu.com\/es\/compara-woffu\/","name":"Compara Woffu, experto en gesti\u00f3n del tiempo de trabajo | Woffu","isPartOf":{"@id":"https:\/\/woffu.com\/es\/#website"},"datePublished":"2023-08-09T10:49:17+00:00","dateModified":"2026-02-23T22:49:33+00:00","description":"Compara soluciones y elige Woffu, gesti\u00f3n del tiempo de trabajo m\u00e1s f\u00e1cil con un software de recursos humanos pensado para facilitar el trabajo","breadcrumb":{"@id":"https:\/\/woffu.com\/es\/compara-woffu\/#breadcrumb"},"inLanguage":"es","potentialAction":[{"@type":"ReadAction","target":["https:\/\/woffu.com\/es\/compara-woffu\/"]}]},{"@type":"BreadcrumbList","@id":"https:\/\/woffu.com\/es\/compara-woffu\/#breadcrumb","itemListElement":[{"@type":"ListItem","position":1,"name":"Portada","item":"https:\/\/woffu.com\/es\/"},{"@type":"ListItem","position":2,"name":"Woffu es el software experto en gesti\u00f3n del tiempo de trabajo"}]},{"@type":"WebSite","@id":"https:\/\/woffu.com\/es\/#website","url":"https:\/\/woffu.com\/es\/","name":"Woffu","description":"Woffu es una plataforma digital que facilita la gesti\u00f3n del tiempo laboral, control horario, vacaciones y ausencias, optimizando procesos de recursos humanos y asegurando el cumplimiento normativo en las empresas.","publisher":{"@id":"https:\/\/woffu.com\/es\/#organization"},"alternateName":"Woffu","potentialAction":[{"@type":"SearchAction","target":{"@type":"EntryPoint","urlTemplate":"https:\/\/woffu.com\/es\/?s={search_term_string}"},"query-input":{"@type":"PropertyValueSpecification","valueRequired":true,"valueName":"search_term_string"}}],"inLanguage":"es"},{"@type":"Organization","@id":"https:\/\/woffu.com\/es\/#organization","name":"Woffu","url":"https:\/\/woffu.com\/es\/","logo":{"@type":"ImageObject","inLanguage":"es","@id":"https:\/\/woffu.com\/es\/#\/schema\/logo\/image\/","url":"https:\/\/woffu.com\/wp-content\/uploads\/2021\/08\/logo-woffu-dark.svg","contentUrl":"https:\/\/woffu.com\/wp-content\/uploads\/2021\/08\/logo-woffu-dark.svg","width":161,"height":38,"caption":"Woffu"},"image":{"@id":"https:\/\/woffu.com\/es\/#\/schema\/logo\/image\/"},"sameAs":["https:\/\/www.facebook.com\/woffu\/","https:\/\/x.com\/Woffu_App","https:\/\/www.instagram.com\/woffu\/","https:\/\/www.linkedin.com\/company\/woffu\/"],"telephone":"+34 932059750","address":{"@type":"PostalAddress","streetAddress":"Carrer de Mexic, 8","postalCode":"08004","addressLocality":"Barcelona","addressCountry":"ES"},"contactPoint":[{"@type":"ContactPoint","contactType":"customer support","telephone":"+34 932059750","email":"help@woffu.com","url":"https:\/\/woffu.com\/es\/contacto\/","areaServed":"ES","availableLanguage":["es","en"],"hoursAvailable":[{"@type":"OpeningHoursSpecification","dayOfWeek":["https:\/\/schema.org\/Monday","https:\/\/schema.org\/Tuesday","https:\/\/schema.org\/Wednesday","https:\/\/schema.org\/Thursday"],"opens":"08:30","closes":"19:00"},{"@type":"OpeningHoursSpecification","dayOfWeek":"https:\/\/schema.org\/Friday","opens":"08:30","closes":"14:00"}]},{"@type":"ContactPoint","contactType":"sales","telephone":"+34 932059750","email":"sales@woffu.com","url":"https:\/\/woffu.com\/es\/demo\/","areaServed":"ES","availableLanguage":["es","en"],"hoursAvailable":[{"@type":"OpeningHoursSpecification","dayOfWeek":["https:\/\/schema.org\/Monday","https:\/\/schema.org\/Tuesday","https:\/\/schema.org\/Wednesday","https:\/\/schema.org\/Thursday"],"opens":"08:30","closes":"19:00"},{"@type":"OpeningHoursSpecification","dayOfWeek":"https:\/\/schema.org\/Friday","opens":"08:30","closes":"14:00"}]}]}]}},"_links":{"self":[{"href":"https:\/\/woffu.com\/es\/wp-json\/wp\/v2\/pages\/8821","targetHints":{"allow":["GET"]}}],"collection":[{"href":"https:\/\/woffu.com\/es\/wp-json\/wp\/v2\/pages"}],"about":[{"href":"https:\/\/woffu.com\/es\/wp-json\/wp\/v2\/types\/page"}],"author":[{"embeddable":true,"href":"https:\/\/woffu.com\/es\/wp-json\/wp\/v2\/users\/1"}],"replies":[{"embeddable":true,"href":"https:\/\/woffu.com\/es\/wp-json\/wp\/v2\/comments?post=8821"}],"version-history":[{"count":7,"href":"https:\/\/woffu.com\/es\/wp-json\/wp\/v2\/pages\/8821\/revisions"}],"predecessor-version":[{"id":14337,"href":"https:\/\/woffu.com\/es\/wp-json\/wp\/v2\/pages\/8821\/revisions\/14337"}],"wp:attachment":[{"href":"https:\/\/woffu.com\/es\/wp-json\/wp\/v2\/media?parent=8821"}],"curies":[{"name":"wp","href":"https:\/\/api.w.org\/{rel}","templated":true}]}}