{"id":7656,"date":"2023-02-01T12:21:24","date_gmt":"2023-02-01T11:21:24","guid":{"rendered":"https:\/\/woffu.com\/thank-you-pricing-copy\/"},"modified":"2025-06-18T16:43:11","modified_gmt":"2025-06-18T14:43:11","slug":"thank-you-linkedin","status":"publish","type":"page","link":"https:\/\/woffu.com\/es\/thank-you-linkedin\/","title":{"rendered":"\u00a1Gracias!"},"content":{"rendered":"<div class=\"wpb-content-wrapper\"><p>[vc_section el_class=&#8221;hero hero-simple&#8221;][vc_row][vc_column][vc_column_text css=&#8221;&#8221;]<\/p>\n<h1>\u00a1Gracias por tu inter\u00e9s!<\/h1>\n<p>Hemos recibido tu solicitud de informaci\u00f3n.<br \/>\nEn breve nos pondremos en contacto contigo.[\/vc_column_text][\/vc_column][\/vc_row][\/vc_section][vc_section el_class=&#8221;thankyou-main-section&#8221;][vc_row el_class=&#8221;thankyou-main-row&#8221;][vc_column width=&#8221;1\/2&#8243; el_class=&#8221;thankyou-items-container&#8221;][vc_column_text css=&#8221;&#8221;]<\/p>\n<h2>Ya est\u00e1s un poco m\u00e1s cerca de mejorar la gesti\u00f3n del tiempo en tu empresa:<\/h2>\n<p>[\/vc_column_text]<div class=\"icon-item  thankyou-item\" id=\"\">\r\n          <div class=\"icon-image\"><img decoding=\"async\" width=\"43\" height=\"43\" src=\"https:\/\/woffu.com\/wp-content\/uploads\/2025\/05\/icon-normativa.svg\" class=\"attachment-full size-full\" alt=\"\" \/><\/div>\r\n          <div class=\"icon-title\">Cumplir con la normativa de control horario sin complicaciones.<\/div>\r\n        <\/div><div class=\"icon-item  thankyou-item\" id=\"\">\r\n          <div class=\"icon-image\"><img decoding=\"async\" width=\"43\" height=\"43\" src=\"https:\/\/woffu.com\/wp-content\/uploads\/2025\/05\/icon-visibilidad.svg\" class=\"attachment-full size-full\" alt=\"\" \/><\/div>\r\n          <div class=\"icon-title\">Ganar visibilidad en tiempo real sobre las ausencias y vacaciones.<\/div>\r\n        <\/div><div class=\"icon-item  thankyou-item\" id=\"\">\r\n          <div class=\"icon-image\"><img decoding=\"async\" width=\"43\" height=\"43\" src=\"https:\/\/woffu.com\/wp-content\/uploads\/2025\/05\/icon-tareas.svg\" class=\"attachment-full size-full\" alt=\"\" \/><\/div>\r\n          <div class=\"icon-title\">Reducir las tareas administrativas del departamento de RRHH.<\/div>\r\n        <\/div><div class=\"icon-item  thankyou-item\" id=\"\">\r\n          <div class=\"icon-image\"><img decoding=\"async\" width=\"43\" height=\"43\" src=\"https:\/\/woffu.com\/wp-content\/uploads\/2025\/05\/icon-flujo.svg\" class=\"attachment-full size-full\" alt=\"\" \/><\/div>\r\n          <div class=\"icon-title\">Automatizar flujos de fichaje, solicitud de ausencias y excesos de jornada.<\/div>\r\n        <\/div><div class=\"icon-item  thankyou-item\" id=\"\">\r\n          <div class=\"icon-image\"><img decoding=\"async\" width=\"43\" height=\"43\" src=\"https:\/\/woffu.com\/wp-content\/uploads\/2025\/05\/icon-digital.svg\" class=\"attachment-full size-full\" alt=\"\" \/><\/div>\r\n          <div class=\"icon-title\">Ofrecer una experiencia digital m\u00e1s \u00e1gil a tus equipos.<\/div>\r\n        <\/div>[\/vc_column][vc_column width=&#8221;1\/2&#8243; el_class=&#8221;thankyou-video-container&#8221;][vc_column_text css=&#8221;&#8221;]<\/p>\n<h2>Mientras esperas:<\/h2>\n<p>Puedes ver este v\u00eddeo de 2 minutos para conocer Woffu un poco m\u00e1s.[\/vc_column_text]<div class=\"woffu-video\" id=\"\">\r\n                    <div class=\"picture\"><img decoding=\"async\" width=\"1168\" height=\"714\" src=\"https:\/\/woffu.com\/wp-content\/uploads\/2025\/05\/thankyou-video.png\" class=\"attachment-full size-full\" alt=\"\" srcset=\"https:\/\/woffu.com\/wp-content\/uploads\/2025\/05\/thankyou-video.png 1168w, https:\/\/woffu.com\/wp-content\/uploads\/2025\/05\/thankyou-video-300x183.png 300w, https:\/\/woffu.com\/wp-content\/uploads\/2025\/05\/thankyou-video-1024x626.png 1024w, https:\/\/woffu.com\/wp-content\/uploads\/2025\/05\/thankyou-video-768x469.png 768w\" sizes=\"(max-width: 1168px) 100vw, 1168px\" \/><\/div>\r\n                    <div class=\"description\"><\/div><a class=\"btn-play\" href=\"https:\/\/www.youtube.com\/watch?v=4l4it1agIIk\" data-remote=\"https:\/\/www.youtube.com\/watch?v=4l4it1agIIk\" data-toggle=\"lightbox\"><\/a>\r\n                  <\/div>[\/vc_column][\/vc_row][\/vc_section][vc_section el_class=&#8221;features-logos thankyou-logos-section&#8221;][vc_row][vc_column][vc_column_text css=&#8221;&#8221; el_class=&#8221;features-logos-caption&#8221;]M\u00e1s de 3.000 clientes de todos los sectores conf\u00edan en Woffu para gestionar su Pol\u00edtica Horaria[\/vc_column_text]<div class=\"imagelist-container  features-logos-imagelist\" id=\"\">\r\n                    <ul class=\"imagelist\">\r\n                      <li><img decoding=\"async\" src=\"https:\/\/woffu.com\/wp-content\/uploads\/2025\/05\/logo-unir.svg\" alt=\"\" \/><\/li><li><img decoding=\"async\" src=\"https:\/\/woffu.com\/wp-content\/uploads\/2025\/05\/logo-isdin.svg\" alt=\"\" \/><\/li><li><img decoding=\"async\" src=\"https:\/\/woffu.com\/wp-content\/uploads\/2025\/05\/logo-ferrero.svg\" alt=\"\" \/><\/li><li><img decoding=\"async\" src=\"https:\/\/woffu.com\/wp-content\/uploads\/2025\/06\/logo-engels-volkers.svg\" alt=\"\" \/><\/li><li><img decoding=\"async\" src=\"https:\/\/woffu.com\/wp-content\/uploads\/2025\/05\/logo-prisa.svg\" alt=\"\" \/><\/li><li><img decoding=\"async\" src=\"https:\/\/woffu.com\/wp-content\/uploads\/2025\/05\/logo-maersk.svg\" alt=\"\" \/><\/li><li><img decoding=\"async\" src=\"https:\/\/woffu.com\/wp-content\/uploads\/2025\/05\/logo-volvo.svg\" alt=\"\" \/><\/li>\r\n                    <\/ul>\r\n                <\/div>[\/vc_column][\/vc_row][\/vc_section][vc_section el_class=&#8221;thankyou-reviews-section&#8221;][vc_row][vc_column]<div class=\"card card-review-new lightblue\" id=\"\">\r\n          <div class=\"card-body\">\r\n            <div class=\"card-text\"><p>\u201cCon Woffu cubrimos cada casu\u00edstica, cada convenio, horarios rotativos, ausencias, todo en un solo lugar. <strong>Realmente nos ha agilizado much\u00edsimo nuestro trabajo.<\/strong>\u201d<\/p>\n<\/div>\r\n            <div class=\"card-author\">\r\n              <div class=\"img\"><img decoding=\"async\" width=\"137\" height=\"136\" src=\"https:\/\/woffu.com\/wp-content\/uploads\/2025\/05\/maria-villegas.png\" class=\"attachment-full size-full\" alt=\"\" srcset=\"https:\/\/woffu.com\/wp-content\/uploads\/2025\/05\/maria-villegas.png 137w, https:\/\/woffu.com\/wp-content\/uploads\/2025\/05\/maria-villegas-100x100.png 100w\" sizes=\"(max-width: 137px) 100vw, 137px\" \/><\/div>\r\n              <div class=\"author\">\r\n                <div>\r\n                  <div>Mar\u00eda Villegas<\/div>\r\n                  <div class=\"job\">T\u00e9cnico de Human Resources de UNIR<\/div>\r\n                <\/div>\r\n                <div class=\"logo\"><img decoding=\"async\" width=\"186\" height=\"42\" src=\"https:\/\/woffu.com\/wp-content\/uploads\/2021\/08\/logo-unir.svg\" class=\"attachment- size-\" alt=\"UNIR-LA UNIVERSIDAD DE INTERNET\" \/><\/div>\r\n              <\/div>\r\n            <\/div>\r\n          <\/div>\r\n        <\/div>[\/vc_column][\/vc_row][\/vc_section]<\/p>\n<\/div>","protected":false},"excerpt":{"rendered":"<p>[vc_section el_class=&#8221;hero hero-simple&#8221;][vc_row][vc_column][vc_column_text css=&#8221;&#8221;] \u00a1Gracias por tu inter\u00e9s! Hemos recibido tu solicitud de informaci\u00f3n. En breve nos pondremos en contacto [&hellip;]<\/p>\n","protected":false},"author":1,"featured_media":0,"parent":0,"menu_order":0,"comment_status":"closed","ping_status":"closed","template":"page-new.php","meta":{"_acf_changed":false,"inline_featured_image":false,"footnotes":""},"class_list":["post-7656","page","type-page","status-publish","hentry"],"acf":[],"yoast_head":"<!-- This site is optimized with the Yoast SEO plugin v27.3 - https:\/\/yoast.com\/product\/yoast-seo-wordpress\/ -->\n<title>\u00a1Gracias! - Woffu<\/title>\n<meta name=\"robots\" content=\"noindex, follow\" \/>\n<meta property=\"og:locale\" content=\"es_ES\" \/>\n<meta property=\"og:type\" content=\"article\" \/>\n<meta property=\"og:title\" content=\"\u00a1Gracias! - Woffu\" \/>\n<meta property=\"og:description\" content=\"[vc_section el_class=&#8221;hero hero-simple&#8221;][vc_row][vc_column][vc_column_text css=&#8221;&#8221;] \u00a1Gracias por tu inter\u00e9s! Hemos recibido tu solicitud de informaci\u00f3n. En breve nos pondremos en contacto [&hellip;]\" \/>\n<meta property=\"og:url\" content=\"https:\/\/woffu.com\/es\/thank-you-linkedin\/\" \/>\n<meta property=\"og:site_name\" content=\"Woffu\" \/>\n<meta property=\"article:publisher\" content=\"https:\/\/www.facebook.com\/woffu\/\" \/>\n<meta property=\"article:modified_time\" content=\"2025-06-18T14:43:11+00:00\" \/>\n<meta property=\"og:image\" content=\"https:\/\/woffu.com\/wp-content\/uploads\/2025\/07\/woffu-logo-color-marketplace.webp\" \/>\n\t<meta property=\"og:image:width\" content=\"625\" \/>\n\t<meta property=\"og:image:height\" content=\"332\" \/>\n\t<meta property=\"og:image:type\" content=\"image\/webp\" \/>\n<meta name=\"twitter:card\" content=\"summary_large_image\" \/>\n<meta name=\"twitter:site\" content=\"@Woffu_App\" \/>\n<meta name=\"twitter:label1\" content=\"Tiempo de lectura\" \/>\n\t<meta name=\"twitter:data1\" content=\"1 minuto\" \/>\n<script type=\"application\/ld+json\" class=\"yoast-schema-graph\">{\"@context\":\"https:\\\/\\\/schema.org\",\"@graph\":[{\"@type\":\"WebPage\",\"@id\":\"https:\\\/\\\/woffu.com\\\/es\\\/thank-you-linkedin\\\/\",\"url\":\"https:\\\/\\\/woffu.com\\\/es\\\/thank-you-linkedin\\\/\",\"name\":\"\u00a1Gracias! - Woffu\",\"isPartOf\":{\"@id\":\"https:\\\/\\\/woffu.com\\\/es\\\/#website\"},\"datePublished\":\"2023-02-01T11:21:24+00:00\",\"dateModified\":\"2025-06-18T14:43:11+00:00\",\"breadcrumb\":{\"@id\":\"https:\\\/\\\/woffu.com\\\/es\\\/thank-you-linkedin\\\/#breadcrumb\"},\"inLanguage\":\"es\",\"potentialAction\":[{\"@type\":\"ReadAction\",\"target\":[\"https:\\\/\\\/woffu.com\\\/es\\\/thank-you-linkedin\\\/\"]}]},{\"@type\":\"BreadcrumbList\",\"@id\":\"https:\\\/\\\/woffu.com\\\/es\\\/thank-you-linkedin\\\/#breadcrumb\",\"itemListElement\":[{\"@type\":\"ListItem\",\"position\":1,\"name\":\"Portada\",\"item\":\"https:\\\/\\\/woffu.com\\\/es\\\/\"},{\"@type\":\"ListItem\",\"position\":2,\"name\":\"\u00a1Gracias!\"}]},{\"@type\":\"WebSite\",\"@id\":\"https:\\\/\\\/woffu.com\\\/es\\\/#website\",\"url\":\"https:\\\/\\\/woffu.com\\\/es\\\/\",\"name\":\"Woffu\",\"description\":\"Woffu es una plataforma digital que facilita la gesti\u00f3n del tiempo laboral, control horario, vacaciones y ausencias, optimizando procesos de recursos humanos y asegurando el cumplimiento normativo en las empresas.\",\"publisher\":{\"@id\":\"https:\\\/\\\/woffu.com\\\/es\\\/#organization\"},\"alternateName\":\"Woffu\",\"potentialAction\":[{\"@type\":\"SearchAction\",\"target\":{\"@type\":\"EntryPoint\",\"urlTemplate\":\"https:\\\/\\\/woffu.com\\\/es\\\/?s={search_term_string}\"},\"query-input\":{\"@type\":\"PropertyValueSpecification\",\"valueRequired\":true,\"valueName\":\"search_term_string\"}}],\"inLanguage\":\"es\"},{\"@type\":\"Organization\",\"@id\":\"https:\\\/\\\/woffu.com\\\/es\\\/#organization\",\"name\":\"Woffu\",\"url\":\"https:\\\/\\\/woffu.com\\\/es\\\/\",\"logo\":{\"@type\":\"ImageObject\",\"inLanguage\":\"es\",\"@id\":\"https:\\\/\\\/woffu.com\\\/es\\\/#\\\/schema\\\/logo\\\/image\\\/\",\"url\":\"https:\\\/\\\/woffu.com\\\/wp-content\\\/uploads\\\/2021\\\/08\\\/logo-woffu-dark.svg\",\"contentUrl\":\"https:\\\/\\\/woffu.com\\\/wp-content\\\/uploads\\\/2021\\\/08\\\/logo-woffu-dark.svg\",\"width\":161,\"height\":38,\"caption\":\"Woffu\"},\"image\":{\"@id\":\"https:\\\/\\\/woffu.com\\\/es\\\/#\\\/schema\\\/logo\\\/image\\\/\"},\"sameAs\":[\"https:\\\/\\\/www.facebook.com\\\/woffu\\\/\",\"https:\\\/\\\/x.com\\\/Woffu_App\",\"https:\\\/\\\/www.instagram.com\\\/woffu\\\/\",\"https:\\\/\\\/www.linkedin.com\\\/company\\\/woffu\\\/\"],\"telephone\":\"+34 932059750\",\"address\":{\"@type\":\"PostalAddress\",\"streetAddress\":\"Carrer de Mexic, 8\",\"postalCode\":\"08004\",\"addressLocality\":\"Barcelona\",\"addressCountry\":\"ES\"},\"contactPoint\":[{\"@type\":\"ContactPoint\",\"contactType\":\"customer support\",\"telephone\":\"+34 932059750\",\"email\":\"help@woffu.com\",\"url\":\"https:\\\/\\\/woffu.com\\\/es\\\/contacto\\\/\",\"areaServed\":\"ES\",\"availableLanguage\":[\"es\",\"en\"],\"hoursAvailable\":[{\"@type\":\"OpeningHoursSpecification\",\"dayOfWeek\":[\"https:\\\/\\\/schema.org\\\/Monday\",\"https:\\\/\\\/schema.org\\\/Tuesday\",\"https:\\\/\\\/schema.org\\\/Wednesday\",\"https:\\\/\\\/schema.org\\\/Thursday\"],\"opens\":\"08:30\",\"closes\":\"19:00\"},{\"@type\":\"OpeningHoursSpecification\",\"dayOfWeek\":\"https:\\\/\\\/schema.org\\\/Friday\",\"opens\":\"08:30\",\"closes\":\"14:00\"}]},{\"@type\":\"ContactPoint\",\"contactType\":\"sales\",\"telephone\":\"+34 932059750\",\"email\":\"sales@woffu.com\",\"url\":\"https:\\\/\\\/woffu.com\\\/es\\\/demo\\\/\",\"areaServed\":\"ES\",\"availableLanguage\":[\"es\",\"en\"],\"hoursAvailable\":[{\"@type\":\"OpeningHoursSpecification\",\"dayOfWeek\":[\"https:\\\/\\\/schema.org\\\/Monday\",\"https:\\\/\\\/schema.org\\\/Tuesday\",\"https:\\\/\\\/schema.org\\\/Wednesday\",\"https:\\\/\\\/schema.org\\\/Thursday\"],\"opens\":\"08:30\",\"closes\":\"19:00\"},{\"@type\":\"OpeningHoursSpecification\",\"dayOfWeek\":\"https:\\\/\\\/schema.org\\\/Friday\",\"opens\":\"08:30\",\"closes\":\"14:00\"}]}]}]}<\/script>\n<!-- \/ Yoast SEO plugin. -->","yoast_head_json":{"title":"\u00a1Gracias! - Woffu","robots":{"index":"noindex","follow":"follow"},"og_locale":"es_ES","og_type":"article","og_title":"\u00a1Gracias! - Woffu","og_description":"[vc_section el_class=&#8221;hero hero-simple&#8221;][vc_row][vc_column][vc_column_text css=&#8221;&#8221;] \u00a1Gracias por tu inter\u00e9s! Hemos recibido tu solicitud de informaci\u00f3n. En breve nos pondremos en contacto [&hellip;]","og_url":"https:\/\/woffu.com\/es\/thank-you-linkedin\/","og_site_name":"Woffu","article_publisher":"https:\/\/www.facebook.com\/woffu\/","article_modified_time":"2025-06-18T14:43:11+00:00","og_image":[{"width":625,"height":332,"url":"https:\/\/woffu.com\/wp-content\/uploads\/2025\/07\/woffu-logo-color-marketplace.webp","type":"image\/webp"}],"twitter_card":"summary_large_image","twitter_site":"@Woffu_App","twitter_misc":{"Tiempo de lectura":"1 minuto"},"schema":{"@context":"https:\/\/schema.org","@graph":[{"@type":"WebPage","@id":"https:\/\/woffu.com\/es\/thank-you-linkedin\/","url":"https:\/\/woffu.com\/es\/thank-you-linkedin\/","name":"\u00a1Gracias! - Woffu","isPartOf":{"@id":"https:\/\/woffu.com\/es\/#website"},"datePublished":"2023-02-01T11:21:24+00:00","dateModified":"2025-06-18T14:43:11+00:00","breadcrumb":{"@id":"https:\/\/woffu.com\/es\/thank-you-linkedin\/#breadcrumb"},"inLanguage":"es","potentialAction":[{"@type":"ReadAction","target":["https:\/\/woffu.com\/es\/thank-you-linkedin\/"]}]},{"@type":"BreadcrumbList","@id":"https:\/\/woffu.com\/es\/thank-you-linkedin\/#breadcrumb","itemListElement":[{"@type":"ListItem","position":1,"name":"Portada","item":"https:\/\/woffu.com\/es\/"},{"@type":"ListItem","position":2,"name":"\u00a1Gracias!"}]},{"@type":"WebSite","@id":"https:\/\/woffu.com\/es\/#website","url":"https:\/\/woffu.com\/es\/","name":"Woffu","description":"Woffu es una plataforma digital que facilita la gesti\u00f3n del tiempo laboral, control horario, vacaciones y ausencias, optimizando procesos de recursos humanos y asegurando el cumplimiento normativo en las empresas.","publisher":{"@id":"https:\/\/woffu.com\/es\/#organization"},"alternateName":"Woffu","potentialAction":[{"@type":"SearchAction","target":{"@type":"EntryPoint","urlTemplate":"https:\/\/woffu.com\/es\/?s={search_term_string}"},"query-input":{"@type":"PropertyValueSpecification","valueRequired":true,"valueName":"search_term_string"}}],"inLanguage":"es"},{"@type":"Organization","@id":"https:\/\/woffu.com\/es\/#organization","name":"Woffu","url":"https:\/\/woffu.com\/es\/","logo":{"@type":"ImageObject","inLanguage":"es","@id":"https:\/\/woffu.com\/es\/#\/schema\/logo\/image\/","url":"https:\/\/woffu.com\/wp-content\/uploads\/2021\/08\/logo-woffu-dark.svg","contentUrl":"https:\/\/woffu.com\/wp-content\/uploads\/2021\/08\/logo-woffu-dark.svg","width":161,"height":38,"caption":"Woffu"},"image":{"@id":"https:\/\/woffu.com\/es\/#\/schema\/logo\/image\/"},"sameAs":["https:\/\/www.facebook.com\/woffu\/","https:\/\/x.com\/Woffu_App","https:\/\/www.instagram.com\/woffu\/","https:\/\/www.linkedin.com\/company\/woffu\/"],"telephone":"+34 932059750","address":{"@type":"PostalAddress","streetAddress":"Carrer de Mexic, 8","postalCode":"08004","addressLocality":"Barcelona","addressCountry":"ES"},"contactPoint":[{"@type":"ContactPoint","contactType":"customer support","telephone":"+34 932059750","email":"help@woffu.com","url":"https:\/\/woffu.com\/es\/contacto\/","areaServed":"ES","availableLanguage":["es","en"],"hoursAvailable":[{"@type":"OpeningHoursSpecification","dayOfWeek":["https:\/\/schema.org\/Monday","https:\/\/schema.org\/Tuesday","https:\/\/schema.org\/Wednesday","https:\/\/schema.org\/Thursday"],"opens":"08:30","closes":"19:00"},{"@type":"OpeningHoursSpecification","dayOfWeek":"https:\/\/schema.org\/Friday","opens":"08:30","closes":"14:00"}]},{"@type":"ContactPoint","contactType":"sales","telephone":"+34 932059750","email":"sales@woffu.com","url":"https:\/\/woffu.com\/es\/demo\/","areaServed":"ES","availableLanguage":["es","en"],"hoursAvailable":[{"@type":"OpeningHoursSpecification","dayOfWeek":["https:\/\/schema.org\/Monday","https:\/\/schema.org\/Tuesday","https:\/\/schema.org\/Wednesday","https:\/\/schema.org\/Thursday"],"opens":"08:30","closes":"19:00"},{"@type":"OpeningHoursSpecification","dayOfWeek":"https:\/\/schema.org\/Friday","opens":"08:30","closes":"14:00"}]}]}]}},"_links":{"self":[{"href":"https:\/\/woffu.com\/es\/wp-json\/wp\/v2\/pages\/7656","targetHints":{"allow":["GET"]}}],"collection":[{"href":"https:\/\/woffu.com\/es\/wp-json\/wp\/v2\/pages"}],"about":[{"href":"https:\/\/woffu.com\/es\/wp-json\/wp\/v2\/types\/page"}],"author":[{"embeddable":true,"href":"https:\/\/woffu.com\/es\/wp-json\/wp\/v2\/users\/1"}],"replies":[{"embeddable":true,"href":"https:\/\/woffu.com\/es\/wp-json\/wp\/v2\/comments?post=7656"}],"version-history":[{"count":3,"href":"https:\/\/woffu.com\/es\/wp-json\/wp\/v2\/pages\/7656\/revisions"}],"predecessor-version":[{"id":11441,"href":"https:\/\/woffu.com\/es\/wp-json\/wp\/v2\/pages\/7656\/revisions\/11441"}],"wp:attachment":[{"href":"https:\/\/woffu.com\/es\/wp-json\/wp\/v2\/media?parent=7656"}],"curies":[{"name":"wp","href":"https:\/\/api.w.org\/{rel}","templated":true}]}}