{"id":6812,"date":"2022-05-09T19:47:10","date_gmt":"2022-05-09T17:47:10","guid":{"rendered":"https:\/\/woffu.com\/?page_id=6812"},"modified":"2025-11-18T09:29:15","modified_gmt":"2025-11-18T08:29:15","slug":"politica-de-seguridad","status":"publish","type":"page","link":"https:\/\/woffu.com\/es\/politica-de-seguridad\/","title":{"rendered":"Pol\u00edtica de seguridad"},"content":{"rendered":"<div class=\"wpb-content-wrapper\"><p>[vc_row el_class=&#8221;legal-page&#8221; css=&#8221;.vc_custom_1652117793510{padding-bottom: 3rem !important;}&#8221;][vc_column][vc_column_text css=&#8221;&#8221;]<strong>Pol\u00edtica de Seguridad de la Informaci\u00f3n<\/strong><\/p>\n<p><strong>1. Aprobaci\u00f3n y entrada en vigor<\/strong><\/p>\n<p>18 de noviembre de 2025<\/p>\n<p><strong>2. Nuestra misi\u00f3n<\/strong><\/p>\n<p>Digitalizar eficientemente las pol\u00edticas de gesti\u00f3n del tiempo adapt\u00e1ndolas a la realidad actual con el fin de mejorar la relaci\u00f3n entre empleado y empleador.<\/p>\n<p><strong>3. Objetivo y Alcance<\/strong><\/p>\n<p>El objetivo principal de la presente pol\u00edtica es tener una Pol\u00edtica de Seguridad de la Informaci\u00f3n de alto nivel con las reglas b\u00e1sicas para la gesti\u00f3n de la seguridad de la informaci\u00f3n para ofrecer un servicio seguro donde el acceso a la informaci\u00f3n es exclusiva para las personas autorizadas, la informaci\u00f3n es \u00edntegra sin manipulaciones y est\u00e1 disponible en todo momento para las personas autorizadas.<\/p>\n<p>As\u00ed mismo esta pol\u00edtica de seguridad est\u00e1 disponible para todos nuestros clientes, personal de Woffu, colaboradores y proveedores con los que trabajamos conjuntamente para que puedan estar informados sobre la seguridad de Woffu e involucrarse en la mejora continua de nuestro sistema de gesti\u00f3n de seguridad y privacidad de la informaci\u00f3n.<\/p>\n<p>Esta pol\u00edtica es aplicable a todos los miembros de la organizaci\u00f3n y a todas las funcionalidades de nuestro SaaS (Software as a Service) Woffu.<\/p>\n<p><strong>Funcionalidades de Woffu<\/strong><\/p>\n<ul>\n<li>Vacaciones y ausencias<\/li>\n<li>Control de Presencia<\/li>\n<li>Turnos<\/li>\n<li>Comunicaci\u00f3n interna<\/li>\n<li>Documentos<\/li>\n<li>Informes<\/li>\n<li>Canal de denuncias<\/li>\n<\/ul>\n<p>Todos nuestros proveedores deben cumplir con nuestras pol\u00edticas y procedimientos de seguridad de la informaci\u00f3n de acuerdo al servicio prestado.<\/p>\n<p><strong>4. Requerimientos de seguridad<\/strong><\/p>\n<ul>\n<li>Incorporar medidas de seguridad s\u00f3lidas, incluida la seguridad de la red, la seguridad de los puntos finales, el control de acceso, la gesti\u00f3n de vulnerabilidades y el cifrado.<\/li>\n<li>Mantener un proceso de gesti\u00f3n de proveedores que garantice la seguridad de los activos de informaci\u00f3n.<\/li>\n<li>Adherirse a un enfoque de &#8220;Seguridad por dise\u00f1o y por defecto&#8221; mediante la integraci\u00f3n de medidas de seguridad en cada etapa del ciclo de vida de desarrollo de sus productos.<\/li>\n<li>Mantener un plan de continuidad empresarial.<\/li>\n<li>Garantizar la seguridad suficiente durante todo el ciclo de vida de un empleado, incluidos los requisitos previos al empleo, los requisitos de seguridad durante el empleo y despu\u00e9s de la finalizaci\u00f3n del empleo.<\/li>\n<li>Mantener un inventario de informaci\u00f3n y otros activos relacionados con la seguridad.<\/li>\n<li>Establecer objetivos de seguridad anualmente desde la direcci\u00f3n.<\/li>\n<li>Adherirse en todo momento al principio del m\u00ednimo privilegio para el acceso a los activos de informaci\u00f3n.<\/li>\n<li>Las ubicaciones de Woffu deben estar protegidas en funci\u00f3n del perfil de riesgo de la ubicaci\u00f3n, el \u00e1rea y los activos, para minimizar el acceso no autorizado y garantizar la seguridad tanto de los empleados como de los activos de la empresa.<\/li>\n<li>El incumplimiento de esta pol\u00edtica dar\u00e1 lugar a medidas disciplinarias por parte de la empresa, en conformidad con la normativa vigente, que podr\u00e1n incluir, entre otras, el despido o la terminaci\u00f3n del contrato.<\/li>\n<\/ul>\n<p><strong>5. Marco normativo<\/strong><\/p>\n<p>Para proteger la informaci\u00f3n, debemos cumplir en todo momento con las disposiciones de la Uni\u00f3n Europea y Espa\u00f1olas vigentes en materia de seguridad y privacidad de los datos de car\u00e1cter personal y con los est\u00e1ndares y mejores pr\u00e1cticas internacionales y nacionales en materia de Seguridad de la Informaci\u00f3n adoptadas por <strong>Woffu<\/strong>.<\/p>\n<ul>\n<li>Legislaci\u00f3n aplicable:\n<ul>\n<li><strong>Estatuto de los Trabajadores<\/strong>, apartado 9 del art\u00edculo 34 referente al registro diario de jornada y a la conservaci\u00f3n de los registros de jornada durante cuatro a\u00f1os y que permanecer\u00e1n a disposici\u00f3n de las personas trabajadoras, de sus representantes legales y de la Inspecci\u00f3n de Trabajo y Seguridad Social.<\/li>\n<li><strong>REGLAMENTO (UE) 2016\/679 DEL PARLAMENTO EUROPEO Y DEL CONSEJO<\/strong> de 27 de abril de 2016 relativo a la protecci\u00f3n de las personas f\u00edsicas en lo que respecta al tratamiento de datos personales y a la libre circulaci\u00f3n de estos datos y por el que se deroga la Directiva 95\/46\/CE (Reglamento general de protecci\u00f3n de datos)<\/li>\n<li><strong>Ley Org\u00e1nica 3\/2018, de 5 de diciembre<\/strong>, de Protecci\u00f3n de Datos Personales y garant\u00eda de los derechos digitales (LOPDGDD).<\/li>\n<li><strong>Ley 2\/2023, de 20 de febrero<\/strong>, reguladora de la protecci\u00f3n de las personas que informen sobre infracciones normativas y de lucha contra la corrupci\u00f3n.<\/li>\n<li><strong>Ley 34\/2002, de 11 de julio<\/strong>, de servicios de la sociedad de la informaci\u00f3n y de comercio electr\u00f3nico.<\/li>\n<li><strong>Ley 6\/2020, de 11 de noviembre<\/strong>, reguladora de determinados aspectos de los servicios electr\u00f3nicos de confianza.<\/li>\n<li><strong>Real Decreto Legislativo 1\/1996, de 12 de abril<\/strong>, por el que se aprueba el texto refundido de la Ley de Propiedad Intelectual, regularizando, aclarando y armonizando las disposiciones legales vigentes sobre la materia.<\/li>\n<li><strong>Resoluci\u00f3n de 22 de febrero de 201<\/strong>8, de la Direcci\u00f3n General de Empleo, por la que se registra y publica el XVII Convenio colectivo estatal de empresas de consultor\u00eda y estudios de mercado y de la opini\u00f3n p\u00fablica.<\/li>\n<li><strong>Real Decreto-ley 8\/2019, de 8 de marzo,<\/strong> el 12 de marzo de 2019 en el Bolet\u00edn Oficial del Estado, en relaci\u00f3n a las medidas urgentes de protecci\u00f3n social y de lucha contra la precariedad laboral en la jornada de trabajo.<\/li>\n<li><strong>Ley 10\/2021, de 9 de julio<\/strong>, de trabajo a distancia.<\/li>\n<li><strong>C\u00f3digo Penal<\/strong><\/li>\n<\/ul>\n<\/li>\n<li>Est\u00e1ndares y mejores pr\u00e1cticas de seguridad y privacidad de la Informaci\u00f3n :<br \/>\n<strong>Woffu<\/strong> se somete a auditor\u00edas anuales para garantizar la seguridad de la informaci\u00f3n y conservar sus certificaciones.<\/p>\n<ul>\n<li>Auditor\u00eda<strong> ISO-27001<\/strong>. Sistemas de Gesti\u00f3n de Seguridad de la Informaci\u00f3n, e implementaci\u00f3n de los controles de la ISO-27002<\/li>\n<li>Auditor\u00eda<strong> ISO-27701<\/strong>. Extensi\u00f3n de las normas ISO\/IEC 27001 e ISO\/IEC 27002 para la gesti\u00f3n de la privacidad de la informaci\u00f3n &#8211; Requisitos y directrices.<\/li>\n<li>Auditor\u00eda <strong>ISO-27018<\/strong>. Tecnolog\u00eda de la informaci\u00f3n &#8211; T\u00e9cnicas de Seguridad &#8211; C\u00f3digo de pr\u00e1cticas para la protecci\u00f3n de informaci\u00f3n de identificaci\u00f3n personal (PII) en nubes p\u00e7ublicas que act\u00faan como procesadores de PII<\/li>\n<li><strong>Pentest<\/strong> anual a nuestro servicio SaaS Woffu.<\/li>\n<\/ul>\n<\/li>\n<\/ul>\n<p><strong>6. Organizaci\u00f3n y responsabilidades<\/strong><\/p>\n<p>El <strong>Director General<\/strong> es responsable de la seguridad Woffu.<\/p>\n<p>El <strong>Comit\u00e9 de Seguridad<\/strong> es responsable de supervisar y dirigir el desempe\u00f1o de seguridad de Woffu .<\/p>\n<p>Los <strong>Managers<\/strong> son responsables de garantizar que las pol\u00edticas y los procedimientos sean implementados y se cumplan.<\/p>\n<p>Los <strong>Contactos de seguridad<\/strong> son responsables de supervisar las operaciones de seguridad generales en Woffu e implementar las medidas necesarias para garantizar el cumplimiento.<\/p>\n<p>Todos los <strong>empleados<\/strong> son responsables de respetar las pol\u00edticas generales de seguridad y las disposiciones de seguridad de sus funciones y los procedimientos que realizan.<\/p>\n<p>Los incidentes de seguridad y las violaciones de las pol\u00edticas de seguridad deben informarse a los contactos de seguridad a trav\u00e9s de <a href=\"mailto:security@woffu.com\"><strong>security@woffu.com<\/strong><\/a>.<\/p>\n<p><strong>7. Datos de car\u00e1cter personal.<\/strong><\/p>\n<p>La <a href=\"https:\/\/woffu.com\/es\/politica-de-privacidad\/\">pol\u00edtica de privacidad<\/a>, recoge los tratamientos realizados a los datos personales as\u00ed como su finalidad, plazo de conservaci\u00f3n, base leg\u00edtima, tipolog\u00eda de los datos, cesiones, transferencias internacionales y elaboraci\u00f3n de perfiles.<\/p>\n<p>Todas las funcionalidades de nuestro SaaS Woffu se ajustar\u00e1n a los niveles de seguridad requeridos por el RGPD para la naturaleza y finalidad recogidos en la mencionada pol\u00edtica de privacidad.<\/p>\n<p><strong>8. Concienciaci\u00f3n y formaci\u00f3n<\/strong><\/p>\n<p>Todos los miembros de <strong>Woffu<\/strong> deben de realizar los cursos en materia de seguridad al menos una vez al a\u00f1o.<\/p>\n<p><strong>9. Gesti\u00f3n de riesgos<\/strong><\/p>\n<p>Para la gesti\u00f3n de Riesgos de Seguridad se realiza un an\u00e1lisis de riesgos a nuestro SaaS Woffu, evaluando las amenazas y los riesgos a los que est\u00e1 expuesto para su tratamiento. Este an\u00e1lisis se repetir\u00e1:<\/p>\n<ul>\n<li>Regularmente, al menos una vez al a\u00f1o<\/li>\n<li>Cuando cambie la informaci\u00f3n manejada<\/li>\n<li>Cuando cambien los servicios prestados<\/li>\n<li>Cuando ocurra un incidente grave de seguridad<\/li>\n<li>Cuando se reporten vulnerabilidades graves<\/li>\n<\/ul>\n<p><strong>10. Proceso de aprobaci\u00f3n y revisi\u00f3n<\/strong><\/p>\n<p>La Pol\u00edtica de Seguridad de la Informaci\u00f3n ser\u00e1 aprobada por el <em>Director General<\/em> y todos los miembros de <strong>Woffu<\/strong> tienen la obligaci\u00f3n de conocerla y cumplirla.<\/p>\n<p>La revisi\u00f3n de la pol\u00edtica es responsabilidad del responsable de seguridad.<\/p>\n<p>As\u00ed mismo la pol\u00edtica estar\u00e1 sujeta a una revisi\u00f3n anual o cuando se produzcan cambios significativos en la normatividad aplicable,cambios intr\u00ednsecos de los sistemas de informaci\u00f3n y a la propia complejidad de la organizaci\u00f3n, a fin de asegurar que se mantenga su idoneidad, adecuaci\u00f3n, eficacia y dar cumplimiento al marco legal y regulatorio en el que se desarrollan nuestras actividades.[\/vc_column_text][\/vc_column][\/vc_row]<\/p>\n<\/div>","protected":false},"excerpt":{"rendered":"<p>[vc_row el_class=&#8221;legal-page&#8221; css=&#8221;.vc_custom_1652117793510{padding-bottom: 3rem !important;}&#8221;][vc_column][vc_column_text css=&#8221;&#8221;]Pol\u00edtica de Seguridad de la Informaci\u00f3n 1. Aprobaci\u00f3n y entrada en vigor 18 de noviembre [&hellip;]<\/p>\n","protected":false},"author":1,"featured_media":0,"parent":0,"menu_order":0,"comment_status":"closed","ping_status":"closed","template":"page-new-legal.php","meta":{"_acf_changed":false,"inline_featured_image":false,"footnotes":""},"class_list":["post-6812","page","type-page","status-publish","hentry"],"acf":[],"yoast_head":"<!-- This site is optimized with the Yoast SEO plugin v27.3 - https:\/\/yoast.com\/product\/yoast-seo-wordpress\/ -->\n<title>Pol\u00edtica de seguridad | Woffu<\/title>\n<meta name=\"description\" content=\"Conoce la pol\u00edtica de seguridad de Woffu, el software de recursos humanos que protege tus datos y garantiza una gesti\u00f3n del tiempo de trabajo segura\" \/>\n<meta name=\"robots\" content=\"index, follow, max-snippet:-1, max-image-preview:large, max-video-preview:-1\" \/>\n<link rel=\"canonical\" href=\"https:\/\/woffu.com\/es\/politica-de-seguridad\/\" \/>\n<meta property=\"og:locale\" content=\"es_ES\" \/>\n<meta property=\"og:type\" content=\"article\" \/>\n<meta property=\"og:title\" content=\"Pol\u00edtica de seguridad | Woffu\" \/>\n<meta property=\"og:description\" content=\"Conoce la pol\u00edtica de seguridad de Woffu, el software de recursos humanos que protege tus datos y garantiza una gesti\u00f3n del tiempo de trabajo segura\" \/>\n<meta property=\"og:url\" content=\"https:\/\/woffu.com\/es\/politica-de-seguridad\/\" \/>\n<meta property=\"og:site_name\" content=\"Woffu\" \/>\n<meta property=\"article:publisher\" content=\"https:\/\/www.facebook.com\/woffu\/\" \/>\n<meta property=\"article:modified_time\" content=\"2025-11-18T08:29:15+00:00\" \/>\n<meta property=\"og:image\" content=\"https:\/\/woffu.com\/wp-content\/uploads\/2025\/07\/woffu-logo-color-marketplace.webp\" \/>\n\t<meta property=\"og:image:width\" content=\"625\" \/>\n\t<meta property=\"og:image:height\" content=\"332\" \/>\n\t<meta property=\"og:image:type\" content=\"image\/webp\" \/>\n<meta name=\"twitter:card\" content=\"summary_large_image\" \/>\n<meta name=\"twitter:site\" content=\"@Woffu_App\" \/>\n<meta name=\"twitter:label1\" content=\"Tiempo de lectura\" \/>\n\t<meta name=\"twitter:data1\" content=\"6 minutos\" \/>\n<script type=\"application\/ld+json\" class=\"yoast-schema-graph\">{\"@context\":\"https:\\\/\\\/schema.org\",\"@graph\":[{\"@type\":\"WebPage\",\"@id\":\"https:\\\/\\\/woffu.com\\\/es\\\/politica-de-seguridad\\\/\",\"url\":\"https:\\\/\\\/woffu.com\\\/es\\\/politica-de-seguridad\\\/\",\"name\":\"Pol\u00edtica de seguridad | Woffu\",\"isPartOf\":{\"@id\":\"https:\\\/\\\/woffu.com\\\/es\\\/#website\"},\"datePublished\":\"2022-05-09T17:47:10+00:00\",\"dateModified\":\"2025-11-18T08:29:15+00:00\",\"description\":\"Conoce la pol\u00edtica de seguridad de Woffu, el software de recursos humanos que protege tus datos y garantiza una gesti\u00f3n del tiempo de trabajo segura\",\"breadcrumb\":{\"@id\":\"https:\\\/\\\/woffu.com\\\/es\\\/politica-de-seguridad\\\/#breadcrumb\"},\"inLanguage\":\"es\",\"potentialAction\":[{\"@type\":\"ReadAction\",\"target\":[\"https:\\\/\\\/woffu.com\\\/es\\\/politica-de-seguridad\\\/\"]}]},{\"@type\":\"BreadcrumbList\",\"@id\":\"https:\\\/\\\/woffu.com\\\/es\\\/politica-de-seguridad\\\/#breadcrumb\",\"itemListElement\":[{\"@type\":\"ListItem\",\"position\":1,\"name\":\"Portada\",\"item\":\"https:\\\/\\\/woffu.com\\\/es\\\/\"},{\"@type\":\"ListItem\",\"position\":2,\"name\":\"Pol\u00edtica de seguridad\"}]},{\"@type\":\"WebSite\",\"@id\":\"https:\\\/\\\/woffu.com\\\/es\\\/#website\",\"url\":\"https:\\\/\\\/woffu.com\\\/es\\\/\",\"name\":\"Woffu\",\"description\":\"Woffu es una plataforma digital que facilita la gesti\u00f3n del tiempo laboral, control horario, vacaciones y ausencias, optimizando procesos de recursos humanos y asegurando el cumplimiento normativo en las empresas.\",\"publisher\":{\"@id\":\"https:\\\/\\\/woffu.com\\\/es\\\/#organization\"},\"alternateName\":\"Woffu\",\"potentialAction\":[{\"@type\":\"SearchAction\",\"target\":{\"@type\":\"EntryPoint\",\"urlTemplate\":\"https:\\\/\\\/woffu.com\\\/es\\\/?s={search_term_string}\"},\"query-input\":{\"@type\":\"PropertyValueSpecification\",\"valueRequired\":true,\"valueName\":\"search_term_string\"}}],\"inLanguage\":\"es\"},{\"@type\":\"Organization\",\"@id\":\"https:\\\/\\\/woffu.com\\\/es\\\/#organization\",\"name\":\"Woffu\",\"url\":\"https:\\\/\\\/woffu.com\\\/es\\\/\",\"logo\":{\"@type\":\"ImageObject\",\"inLanguage\":\"es\",\"@id\":\"https:\\\/\\\/woffu.com\\\/es\\\/#\\\/schema\\\/logo\\\/image\\\/\",\"url\":\"https:\\\/\\\/woffu.com\\\/wp-content\\\/uploads\\\/2021\\\/08\\\/logo-woffu-dark.svg\",\"contentUrl\":\"https:\\\/\\\/woffu.com\\\/wp-content\\\/uploads\\\/2021\\\/08\\\/logo-woffu-dark.svg\",\"width\":161,\"height\":38,\"caption\":\"Woffu\"},\"image\":{\"@id\":\"https:\\\/\\\/woffu.com\\\/es\\\/#\\\/schema\\\/logo\\\/image\\\/\"},\"sameAs\":[\"https:\\\/\\\/www.facebook.com\\\/woffu\\\/\",\"https:\\\/\\\/x.com\\\/Woffu_App\",\"https:\\\/\\\/www.instagram.com\\\/woffu\\\/\",\"https:\\\/\\\/www.linkedin.com\\\/company\\\/woffu\\\/\"],\"telephone\":\"+34 932059750\",\"address\":{\"@type\":\"PostalAddress\",\"streetAddress\":\"Carrer de Mexic, 8\",\"postalCode\":\"08004\",\"addressLocality\":\"Barcelona\",\"addressCountry\":\"ES\"},\"contactPoint\":[{\"@type\":\"ContactPoint\",\"contactType\":\"customer support\",\"telephone\":\"+34 932059750\",\"email\":\"help@woffu.com\",\"url\":\"https:\\\/\\\/woffu.com\\\/es\\\/contacto\\\/\",\"areaServed\":\"ES\",\"availableLanguage\":[\"es\",\"en\"],\"hoursAvailable\":[{\"@type\":\"OpeningHoursSpecification\",\"dayOfWeek\":[\"https:\\\/\\\/schema.org\\\/Monday\",\"https:\\\/\\\/schema.org\\\/Tuesday\",\"https:\\\/\\\/schema.org\\\/Wednesday\",\"https:\\\/\\\/schema.org\\\/Thursday\"],\"opens\":\"08:30\",\"closes\":\"19:00\"},{\"@type\":\"OpeningHoursSpecification\",\"dayOfWeek\":\"https:\\\/\\\/schema.org\\\/Friday\",\"opens\":\"08:30\",\"closes\":\"14:00\"}]},{\"@type\":\"ContactPoint\",\"contactType\":\"sales\",\"telephone\":\"+34 932059750\",\"email\":\"sales@woffu.com\",\"url\":\"https:\\\/\\\/woffu.com\\\/es\\\/demo\\\/\",\"areaServed\":\"ES\",\"availableLanguage\":[\"es\",\"en\"],\"hoursAvailable\":[{\"@type\":\"OpeningHoursSpecification\",\"dayOfWeek\":[\"https:\\\/\\\/schema.org\\\/Monday\",\"https:\\\/\\\/schema.org\\\/Tuesday\",\"https:\\\/\\\/schema.org\\\/Wednesday\",\"https:\\\/\\\/schema.org\\\/Thursday\"],\"opens\":\"08:30\",\"closes\":\"19:00\"},{\"@type\":\"OpeningHoursSpecification\",\"dayOfWeek\":\"https:\\\/\\\/schema.org\\\/Friday\",\"opens\":\"08:30\",\"closes\":\"14:00\"}]}]}]}<\/script>\n<!-- \/ Yoast SEO plugin. -->","yoast_head_json":{"title":"Pol\u00edtica de seguridad | Woffu","description":"Conoce la pol\u00edtica de seguridad de Woffu, el software de recursos humanos que protege tus datos y garantiza una gesti\u00f3n del tiempo de trabajo segura","robots":{"index":"index","follow":"follow","max-snippet":"max-snippet:-1","max-image-preview":"max-image-preview:large","max-video-preview":"max-video-preview:-1"},"canonical":"https:\/\/woffu.com\/es\/politica-de-seguridad\/","og_locale":"es_ES","og_type":"article","og_title":"Pol\u00edtica de seguridad | Woffu","og_description":"Conoce la pol\u00edtica de seguridad de Woffu, el software de recursos humanos que protege tus datos y garantiza una gesti\u00f3n del tiempo de trabajo segura","og_url":"https:\/\/woffu.com\/es\/politica-de-seguridad\/","og_site_name":"Woffu","article_publisher":"https:\/\/www.facebook.com\/woffu\/","article_modified_time":"2025-11-18T08:29:15+00:00","og_image":[{"width":625,"height":332,"url":"https:\/\/woffu.com\/wp-content\/uploads\/2025\/07\/woffu-logo-color-marketplace.webp","type":"image\/webp"}],"twitter_card":"summary_large_image","twitter_site":"@Woffu_App","twitter_misc":{"Tiempo de lectura":"6 minutos"},"schema":{"@context":"https:\/\/schema.org","@graph":[{"@type":"WebPage","@id":"https:\/\/woffu.com\/es\/politica-de-seguridad\/","url":"https:\/\/woffu.com\/es\/politica-de-seguridad\/","name":"Pol\u00edtica de seguridad | Woffu","isPartOf":{"@id":"https:\/\/woffu.com\/es\/#website"},"datePublished":"2022-05-09T17:47:10+00:00","dateModified":"2025-11-18T08:29:15+00:00","description":"Conoce la pol\u00edtica de seguridad de Woffu, el software de recursos humanos que protege tus datos y garantiza una gesti\u00f3n del tiempo de trabajo segura","breadcrumb":{"@id":"https:\/\/woffu.com\/es\/politica-de-seguridad\/#breadcrumb"},"inLanguage":"es","potentialAction":[{"@type":"ReadAction","target":["https:\/\/woffu.com\/es\/politica-de-seguridad\/"]}]},{"@type":"BreadcrumbList","@id":"https:\/\/woffu.com\/es\/politica-de-seguridad\/#breadcrumb","itemListElement":[{"@type":"ListItem","position":1,"name":"Portada","item":"https:\/\/woffu.com\/es\/"},{"@type":"ListItem","position":2,"name":"Pol\u00edtica de seguridad"}]},{"@type":"WebSite","@id":"https:\/\/woffu.com\/es\/#website","url":"https:\/\/woffu.com\/es\/","name":"Woffu","description":"Woffu es una plataforma digital que facilita la gesti\u00f3n del tiempo laboral, control horario, vacaciones y ausencias, optimizando procesos de recursos humanos y asegurando el cumplimiento normativo en las empresas.","publisher":{"@id":"https:\/\/woffu.com\/es\/#organization"},"alternateName":"Woffu","potentialAction":[{"@type":"SearchAction","target":{"@type":"EntryPoint","urlTemplate":"https:\/\/woffu.com\/es\/?s={search_term_string}"},"query-input":{"@type":"PropertyValueSpecification","valueRequired":true,"valueName":"search_term_string"}}],"inLanguage":"es"},{"@type":"Organization","@id":"https:\/\/woffu.com\/es\/#organization","name":"Woffu","url":"https:\/\/woffu.com\/es\/","logo":{"@type":"ImageObject","inLanguage":"es","@id":"https:\/\/woffu.com\/es\/#\/schema\/logo\/image\/","url":"https:\/\/woffu.com\/wp-content\/uploads\/2021\/08\/logo-woffu-dark.svg","contentUrl":"https:\/\/woffu.com\/wp-content\/uploads\/2021\/08\/logo-woffu-dark.svg","width":161,"height":38,"caption":"Woffu"},"image":{"@id":"https:\/\/woffu.com\/es\/#\/schema\/logo\/image\/"},"sameAs":["https:\/\/www.facebook.com\/woffu\/","https:\/\/x.com\/Woffu_App","https:\/\/www.instagram.com\/woffu\/","https:\/\/www.linkedin.com\/company\/woffu\/"],"telephone":"+34 932059750","address":{"@type":"PostalAddress","streetAddress":"Carrer de Mexic, 8","postalCode":"08004","addressLocality":"Barcelona","addressCountry":"ES"},"contactPoint":[{"@type":"ContactPoint","contactType":"customer support","telephone":"+34 932059750","email":"help@woffu.com","url":"https:\/\/woffu.com\/es\/contacto\/","areaServed":"ES","availableLanguage":["es","en"],"hoursAvailable":[{"@type":"OpeningHoursSpecification","dayOfWeek":["https:\/\/schema.org\/Monday","https:\/\/schema.org\/Tuesday","https:\/\/schema.org\/Wednesday","https:\/\/schema.org\/Thursday"],"opens":"08:30","closes":"19:00"},{"@type":"OpeningHoursSpecification","dayOfWeek":"https:\/\/schema.org\/Friday","opens":"08:30","closes":"14:00"}]},{"@type":"ContactPoint","contactType":"sales","telephone":"+34 932059750","email":"sales@woffu.com","url":"https:\/\/woffu.com\/es\/demo\/","areaServed":"ES","availableLanguage":["es","en"],"hoursAvailable":[{"@type":"OpeningHoursSpecification","dayOfWeek":["https:\/\/schema.org\/Monday","https:\/\/schema.org\/Tuesday","https:\/\/schema.org\/Wednesday","https:\/\/schema.org\/Thursday"],"opens":"08:30","closes":"19:00"},{"@type":"OpeningHoursSpecification","dayOfWeek":"https:\/\/schema.org\/Friday","opens":"08:30","closes":"14:00"}]}]}]}},"_links":{"self":[{"href":"https:\/\/woffu.com\/es\/wp-json\/wp\/v2\/pages\/6812","targetHints":{"allow":["GET"]}}],"collection":[{"href":"https:\/\/woffu.com\/es\/wp-json\/wp\/v2\/pages"}],"about":[{"href":"https:\/\/woffu.com\/es\/wp-json\/wp\/v2\/types\/page"}],"author":[{"embeddable":true,"href":"https:\/\/woffu.com\/es\/wp-json\/wp\/v2\/users\/1"}],"replies":[{"embeddable":true,"href":"https:\/\/woffu.com\/es\/wp-json\/wp\/v2\/comments?post=6812"}],"version-history":[{"count":4,"href":"https:\/\/woffu.com\/es\/wp-json\/wp\/v2\/pages\/6812\/revisions"}],"predecessor-version":[{"id":13825,"href":"https:\/\/woffu.com\/es\/wp-json\/wp\/v2\/pages\/6812\/revisions\/13825"}],"wp:attachment":[{"href":"https:\/\/woffu.com\/es\/wp-json\/wp\/v2\/media?parent=6812"}],"curies":[{"name":"wp","href":"https:\/\/api.w.org\/{rel}","templated":true}]}}