{"id":4272,"date":"2020-03-06T22:09:42","date_gmt":"2020-03-06T21:09:42","guid":{"rendered":"https:\/\/woffu.com\/api-copy\/"},"modified":"2025-07-01T08:58:52","modified_gmt":"2025-07-01T06:58:52","slug":"api","status":"publish","type":"page","link":"https:\/\/woffu.com\/es\/api\/","title":{"rendered":"Integra tus sistemas mediante la API de Woffu"},"content":{"rendered":"<div class=\"wpb-content-wrapper\"><p>[vc_row el_id=&#8221;api-top&#8221;][vc_column width=&#8221;2\/3&#8243; el_class=&#8221;text-center&#8221;][vc_column_text el_class=&#8221;p-l&#8221;]Woffu dispone de una<strong> API para facilitar la integraci\u00f3n<\/strong> con los sistemas existentes de nuestros clientes. Con ella se pueden gestionar los elementos principales de la aplicaci\u00f3n, tales como <strong>usuarios, departamentos, solicitudes, etc<\/strong>. Est\u00e1 <strong>basada en REST, utiliza JSON<\/strong> para el intercambio de datos <strong>y los verbos http m\u00e1s comunes<\/strong> (GET, POST, PUT y DELETE) para representar las acciones.[\/vc_column_text][vc_empty_space height=&#8221;30&#8243;][vc_empty_space height=&#8221;30&#8243;][\/vc_column][vc_column width=&#8221;1\/3&#8243;][vc_column_text css=&#8221;.vc_custom_1563210659868{border-top-width: 1px !important;border-right-width: 1px !important;border-bottom-width: 1px !important;border-left-width: 1px !important;padding-top: 6% !important;padding-right: 6% !important;padding-bottom: 6% !important;padding-left: 6% !important;background-color: #ffffff !important;border-left-color: #00b1ff !important;border-left-style: solid !important;border-right-color: #00b1ff !important;border-right-style: solid !important;border-top-color: #00b1ff !important;border-top-style: solid !important;border-bottom-color: #00b1ff !important;border-bottom-style: solid !important;border-radius: 10px !important;}&#8221;]Ampliamos las funciones de nuestra API continuamente sin olvidar en ning\u00fan momento la compatibilidad de los desarrollos e integraciones existentes que la utilizan.[\/vc_column_text][\/vc_column][\/vc_row][vc_row el_id=&#8221;api-links&#8221;][vc_column][vc_row_inner][vc_column_inner width=&#8221;1\/2&#8243; css=&#8221;.vc_custom_1563210740915{padding: 5% !important;}&#8221;][vc_single_image image=&#8221;2503&#8243;][vc_empty_space height=&#8221;15&#8243;][vc_custom_heading text=&#8221;Documentaci\u00f3n&#8221; font_container=&#8221;tag:h4|text_align:left&#8221;][vc_empty_space height=&#8221;15&#8243;][vc_column_text]El siguiente documento contiene <strong>informaci\u00f3n necesaria para el uso de la API<\/strong> como el m\u00e9todo de autenticaci\u00f3n de las peticiones y la forma de obtener sus claves.<\/p>\n<p>Tambi\u00e9n encontrar\u00e1 ejemplo<strong>s pr\u00e1cticos de uso<\/strong>. Al igual que nuestra API, <strong>el documento ir\u00e1 creciendo<\/strong> con nuevas secciones e informaci\u00f3n m\u00e1s detallada de los distintos recursos que se pueden gestionar y las acciones disponibles.[\/vc_column_text][vc_empty_space height=&#8221;30&#8243;][vc_btn title=&#8221;Como empezar con la API&#8221; align=&#8221;left&#8221; el_class=&#8221;more&#8221; link=&#8221;url:https%3A%2F%2Fwoffu.com%2Fwp-content%2Fuploads%2F2022%2F07%2FComo-empezar-con-la-API-de-Woffu.pdf|title:Como-empezar-con-la-API-de-Woffu|target:_blank&#8221;][vc_btn title=&#8221;Usuarios, conceptos ba\u0301sicos&#8221; align=&#8221;left&#8221; el_class=&#8221;more&#8221; link=&#8221;url:https%3A%2F%2Fwoffu.com%2Fwp-content%2Fuploads%2F2022%2F10%2FUsuarios_conceptos-basicos-y-endpoints-mas-utilizados.pdf|title:Usuarios%2C%20conceptos%20b%C3%A1sicos|target:_blank&#8221;][\/vc_column_inner][vc_column_inner width=&#8221;1\/2&#8243; css=&#8221;.vc_custom_1563210766085{padding: 5% !important;}&#8221;][vc_single_image image=&#8221;2507&#8243;][vc_empty_space height=&#8221;15&#8243;][vc_custom_heading text=&#8221;Referencia&#8221; font_container=&#8221;tag:h4|text_align:left&#8221;][vc_empty_space height=&#8221;15&#8243;][vc_column_text]En el siguiente enlace encontrar\u00e1 la<strong> lista completa de los endpoints disponibles, estructuras de datos, par\u00e1metros, payloads y c\u00f3digos de respuesta<\/strong>.[\/vc_column_text][vc_empty_space height=&#8221;30&#8243;][vc_btn title=&#8221;Consultar Swagger&#8221; align=&#8221;center&#8221; el_class=&#8221;more&#8221; link=&#8221;url:https%3A%2F%2Fapp.woffu.com%2Fswagger%2Fui%2Findex|title:Swagger|target:%20_blank|&#8221;][\/vc_column_inner][\/vc_row_inner][\/vc_column][\/vc_row]<\/p>\n<\/div>","protected":false},"excerpt":{"rendered":"<p>[vc_row el_id=&#8221;api-top&#8221;][vc_column width=&#8221;2\/3&#8243; el_class=&#8221;text-center&#8221;][vc_column_text el_class=&#8221;p-l&#8221;]Woffu dispone de una API para facilitar la integraci\u00f3n con los sistemas existentes de nuestros clientes. [&hellip;]<\/p>\n","protected":false},"author":1,"featured_media":0,"parent":0,"menu_order":0,"comment_status":"closed","ping_status":"closed","template":"page-new-legal.php","meta":{"_acf_changed":false,"inline_featured_image":false,"footnotes":""},"class_list":["post-4272","page","type-page","status-publish","hentry"],"acf":[],"yoast_head":"<!-- This site is optimized with the Yoast SEO plugin v27.3 - https:\/\/yoast.com\/product\/yoast-seo-wordpress\/ -->\n<title>Integra tus sistemas mediante la API de Woffu | Woffu<\/title>\n<meta name=\"description\" content=\"La API de Woffu permite integrar el control horario y la gesti\u00f3n del tiempo con los sistemas existentes de tu empresa, sin procesos engorroso\" \/>\n<meta name=\"robots\" content=\"index, follow, max-snippet:-1, max-image-preview:large, max-video-preview:-1\" \/>\n<link rel=\"canonical\" href=\"https:\/\/woffu.com\/es\/api\/\" \/>\n<meta property=\"og:locale\" content=\"es_ES\" \/>\n<meta property=\"og:type\" content=\"article\" \/>\n<meta property=\"og:title\" content=\"Integra tus sistemas mediante la API de Woffu | Woffu\" \/>\n<meta property=\"og:description\" content=\"La API de Woffu permite integrar el control horario y la gesti\u00f3n del tiempo con los sistemas existentes de tu empresa, sin procesos engorroso\" \/>\n<meta property=\"og:url\" content=\"https:\/\/woffu.com\/es\/api\/\" \/>\n<meta property=\"og:site_name\" content=\"Woffu\" \/>\n<meta property=\"article:publisher\" content=\"https:\/\/www.facebook.com\/woffu\/\" \/>\n<meta property=\"article:modified_time\" content=\"2025-07-01T06:58:52+00:00\" \/>\n<meta property=\"og:image\" content=\"https:\/\/woffu.com\/wp-content\/uploads\/2025\/07\/woffu-logo-color-marketplace.webp\" \/>\n\t<meta property=\"og:image:width\" content=\"625\" \/>\n\t<meta property=\"og:image:height\" content=\"332\" \/>\n\t<meta property=\"og:image:type\" content=\"image\/webp\" \/>\n<meta name=\"twitter:card\" content=\"summary_large_image\" \/>\n<meta name=\"twitter:site\" content=\"@Woffu_App\" \/>\n<meta name=\"twitter:label1\" content=\"Tiempo de lectura\" \/>\n\t<meta name=\"twitter:data1\" content=\"2 minutos\" \/>\n<script type=\"application\/ld+json\" class=\"yoast-schema-graph\">{\"@context\":\"https:\\\/\\\/schema.org\",\"@graph\":[{\"@type\":\"WebPage\",\"@id\":\"https:\\\/\\\/woffu.com\\\/es\\\/api\\\/\",\"url\":\"https:\\\/\\\/woffu.com\\\/es\\\/api\\\/\",\"name\":\"Integra tus sistemas mediante la API de Woffu | Woffu\",\"isPartOf\":{\"@id\":\"https:\\\/\\\/woffu.com\\\/es\\\/#website\"},\"datePublished\":\"2020-03-06T21:09:42+00:00\",\"dateModified\":\"2025-07-01T06:58:52+00:00\",\"description\":\"La API de Woffu permite integrar el control horario y la gesti\u00f3n del tiempo con los sistemas existentes de tu empresa, sin procesos engorroso\",\"breadcrumb\":{\"@id\":\"https:\\\/\\\/woffu.com\\\/es\\\/api\\\/#breadcrumb\"},\"inLanguage\":\"es\",\"potentialAction\":[{\"@type\":\"ReadAction\",\"target\":[\"https:\\\/\\\/woffu.com\\\/es\\\/api\\\/\"]}]},{\"@type\":\"BreadcrumbList\",\"@id\":\"https:\\\/\\\/woffu.com\\\/es\\\/api\\\/#breadcrumb\",\"itemListElement\":[{\"@type\":\"ListItem\",\"position\":1,\"name\":\"Portada\",\"item\":\"https:\\\/\\\/woffu.com\\\/es\\\/\"},{\"@type\":\"ListItem\",\"position\":2,\"name\":\"Integra tus sistemas mediante la API de Woffu\"}]},{\"@type\":\"WebSite\",\"@id\":\"https:\\\/\\\/woffu.com\\\/es\\\/#website\",\"url\":\"https:\\\/\\\/woffu.com\\\/es\\\/\",\"name\":\"Woffu\",\"description\":\"Woffu es una plataforma digital que facilita la gesti\u00f3n del tiempo laboral, control horario, vacaciones y ausencias, optimizando procesos de recursos humanos y asegurando el cumplimiento normativo en las empresas.\",\"publisher\":{\"@id\":\"https:\\\/\\\/woffu.com\\\/es\\\/#organization\"},\"alternateName\":\"Woffu\",\"potentialAction\":[{\"@type\":\"SearchAction\",\"target\":{\"@type\":\"EntryPoint\",\"urlTemplate\":\"https:\\\/\\\/woffu.com\\\/es\\\/?s={search_term_string}\"},\"query-input\":{\"@type\":\"PropertyValueSpecification\",\"valueRequired\":true,\"valueName\":\"search_term_string\"}}],\"inLanguage\":\"es\"},{\"@type\":\"Organization\",\"@id\":\"https:\\\/\\\/woffu.com\\\/es\\\/#organization\",\"name\":\"Woffu\",\"url\":\"https:\\\/\\\/woffu.com\\\/es\\\/\",\"logo\":{\"@type\":\"ImageObject\",\"inLanguage\":\"es\",\"@id\":\"https:\\\/\\\/woffu.com\\\/es\\\/#\\\/schema\\\/logo\\\/image\\\/\",\"url\":\"https:\\\/\\\/woffu.com\\\/wp-content\\\/uploads\\\/2021\\\/08\\\/logo-woffu-dark.svg\",\"contentUrl\":\"https:\\\/\\\/woffu.com\\\/wp-content\\\/uploads\\\/2021\\\/08\\\/logo-woffu-dark.svg\",\"width\":161,\"height\":38,\"caption\":\"Woffu\"},\"image\":{\"@id\":\"https:\\\/\\\/woffu.com\\\/es\\\/#\\\/schema\\\/logo\\\/image\\\/\"},\"sameAs\":[\"https:\\\/\\\/www.facebook.com\\\/woffu\\\/\",\"https:\\\/\\\/x.com\\\/Woffu_App\",\"https:\\\/\\\/www.instagram.com\\\/woffu\\\/\",\"https:\\\/\\\/www.linkedin.com\\\/company\\\/woffu\\\/\"],\"telephone\":\"+34 932059750\",\"address\":{\"@type\":\"PostalAddress\",\"streetAddress\":\"Carrer de Mexic, 8\",\"postalCode\":\"08004\",\"addressLocality\":\"Barcelona\",\"addressCountry\":\"ES\"},\"contactPoint\":[{\"@type\":\"ContactPoint\",\"contactType\":\"customer support\",\"telephone\":\"+34 932059750\",\"email\":\"help@woffu.com\",\"url\":\"https:\\\/\\\/woffu.com\\\/es\\\/contacto\\\/\",\"areaServed\":\"ES\",\"availableLanguage\":[\"es\",\"en\"],\"hoursAvailable\":[{\"@type\":\"OpeningHoursSpecification\",\"dayOfWeek\":[\"https:\\\/\\\/schema.org\\\/Monday\",\"https:\\\/\\\/schema.org\\\/Tuesday\",\"https:\\\/\\\/schema.org\\\/Wednesday\",\"https:\\\/\\\/schema.org\\\/Thursday\"],\"opens\":\"08:30\",\"closes\":\"19:00\"},{\"@type\":\"OpeningHoursSpecification\",\"dayOfWeek\":\"https:\\\/\\\/schema.org\\\/Friday\",\"opens\":\"08:30\",\"closes\":\"14:00\"}]},{\"@type\":\"ContactPoint\",\"contactType\":\"sales\",\"telephone\":\"+34 932059750\",\"email\":\"sales@woffu.com\",\"url\":\"https:\\\/\\\/woffu.com\\\/es\\\/demo\\\/\",\"areaServed\":\"ES\",\"availableLanguage\":[\"es\",\"en\"],\"hoursAvailable\":[{\"@type\":\"OpeningHoursSpecification\",\"dayOfWeek\":[\"https:\\\/\\\/schema.org\\\/Monday\",\"https:\\\/\\\/schema.org\\\/Tuesday\",\"https:\\\/\\\/schema.org\\\/Wednesday\",\"https:\\\/\\\/schema.org\\\/Thursday\"],\"opens\":\"08:30\",\"closes\":\"19:00\"},{\"@type\":\"OpeningHoursSpecification\",\"dayOfWeek\":\"https:\\\/\\\/schema.org\\\/Friday\",\"opens\":\"08:30\",\"closes\":\"14:00\"}]}]}]}<\/script>\n<!-- \/ Yoast SEO plugin. -->","yoast_head_json":{"title":"Integra tus sistemas mediante la API de Woffu | Woffu","description":"La API de Woffu permite integrar el control horario y la gesti\u00f3n del tiempo con los sistemas existentes de tu empresa, sin procesos engorroso","robots":{"index":"index","follow":"follow","max-snippet":"max-snippet:-1","max-image-preview":"max-image-preview:large","max-video-preview":"max-video-preview:-1"},"canonical":"https:\/\/woffu.com\/es\/api\/","og_locale":"es_ES","og_type":"article","og_title":"Integra tus sistemas mediante la API de Woffu | Woffu","og_description":"La API de Woffu permite integrar el control horario y la gesti\u00f3n del tiempo con los sistemas existentes de tu empresa, sin procesos engorroso","og_url":"https:\/\/woffu.com\/es\/api\/","og_site_name":"Woffu","article_publisher":"https:\/\/www.facebook.com\/woffu\/","article_modified_time":"2025-07-01T06:58:52+00:00","og_image":[{"width":625,"height":332,"url":"https:\/\/woffu.com\/wp-content\/uploads\/2025\/07\/woffu-logo-color-marketplace.webp","type":"image\/webp"}],"twitter_card":"summary_large_image","twitter_site":"@Woffu_App","twitter_misc":{"Tiempo de lectura":"2 minutos"},"schema":{"@context":"https:\/\/schema.org","@graph":[{"@type":"WebPage","@id":"https:\/\/woffu.com\/es\/api\/","url":"https:\/\/woffu.com\/es\/api\/","name":"Integra tus sistemas mediante la API de Woffu | Woffu","isPartOf":{"@id":"https:\/\/woffu.com\/es\/#website"},"datePublished":"2020-03-06T21:09:42+00:00","dateModified":"2025-07-01T06:58:52+00:00","description":"La API de Woffu permite integrar el control horario y la gesti\u00f3n del tiempo con los sistemas existentes de tu empresa, sin procesos engorroso","breadcrumb":{"@id":"https:\/\/woffu.com\/es\/api\/#breadcrumb"},"inLanguage":"es","potentialAction":[{"@type":"ReadAction","target":["https:\/\/woffu.com\/es\/api\/"]}]},{"@type":"BreadcrumbList","@id":"https:\/\/woffu.com\/es\/api\/#breadcrumb","itemListElement":[{"@type":"ListItem","position":1,"name":"Portada","item":"https:\/\/woffu.com\/es\/"},{"@type":"ListItem","position":2,"name":"Integra tus sistemas mediante la API de Woffu"}]},{"@type":"WebSite","@id":"https:\/\/woffu.com\/es\/#website","url":"https:\/\/woffu.com\/es\/","name":"Woffu","description":"Woffu es una plataforma digital que facilita la gesti\u00f3n del tiempo laboral, control horario, vacaciones y ausencias, optimizando procesos de recursos humanos y asegurando el cumplimiento normativo en las empresas.","publisher":{"@id":"https:\/\/woffu.com\/es\/#organization"},"alternateName":"Woffu","potentialAction":[{"@type":"SearchAction","target":{"@type":"EntryPoint","urlTemplate":"https:\/\/woffu.com\/es\/?s={search_term_string}"},"query-input":{"@type":"PropertyValueSpecification","valueRequired":true,"valueName":"search_term_string"}}],"inLanguage":"es"},{"@type":"Organization","@id":"https:\/\/woffu.com\/es\/#organization","name":"Woffu","url":"https:\/\/woffu.com\/es\/","logo":{"@type":"ImageObject","inLanguage":"es","@id":"https:\/\/woffu.com\/es\/#\/schema\/logo\/image\/","url":"https:\/\/woffu.com\/wp-content\/uploads\/2021\/08\/logo-woffu-dark.svg","contentUrl":"https:\/\/woffu.com\/wp-content\/uploads\/2021\/08\/logo-woffu-dark.svg","width":161,"height":38,"caption":"Woffu"},"image":{"@id":"https:\/\/woffu.com\/es\/#\/schema\/logo\/image\/"},"sameAs":["https:\/\/www.facebook.com\/woffu\/","https:\/\/x.com\/Woffu_App","https:\/\/www.instagram.com\/woffu\/","https:\/\/www.linkedin.com\/company\/woffu\/"],"telephone":"+34 932059750","address":{"@type":"PostalAddress","streetAddress":"Carrer de Mexic, 8","postalCode":"08004","addressLocality":"Barcelona","addressCountry":"ES"},"contactPoint":[{"@type":"ContactPoint","contactType":"customer support","telephone":"+34 932059750","email":"help@woffu.com","url":"https:\/\/woffu.com\/es\/contacto\/","areaServed":"ES","availableLanguage":["es","en"],"hoursAvailable":[{"@type":"OpeningHoursSpecification","dayOfWeek":["https:\/\/schema.org\/Monday","https:\/\/schema.org\/Tuesday","https:\/\/schema.org\/Wednesday","https:\/\/schema.org\/Thursday"],"opens":"08:30","closes":"19:00"},{"@type":"OpeningHoursSpecification","dayOfWeek":"https:\/\/schema.org\/Friday","opens":"08:30","closes":"14:00"}]},{"@type":"ContactPoint","contactType":"sales","telephone":"+34 932059750","email":"sales@woffu.com","url":"https:\/\/woffu.com\/es\/demo\/","areaServed":"ES","availableLanguage":["es","en"],"hoursAvailable":[{"@type":"OpeningHoursSpecification","dayOfWeek":["https:\/\/schema.org\/Monday","https:\/\/schema.org\/Tuesday","https:\/\/schema.org\/Wednesday","https:\/\/schema.org\/Thursday"],"opens":"08:30","closes":"19:00"},{"@type":"OpeningHoursSpecification","dayOfWeek":"https:\/\/schema.org\/Friday","opens":"08:30","closes":"14:00"}]}]}]}},"_links":{"self":[{"href":"https:\/\/woffu.com\/es\/wp-json\/wp\/v2\/pages\/4272","targetHints":{"allow":["GET"]}}],"collection":[{"href":"https:\/\/woffu.com\/es\/wp-json\/wp\/v2\/pages"}],"about":[{"href":"https:\/\/woffu.com\/es\/wp-json\/wp\/v2\/types\/page"}],"author":[{"embeddable":true,"href":"https:\/\/woffu.com\/es\/wp-json\/wp\/v2\/users\/1"}],"replies":[{"embeddable":true,"href":"https:\/\/woffu.com\/es\/wp-json\/wp\/v2\/comments?post=4272"}],"version-history":[{"count":3,"href":"https:\/\/woffu.com\/es\/wp-json\/wp\/v2\/pages\/4272\/revisions"}],"predecessor-version":[{"id":11528,"href":"https:\/\/woffu.com\/es\/wp-json\/wp\/v2\/pages\/4272\/revisions\/11528"}],"wp:attachment":[{"href":"https:\/\/woffu.com\/es\/wp-json\/wp\/v2\/media?parent=4272"}],"curies":[{"name":"wp","href":"https:\/\/api.w.org\/{rel}","templated":true}]}}