{"id":15176,"date":"2026-04-07T09:41:22","date_gmt":"2026-04-07T07:41:22","guid":{"rendered":"https:\/\/woffu.com\/gestio-de-torns-i-horaris-de-treball\/"},"modified":"2026-04-07T10:22:47","modified_gmt":"2026-04-07T08:22:47","slug":"gestio-de-torns","status":"publish","type":"page","link":"https:\/\/woffu.com\/ca\/gestio-de-torns\/","title":{"rendered":"Gesti\u00f3 de torns i horaris de treball"},"content":{"rendered":"<div class=\"wpb-content-wrapper\"><p>[vc_section el_class=&#8221;features-hero&#8221;][vc_row][vc_column][vc_column_text el_class=&#8221;features-hero-caption&#8221;]<\/p>\n<h1>Gesti\u00f3 de torns de treball i horaris<\/h1>\n<p>Planifica i coordina els torns dels teus empleats de forma digital, monitoritza les hores treballades i assegura&#8217;t que tota la teva plantilla t\u00e9 acc\u00e9s als seus horaris en qualsevol moment i lloc.[\/vc_column_text][vc_btn title=&#8221;Solicita una demo&#8221; css=&#8221;&#8221; link=&#8221;url:https%3A%2F%2Fwoffu.com%2Fca%2Fdemo%2F|title:Solicita%20una%20demo|&#8221; el_class=&#8221;btn btn-dark-new&#8221;][vc_single_image image=&#8221;9518&#8243; img_size=&#8221;full&#8221;][\/vc_column][\/vc_row][\/vc_section][vc_section el_class=&#8221;features-section&#8221;][vc_row][vc_column el_class=&#8221;features-section-caption&#8221;][vc_column_text]<\/p>\n<h2>Gesti\u00f3 de torns de treball accessible, f\u00e0cil i intu\u00eftiu<\/h2>\n<p>Deixa enrere els quadrants de torns a Excel o paper. Amb Woffu centralitza tota la informaci\u00f3 del registre horari del teu equip i elimina errors humans.[\/vc_column_text][\/vc_column][\/vc_row][vc_row el_class=&#8221;features-row&#8221;][vc_column width=&#8221;1\/2&#8243; el_class=&#8221;features-row-caption&#8221;][vc_column_text]<\/p>\n<h3>Configuraci\u00f3 i gesti\u00f3 de torns de treball<\/h3>\n<p>Planificaci\u00f3 a mida de torns rotatius i quadrants de treball sempre disponibles per consultar.<\/p>\n<ul>\n<li>Crea una varietat il\u00b7limitada d&#8217; <strong>horaris fixos, flexibles i rotatius<\/strong> d&#8217;acord amb cada conveni i contracte de treball.<\/li>\n<li>Seleccioneu els <strong>minuts de flexibilitat<\/strong> d&#8217;entrada i sortida fora de l&#8217;horari te\u00f2ric.<\/li>\n<li>Limita les <strong>hores extra<\/strong> que puguin succeir dins de cada torn.<\/li>\n<li>Afegeix <strong>descansos<\/strong> , amb opci\u00f3 de descomptar-se autom\u00e0ticament de l&#8217;horari.<\/li>\n<li><strong>Personalitza ajustaments<\/strong> puntuals o temporals: dies festius amb horari especial, canvis de darrera hora per empleat, equip o centre, etc.<\/li>\n<li>Crea <strong>torns rotatius<\/strong> determinant el nombre de repeticions de cada per\u00edode (setmana) de rotaci\u00f3.<\/li>\n<li>F\u00e0cil configuraci\u00f3 del calendari d&#8217;acord amb el <strong>contracte de treball i convenis<\/strong> .<\/li>\n<\/ul>\n<p>[\/vc_column_text][vc_btn title=&#8221;Saber m\u00e1s&#8221; css=&#8221;&#8221; link=&#8221;url:https%3A%2F%2Fwoffu.com%2Fca%2Fdemo%2F|title:Saber%20m%C3%A1s|&#8221; el_class=&#8221;btn btn-more-new&#8221;][\/vc_column][vc_column width=&#8221;1\/2&#8243; el_class=&#8221;features-row-picture&#8221;][vc_single_image image=&#8221;11222&#8243; img_size=&#8221;full&#8221; alignment=&#8221;right&#8221; css=&#8221;&#8221;][\/vc_column][\/vc_row][vc_row el_class=&#8221;features-row features-row-right&#8221;][vc_column width=&#8221;1\/2&#8243; el_class=&#8221;features-row-caption&#8221;][vc_column_text css=&#8221;&#8221;]<\/p>\n<h3>Assigna els horaris a empleats, equips o centres<\/h3>\n<p>Gestiona els torns per centres de treball o departaments i comparteix-los amb els teus empleats.<\/p>\n<ul>\n<li>Comparteix f\u00e0cilment els torns amb els teus empleats perqu\u00e8 hi tinguin <strong>acc\u00e9s des de qualsevol lloc<\/strong> i en qualsevol moment.<\/li>\n<li><strong>Adjudica torns<\/strong> de treball per persona o dies, de manera puntual o peri\u00f2dica.<\/li>\n<li>Assigna torns a cada <strong>empleat i departaments<\/strong> de la teva empresa.<\/li>\n<li><strong>Notifica<\/strong> a la teva plantilla els seus torns a l&#8217;instant.<\/li>\n<li>Tria els empleats i el nombre de repeticions de cada <strong>patr\u00f3 de torns<\/strong> .<\/li>\n<li>Ofereix <strong>m\u00e9s transpar\u00e8ncia<\/strong> als teus empleats, evita possibles conflictes i redueix friccions.<\/li>\n<\/ul>\n<p>[\/vc_column_text][vc_btn title=&#8221;Solicita una Demo&#8221; css=&#8221;&#8221; link=&#8221;url:https%3A%2F%2Fwoffu.com%2Fca%2Fdemo%2F|title:Solicita%20una%20Demo|&#8221; el_class=&#8221;btn btn-more-new&#8221;][\/vc_column][vc_column width=&#8221;1\/2&#8243; el_class=&#8221;features-row-picture&#8221;][vc_single_image image=&#8221;9526&#8243; img_size=&#8221;full&#8221; alignment=&#8221;right&#8221;][\/vc_column][\/vc_row][vc_row el_class=&#8221;features-row&#8221;][vc_column width=&#8221;1\/2&#8243; el_class=&#8221;features-row-caption&#8221;][vc_column_text css=&#8221;&#8221;]<\/p>\n<h3>Visualitza tots els horaris i torns en un calendari<\/h3>\n<p>Gesti\u00f3 de torns de treball centralitzada per a tota l&#8217;empresa: consulta la informaci\u00f3 sobre horaris en un mateix lloc i d\u00f3na&#8217;ls als teus empleats visibilitat dels propers torns i els ja treballats.<\/p>\n<ul>\n<li>Visualitza tots els <strong>torns de treball i la disponibilitat<\/strong> del teu equip en temps real.<\/li>\n<li>Consulteu la informaci\u00f3 de les <strong>hores de treball assignades<\/strong> per dia i setmana.<\/li>\n<li><strong>Filtra la vista<\/strong> de calendari per persona, departament i centre.<\/li>\n<li><strong>Exporta els teus quadrants<\/strong> a un clic en format pdf.<\/li>\n<li>Tota la plantilla podr\u00e0 <strong>consultar els seus torns<\/strong> .<\/li>\n<li>Tingues una <strong>visi\u00f3 global<\/strong> de quins empleats estan treballant per departament amb una vista r\u00e0pida.<\/li>\n<\/ul>\n<p>[\/vc_column_text][vc_btn title=&#8221;Consulta planes&#8221; css=&#8221;&#8221; link=&#8221;url:https%3A%2F%2Fwoffu.com%2Fca%2Fpreus-woffu%2F|title:Consulta%20planes|&#8221; el_class=&#8221;btn btn-more-new&#8221;][\/vc_column][vc_column width=&#8221;1\/2&#8243; el_class=&#8221;features-row-picture&#8221;][vc_single_image image=&#8221;9531&#8243; img_size=&#8221;full&#8221; alignment=&#8221;right&#8221;][\/vc_column][\/vc_row][vc_row el_class=&#8221;features-row features-row-right&#8221;][vc_column width=&#8221;1\/2&#8243; el_class=&#8221;features-row-caption&#8221;][vc_column_text css=&#8221;&#8221;]<\/p>\n<h3>Integra els torns amb la jornada laboral efectiva<\/h3>\n<p>Sincronitza en temps real la informaci\u00f3 dels torns amb el <a href=\"https:\/\/woffu.com\/ca\/control-horari-i-gestio-de-la-presencia\/\">control horari, fitxatges<\/a> , vacances i abs\u00e8ncies.<\/p>\n<ul>\n<li><strong>Integra els torns<\/strong> amb les abs\u00e8ncies i els fitxatges del teu equip.<\/li>\n<li>Mantingues les dades <strong>autom\u00e0ticament actualitzades<\/strong> davant de qualsevol modificaci\u00f3 del quadrant.<\/li>\n<li>Acc\u00e9s directe i visual a les <a href=\"https:\/\/woffu.com\/ca\/gestor-de-vacances-i-absencies\/\"><strong>abs\u00e8ncies i vacances<\/strong><\/a> aprovades dels teus empleats per evitar errors i solapaments.<\/li>\n<li><strong>Minimitza les incid\u00e8ncies<\/strong> en els horaris i mantingues la informaci\u00f3 sempre actualitzada.<\/li>\n<li>Recopila les <strong>dades clau necess\u00e0ries<\/strong> per controlar correctament els torns i preparar la n\u00f2mina.<\/li>\n<li>Compara les dades de la jornada planificada i les <strong>hores treballades efectives<\/strong> .<\/li>\n<\/ul>\n<p>[\/vc_column_text][vc_btn title=&#8221;Saber m\u00e1s&#8221; css=&#8221;&#8221; link=&#8221;url:https%3A%2F%2Fwoffu.com%2Fca%2Fdemo%2F|title:Saber%20m%C3%A1s|&#8221; el_class=&#8221;btn btn-more-new&#8221;][\/vc_column][vc_column width=&#8221;1\/2&#8243; el_class=&#8221;features-row-picture&#8221;][vc_single_image image=&#8221;9536&#8243; img_size=&#8221;full&#8221; alignment=&#8221;right&#8221;][\/vc_column][\/vc_row][vc_row el_class=&#8221;features-row&#8221;][vc_column width=&#8221;1\/2&#8243; el_class=&#8221;features-row-caption&#8221;][vc_column_text css=&#8221;&#8221;]<\/p>\n<h3>Normativa del Registre de la Jornada i gesti\u00f3 de torns de treball<\/h3>\n<p>Amb Woffu est\u00e0s cobert per complir la normativa laboral: porta un control del personal extern sense torn preestablert i adapta els horaris de treball a la normativa vigent.<\/p>\n<ul>\n<li>Adapta els horaris de feina a la <strong>normativa vigent<\/strong> del registre de la jornada.<\/li>\n<li><strong>Identifica els visitants<\/strong> i el personal extern sense torn preestablert.<\/li>\n<li>Exporteu l&#8217; <strong>informe d&#8217;assist\u00e8ncia<\/strong> en temps real.<\/li>\n<li>Consulta els registres hist\u00f2rics de torns de treball per fer front a <strong>inspeccions o auditories<\/strong> .<\/li>\n<li>Obtingueu <a href=\"https:\/\/woffu.com\/ca\/informes-de-recursos-humans\/\"><strong>informes de seguretat<\/strong><\/a> i control de visites vinculats als vostres dispositius d&#8217;acc\u00e9s.<\/li>\n<\/ul>\n<p>[\/vc_column_text][vc_btn title=&#8221;Habla con un experto&#8221; css=&#8221;&#8221; link=&#8221;url:https%3A%2F%2Fwoffu.com%2Fca%2Fdemo%2F|title:Habla%20con%20un%20experto|&#8221; el_class=&#8221;btn btn-more-new&#8221;][\/vc_column][vc_column width=&#8221;1\/2&#8243; el_class=&#8221;features-row-picture&#8221;][vc_single_image image=&#8221;9541&#8243; img_size=&#8221;full&#8221; alignment=&#8221;right&#8221;][\/vc_column][\/vc_row][\/vc_section][vc_section el_class=&#8221;qa-section&#8221;][vc_row][vc_column][vc_custom_heading text=&#8221;Preguntes freq\u00fcents&#8221; font_container=&#8221;tag:h2|text_align:center&#8221;][vc_toggle title=&#8221;Qu\u00e8 fa \u00fanica la gesti\u00f3 de torns de treball de Woffu davant de m\u00e8todes tradicionals com Excel o paper?&#8221; open=&#8221;true&#8221;]Woffu centralitza i digitalitza la gesti\u00f3 de torns de treball, eliminant errors humans i facilitant l&#8217;acc\u00e9s i la modificaci\u00f3 dels horaris a temps real, a difer\u00e8ncia dels m\u00e8todes tradicionals que solen ser m\u00e9s propensos a errors i menys accessibles.[\/vc_toggle][vc_toggle title=&#8221;Qu\u00e8 s\u00f3n els torns rotatius?&#8221;]Els torns rotatius s\u00f3n un sistema dorganitzaci\u00f3 del temps de treball en qu\u00e8 els empleats alternen els seus horaris laborals en un cicle recurrent. Els treballadors canvien de torn (mat\u00ed, tarda, nit) despr\u00e9s d&#8217;un per\u00edode establert, que pot ser de dies, setmanes o fins i tot mesos. <\/p>\n<p>Aquest tipus de torns \u00e9s com\u00fa en ind\u00fastries que operen les 24 hores del dia, els 7 dies de la setmana, com el sector industrial i les f\u00e0briques, els serveis essencials com els sanitaris, de transport, de seguretat o d&#8217;emerg\u00e8ncies, i certs tipus de comer\u00e7os i serveis.[\/vc_toggle][vc_toggle title=&#8221;Qu\u00e8 haur\u00edeu de tenir en compte a l&apos;hora d&apos;organitzar torns de treball rotatius?&#8221; css=&#8221;&#8221;]<\/p>\n<ol>\n<li>La planificaci\u00f3 de torns ha de ser justa i flexible, permetent als teus empleats compartir les seves prefer\u00e8ncies i reduir la rotaci\u00f3. Aix\u00f2 es pot aconseguir amb la implementaci\u00f3 de sistemes col\u00b7laboratius com Woffu. <\/li>\n<li>Minimitzar la fatiga dels teus empleats, cosa que afectaria negativament la concentraci\u00f3, productivitat i salut del teu equip. Per aix\u00f2, cal evitar canvis massa freq\u00fcents entre torns, programar descansos regulars i permetre suficient temps de transici\u00f3 entre un torn de dia i nit, si \u00e9s possible. <\/li>\n<li>Tenir en compte les necessitats personals dels teus empleats i facilitar-ne la conciliaci\u00f3. Comptar amb una eina flexible i adaptable \u00e9s clau. <\/li>\n<li>Oferir capacitaci\u00f3 i suport als teus treballadors per gestionar els desafiaments dels torns rotatius i mantenir una bona salut f\u00edsica i mental.<\/li>\n<li>Fer una monitoritzaci\u00f3 i ajustaments constants, per avaluar l&#8217;efectivitat dels torns, identificar problemes i prendre decisions per a una millora.<\/li>\n<li>Complir amb la normativa laboral, cosa que inclou l\u00edmits d&#8217;hores treballades, el temps de descans i el pagament dels torns nocturns o caps de setmana.<\/li>\n<li>Comptar amb tecnologia i eines com Woffu que facilitin la programaci\u00f3, seguiment i an\u00e0lisi dels horaris de treball dels teus empleats.<\/li>\n<\/ol>\n<p>[\/vc_toggle][vc_toggle title=&#8221;Com facilita Woffu la planificaci\u00f3 de torns rotatius i horaris flexibles?&#8221;]Woffu permet crear una varietat il\u00b7limitada d&#8217;horaris, incloent torns fixos, flexibles i rotatius, i ofereix opcions per ajustar la flexibilitat d&#8217;entrada i sortida, limitar hores extres i afegir pauses i descansos.[\/vc_toggle][vc_toggle title=&#8221;Com ajuda Woffu a la visualitzaci\u00f3 i gesti\u00f3 dels horaris dels empleats?&#8221;]Woffu ofereix una gesti\u00f3 centralitzada de torns, permetent visualitzar tots els horaris i disponibilitats en temps real, filtrar per diferents criteris i exportar quadrants. Tota la plantilla t\u00e9 acc\u00e9s als torns (passats, presents i futurs) en qualsevol moment i des de qualsevol lloc. <\/p>\n<p>En compartir f\u00e0cilment els torns amb els teus empleats i notificar-los a trav\u00e9s d&#8217;app m\u00f2bil o correu electr\u00f2nic, Woffu ofereix m\u00e9s transpar\u00e8ncia, redueix els dubtes i les consultes a RR.HH. sobre horaris de treball i evita possibles conflictes.[\/vc_toggle][vc_toggle title=&#8221;\u00c9s possible assignar horaris espec\u00edfics a diferents equips o centres de treball a Woffu?&#8221;]S\u00ed, Woffu permet gestionar torns per centres de treball o departaments, i assignar torns espec\u00edfics a empleats, equips o centres, amb la capacitat de notificar els empleats dels seus torns a l&#8217;instant.<\/p>\n<p> Woffu tamb\u00e9 permet fer ajustaments puntuals o temporals, com ara canvis d&#8217;\u00faltima hora per empleat, equip o centre, i dies festius amb horari especial, facilitant l&#8217;adaptabilitat en situacions espec\u00edfiques.[\/vc_toggle][\/vc_column][\/vc_row][\/vc_section]<\/p>\n<\/div>","protected":false},"excerpt":{"rendered":"<p>[vc_section el_class=&#8221;features-hero&#8221;][vc_row][vc_column][vc_column_text el_class=&#8221;features-hero-caption&#8221;] Gesti\u00f3 de torns de treball i horaris Planifica i coordina els torns dels teus empleats de forma [&hellip;]<\/p>\n","protected":false},"author":1,"featured_media":0,"parent":0,"menu_order":0,"comment_status":"closed","ping_status":"closed","template":"page-new.php","meta":{"_acf_changed":false,"inline_featured_image":false,"footnotes":""},"class_list":["post-15176","page","type-page","status-publish","hentry"],"acf":[],"yoast_head":"<!-- This site is optimized with the Yoast SEO plugin v27.3 - https:\/\/yoast.com\/product\/yoast-seo-wordpress\/ -->\n<title>Gesti\u00f3 de torns de feina i horaris | Woffu<\/title>\n<meta name=\"description\" content=\"Optimitza la gesti\u00f3 de torns de treball amb Woffu. Control horari intel\u00b7ligent, torns rotatius i flexibilitat hor\u00e0ria adaptada a cada equip\" \/>\n<meta name=\"robots\" content=\"index, follow, max-snippet:-1, max-image-preview:large, max-video-preview:-1\" \/>\n<link rel=\"canonical\" href=\"https:\/\/woffu.com\/ca\/gestio-de-torns\/\" \/>\n<meta property=\"og:locale\" content=\"ca_ES\" \/>\n<meta property=\"og:type\" content=\"article\" \/>\n<meta property=\"og:title\" content=\"Gesti\u00f3 de torns de feina i horaris | Woffu\" \/>\n<meta property=\"og:description\" content=\"Optimitza la gesti\u00f3 de torns de treball amb Woffu. Control horari intel\u00b7ligent, torns rotatius i flexibilitat hor\u00e0ria adaptada a cada equip\" \/>\n<meta property=\"og:url\" content=\"https:\/\/woffu.com\/ca\/gestio-de-torns\/\" \/>\n<meta property=\"og:site_name\" content=\"Woffu\" \/>\n<meta property=\"article:publisher\" content=\"https:\/\/www.facebook.com\/woffu\/\" \/>\n<meta property=\"article:modified_time\" content=\"2026-04-07T08:22:47+00:00\" \/>\n<meta property=\"og:image\" content=\"https:\/\/woffu.com\/wp-content\/uploads\/2025\/07\/woffu-logo-color-marketplace.webp\" \/>\n\t<meta property=\"og:image:width\" content=\"625\" \/>\n\t<meta property=\"og:image:height\" content=\"332\" \/>\n\t<meta property=\"og:image:type\" content=\"image\/webp\" \/>\n<meta name=\"twitter:card\" content=\"summary_large_image\" \/>\n<meta name=\"twitter:site\" content=\"@Woffu_App\" \/>\n<meta name=\"twitter:label1\" content=\"Est. reading time\" \/>\n\t<meta name=\"twitter:data1\" content=\"9 minutes\" \/>\n<script type=\"application\/ld+json\" class=\"yoast-schema-graph\">{\"@context\":\"https:\\\/\\\/schema.org\",\"@graph\":[{\"@type\":\"WebPage\",\"@id\":\"https:\\\/\\\/woffu.com\\\/ca\\\/gestio-de-torns\\\/\",\"url\":\"https:\\\/\\\/woffu.com\\\/ca\\\/gestio-de-torns\\\/\",\"name\":\"Gesti\u00f3 de torns de feina i horaris | Woffu\",\"isPartOf\":{\"@id\":\"https:\\\/\\\/woffu.com\\\/ca\\\/#website\"},\"datePublished\":\"2026-04-07T07:41:22+00:00\",\"dateModified\":\"2026-04-07T08:22:47+00:00\",\"description\":\"Optimitza la gesti\u00f3 de torns de treball amb Woffu. Control horari intel\u00b7ligent, torns rotatius i flexibilitat hor\u00e0ria adaptada a cada equip\",\"breadcrumb\":{\"@id\":\"https:\\\/\\\/woffu.com\\\/ca\\\/gestio-de-torns\\\/#breadcrumb\"},\"inLanguage\":\"ca-ES\",\"potentialAction\":[{\"@type\":\"ReadAction\",\"target\":[\"https:\\\/\\\/woffu.com\\\/ca\\\/gestio-de-torns\\\/\"]}]},{\"@type\":\"BreadcrumbList\",\"@id\":\"https:\\\/\\\/woffu.com\\\/ca\\\/gestio-de-torns\\\/#breadcrumb\",\"itemListElement\":[{\"@type\":\"ListItem\",\"position\":1,\"name\":\"Portada\",\"item\":\"https:\\\/\\\/woffu.com\\\/ca\\\/\"},{\"@type\":\"ListItem\",\"position\":2,\"name\":\"Gesti\u00f3 de torns i horaris de treball\"}]},{\"@type\":\"WebSite\",\"@id\":\"https:\\\/\\\/woffu.com\\\/ca\\\/#website\",\"url\":\"https:\\\/\\\/woffu.com\\\/ca\\\/\",\"name\":\"Woffu\",\"description\":\"Woffu es una plataforma digital que facilita la gesti\u00f3n del tiempo laboral, control horario, vacaciones y ausencias, optimizando procesos de recursos humanos y asegurando el cumplimiento normativo en las empresas.\",\"publisher\":{\"@id\":\"https:\\\/\\\/woffu.com\\\/ca\\\/#organization\"},\"alternateName\":\"Woffu\",\"potentialAction\":[{\"@type\":\"SearchAction\",\"target\":{\"@type\":\"EntryPoint\",\"urlTemplate\":\"https:\\\/\\\/woffu.com\\\/ca\\\/?s={search_term_string}\"},\"query-input\":{\"@type\":\"PropertyValueSpecification\",\"valueRequired\":true,\"valueName\":\"search_term_string\"}}],\"inLanguage\":\"ca-ES\"},{\"@type\":\"Organization\",\"@id\":\"https:\\\/\\\/woffu.com\\\/ca\\\/#organization\",\"name\":\"Woffu\",\"url\":\"https:\\\/\\\/woffu.com\\\/ca\\\/\",\"logo\":{\"@type\":\"ImageObject\",\"inLanguage\":\"ca-ES\",\"@id\":\"https:\\\/\\\/woffu.com\\\/ca\\\/#\\\/schema\\\/logo\\\/image\\\/\",\"url\":\"https:\\\/\\\/woffu.com\\\/wp-content\\\/uploads\\\/2021\\\/08\\\/logo-woffu-dark.svg\",\"contentUrl\":\"https:\\\/\\\/woffu.com\\\/wp-content\\\/uploads\\\/2021\\\/08\\\/logo-woffu-dark.svg\",\"width\":161,\"height\":38,\"caption\":\"Woffu\"},\"image\":{\"@id\":\"https:\\\/\\\/woffu.com\\\/ca\\\/#\\\/schema\\\/logo\\\/image\\\/\"},\"sameAs\":[\"https:\\\/\\\/www.facebook.com\\\/woffu\\\/\",\"https:\\\/\\\/x.com\\\/Woffu_App\",\"https:\\\/\\\/www.instagram.com\\\/woffu\\\/\",\"https:\\\/\\\/www.linkedin.com\\\/company\\\/woffu\\\/\"],\"telephone\":\"+34 932059750\",\"address\":{\"@type\":\"PostalAddress\",\"streetAddress\":\"Carrer de Mexic, 8\",\"postalCode\":\"08004\",\"addressLocality\":\"Barcelona\",\"addressCountry\":\"ES\"},\"contactPoint\":[{\"@type\":\"ContactPoint\",\"contactType\":\"customer support\",\"telephone\":\"+34 932059750\",\"email\":\"help@woffu.com\",\"url\":\"https:\\\/\\\/woffu.com\\\/es\\\/contacto\\\/\",\"areaServed\":\"ES\",\"availableLanguage\":[\"es\",\"en\"],\"hoursAvailable\":[{\"@type\":\"OpeningHoursSpecification\",\"dayOfWeek\":[\"https:\\\/\\\/schema.org\\\/Monday\",\"https:\\\/\\\/schema.org\\\/Tuesday\",\"https:\\\/\\\/schema.org\\\/Wednesday\",\"https:\\\/\\\/schema.org\\\/Thursday\"],\"opens\":\"08:30\",\"closes\":\"19:00\"},{\"@type\":\"OpeningHoursSpecification\",\"dayOfWeek\":\"https:\\\/\\\/schema.org\\\/Friday\",\"opens\":\"08:30\",\"closes\":\"14:00\"}]},{\"@type\":\"ContactPoint\",\"contactType\":\"sales\",\"telephone\":\"+34 932059750\",\"email\":\"sales@woffu.com\",\"url\":\"https:\\\/\\\/woffu.com\\\/es\\\/demo\\\/\",\"areaServed\":\"ES\",\"availableLanguage\":[\"es\",\"en\"],\"hoursAvailable\":[{\"@type\":\"OpeningHoursSpecification\",\"dayOfWeek\":[\"https:\\\/\\\/schema.org\\\/Monday\",\"https:\\\/\\\/schema.org\\\/Tuesday\",\"https:\\\/\\\/schema.org\\\/Wednesday\",\"https:\\\/\\\/schema.org\\\/Thursday\"],\"opens\":\"08:30\",\"closes\":\"19:00\"},{\"@type\":\"OpeningHoursSpecification\",\"dayOfWeek\":\"https:\\\/\\\/schema.org\\\/Friday\",\"opens\":\"08:30\",\"closes\":\"14:00\"}]}]}]}<\/script>\n<!-- \/ Yoast SEO plugin. -->","yoast_head_json":{"title":"Gesti\u00f3 de torns de feina i horaris | Woffu","description":"Optimitza la gesti\u00f3 de torns de treball amb Woffu. Control horari intel\u00b7ligent, torns rotatius i flexibilitat hor\u00e0ria adaptada a cada equip","robots":{"index":"index","follow":"follow","max-snippet":"max-snippet:-1","max-image-preview":"max-image-preview:large","max-video-preview":"max-video-preview:-1"},"canonical":"https:\/\/woffu.com\/ca\/gestio-de-torns\/","og_locale":"ca_ES","og_type":"article","og_title":"Gesti\u00f3 de torns de feina i horaris | Woffu","og_description":"Optimitza la gesti\u00f3 de torns de treball amb Woffu. Control horari intel\u00b7ligent, torns rotatius i flexibilitat hor\u00e0ria adaptada a cada equip","og_url":"https:\/\/woffu.com\/ca\/gestio-de-torns\/","og_site_name":"Woffu","article_publisher":"https:\/\/www.facebook.com\/woffu\/","article_modified_time":"2026-04-07T08:22:47+00:00","og_image":[{"width":625,"height":332,"url":"https:\/\/woffu.com\/wp-content\/uploads\/2025\/07\/woffu-logo-color-marketplace.webp","type":"image\/webp"}],"twitter_card":"summary_large_image","twitter_site":"@Woffu_App","twitter_misc":{"Est. reading time":"9 minutes"},"schema":{"@context":"https:\/\/schema.org","@graph":[{"@type":"WebPage","@id":"https:\/\/woffu.com\/ca\/gestio-de-torns\/","url":"https:\/\/woffu.com\/ca\/gestio-de-torns\/","name":"Gesti\u00f3 de torns de feina i horaris | Woffu","isPartOf":{"@id":"https:\/\/woffu.com\/ca\/#website"},"datePublished":"2026-04-07T07:41:22+00:00","dateModified":"2026-04-07T08:22:47+00:00","description":"Optimitza la gesti\u00f3 de torns de treball amb Woffu. Control horari intel\u00b7ligent, torns rotatius i flexibilitat hor\u00e0ria adaptada a cada equip","breadcrumb":{"@id":"https:\/\/woffu.com\/ca\/gestio-de-torns\/#breadcrumb"},"inLanguage":"ca-ES","potentialAction":[{"@type":"ReadAction","target":["https:\/\/woffu.com\/ca\/gestio-de-torns\/"]}]},{"@type":"BreadcrumbList","@id":"https:\/\/woffu.com\/ca\/gestio-de-torns\/#breadcrumb","itemListElement":[{"@type":"ListItem","position":1,"name":"Portada","item":"https:\/\/woffu.com\/ca\/"},{"@type":"ListItem","position":2,"name":"Gesti\u00f3 de torns i horaris de treball"}]},{"@type":"WebSite","@id":"https:\/\/woffu.com\/ca\/#website","url":"https:\/\/woffu.com\/ca\/","name":"Woffu","description":"Woffu es una plataforma digital que facilita la gesti\u00f3n del tiempo laboral, control horario, vacaciones y ausencias, optimizando procesos de recursos humanos y asegurando el cumplimiento normativo en las empresas.","publisher":{"@id":"https:\/\/woffu.com\/ca\/#organization"},"alternateName":"Woffu","potentialAction":[{"@type":"SearchAction","target":{"@type":"EntryPoint","urlTemplate":"https:\/\/woffu.com\/ca\/?s={search_term_string}"},"query-input":{"@type":"PropertyValueSpecification","valueRequired":true,"valueName":"search_term_string"}}],"inLanguage":"ca-ES"},{"@type":"Organization","@id":"https:\/\/woffu.com\/ca\/#organization","name":"Woffu","url":"https:\/\/woffu.com\/ca\/","logo":{"@type":"ImageObject","inLanguage":"ca-ES","@id":"https:\/\/woffu.com\/ca\/#\/schema\/logo\/image\/","url":"https:\/\/woffu.com\/wp-content\/uploads\/2021\/08\/logo-woffu-dark.svg","contentUrl":"https:\/\/woffu.com\/wp-content\/uploads\/2021\/08\/logo-woffu-dark.svg","width":161,"height":38,"caption":"Woffu"},"image":{"@id":"https:\/\/woffu.com\/ca\/#\/schema\/logo\/image\/"},"sameAs":["https:\/\/www.facebook.com\/woffu\/","https:\/\/x.com\/Woffu_App","https:\/\/www.instagram.com\/woffu\/","https:\/\/www.linkedin.com\/company\/woffu\/"],"telephone":"+34 932059750","address":{"@type":"PostalAddress","streetAddress":"Carrer de Mexic, 8","postalCode":"08004","addressLocality":"Barcelona","addressCountry":"ES"},"contactPoint":[{"@type":"ContactPoint","contactType":"customer support","telephone":"+34 932059750","email":"help@woffu.com","url":"https:\/\/woffu.com\/es\/contacto\/","areaServed":"ES","availableLanguage":["es","en"],"hoursAvailable":[{"@type":"OpeningHoursSpecification","dayOfWeek":["https:\/\/schema.org\/Monday","https:\/\/schema.org\/Tuesday","https:\/\/schema.org\/Wednesday","https:\/\/schema.org\/Thursday"],"opens":"08:30","closes":"19:00"},{"@type":"OpeningHoursSpecification","dayOfWeek":"https:\/\/schema.org\/Friday","opens":"08:30","closes":"14:00"}]},{"@type":"ContactPoint","contactType":"sales","telephone":"+34 932059750","email":"sales@woffu.com","url":"https:\/\/woffu.com\/es\/demo\/","areaServed":"ES","availableLanguage":["es","en"],"hoursAvailable":[{"@type":"OpeningHoursSpecification","dayOfWeek":["https:\/\/schema.org\/Monday","https:\/\/schema.org\/Tuesday","https:\/\/schema.org\/Wednesday","https:\/\/schema.org\/Thursday"],"opens":"08:30","closes":"19:00"},{"@type":"OpeningHoursSpecification","dayOfWeek":"https:\/\/schema.org\/Friday","opens":"08:30","closes":"14:00"}]}]}]}},"_links":{"self":[{"href":"https:\/\/woffu.com\/ca\/wp-json\/wp\/v2\/pages\/15176","targetHints":{"allow":["GET"]}}],"collection":[{"href":"https:\/\/woffu.com\/ca\/wp-json\/wp\/v2\/pages"}],"about":[{"href":"https:\/\/woffu.com\/ca\/wp-json\/wp\/v2\/types\/page"}],"author":[{"embeddable":true,"href":"https:\/\/woffu.com\/ca\/wp-json\/wp\/v2\/users\/1"}],"replies":[{"embeddable":true,"href":"https:\/\/woffu.com\/ca\/wp-json\/wp\/v2\/comments?post=15176"}],"version-history":[{"count":17,"href":"https:\/\/woffu.com\/ca\/wp-json\/wp\/v2\/pages\/15176\/revisions"}],"predecessor-version":[{"id":15227,"href":"https:\/\/woffu.com\/ca\/wp-json\/wp\/v2\/pages\/15176\/revisions\/15227"}],"wp:attachment":[{"href":"https:\/\/woffu.com\/ca\/wp-json\/wp\/v2\/media?parent=15176"}],"curies":[{"name":"wp","href":"https:\/\/api.w.org\/{rel}","templated":true}]}}