{"id":15140,"date":"2026-04-07T09:26:28","date_gmt":"2026-04-07T07:26:28","guid":{"rendered":"https:\/\/woffu.com\/canal-de-denuncies-per-a-empreses-empleats-i-proveidors\/"},"modified":"2026-04-07T09:35:55","modified_gmt":"2026-04-07T07:35:55","slug":"canal-de-denuncies-per-a-empreses-empleats-i-proveidors","status":"publish","type":"page","link":"https:\/\/woffu.com\/ca\/canal-de-denuncies-per-a-empreses-empleats-i-proveidors\/","title":{"rendered":"Canal de Den\u00fancies per a empreses, empleats i prove\u00efdors"},"content":{"rendered":"<div class=\"wpb-content-wrapper\"><p>[vc_section el_class=&#8221;features-hero&#8221;][vc_row][vc_column][vc_column_text el_class=&#8221;features-hero-caption large&#8221;]<\/p>\n<h1>Canal de Den\u00fancies per a empreses, empleats i prove\u00efdors<\/h1>\n<p>Assegura el compliment total de la normativa Whistleblowing i transforma el teu entorn laboral amb un programari an\u00f2nim i segur.[\/vc_column_text][vc_btn title=&#8221;Solicita una demo&#8221; css=&#8221;&#8221; link=&#8221;url:https%3A%2F%2Fwoffu.com%2Fca%2Fdemo%2F|title:Solicita%20una%20demo|&#8221; el_class=&#8221;btn btn-dark-new&#8221;][vc_single_image image=&#8221;9552&#8243; img_size=&#8221;full&#8221;][\/vc_column][\/vc_row][\/vc_section][vc_section el_class=&#8221;features-logos&#8221;][vc_row][vc_column][vc_column_text css=&#8221;&#8221; el_class=&#8221;features-logos-caption&#8221;]Descobreix per qu\u00e8 m\u00e9s de 3.000 clients fan servir el nostre programari[\/vc_column_text]<div class=\"imagelist-container  features-logos-imagelist\" id=\"\">\r\n                    <ul class=\"imagelist\">\r\n                      <li><img decoding=\"async\" src=\"https:\/\/woffu.com\/wp-content\/uploads\/2024\/05\/logo-maersk.svg\" alt=\"\" \/><\/li><li><img decoding=\"async\" src=\"https:\/\/woffu.com\/wp-content\/uploads\/2024\/05\/logo-kelloggs.svg\" alt=\"\" \/><\/li><li><img decoding=\"async\" src=\"https:\/\/woffu.com\/wp-content\/uploads\/2024\/05\/logo-isdin.svg\" alt=\"\" \/><\/li><li><img decoding=\"async\" src=\"https:\/\/woffu.com\/wp-content\/uploads\/2024\/05\/logo-prisa.svg\" alt=\"\" \/><\/li><li><img decoding=\"async\" src=\"https:\/\/woffu.com\/wp-content\/uploads\/2024\/05\/logo-viena.svg\" alt=\"\" \/><\/li>\r\n                    <\/ul>\r\n                <\/div>[\/vc_column][\/vc_row][\/vc_section][vc_section el_class=&#8221;features-section pb-0&#8243;][vc_row][vc_column el_class=&#8221;features-section-caption&#8221;][vc_column_text css=&#8221;&#8221;]<\/p>\n<h2>Amb Woffu et garantim complir les legislacions vigents<\/h2>\n<p>En primer lloc amb la Llei de <a href=\"https:\/\/woffu.com\/ca\/control-horari-i-gestio-de-la-presencia\/\">Control Horari<\/a> , sent especialistes en aquesta \u00e0rea. I tamb\u00e9, amb el Canal de Den\u00fancies.[\/vc_column_text][\/vc_column][\/vc_row][vc_row el_class=&#8221;features-row&#8221;][vc_column width=&#8221;1\/2&#8243; el_class=&#8221;features-row-caption&#8221;][vc_column_text]<\/p>\n<h3>Compleix la normativa amb el canal de den\u00fancies<\/h3>\n<p>Compleix amb les regulacions que <strong>exigeix \u200b\u200bla normativa Whistleblowing<\/strong> .<\/p>\n<ul>\n<li><strong>\u00c9s obligatori que empreses amb m\u00e9s de 50 empleats<\/strong> , tant del sector p\u00fablic com privat, <strong>implementin un canal de den\u00fancies<\/strong> intern.<\/li>\n<li>Nom\u00e9s el responsable del sistema pot <strong>respondre i fer el seguiment<\/strong> de la situaci\u00f3 denunciada.<\/li>\n<li>Evita <strong>sancions<\/strong> significatives de fins a <strong>1.000.000 \u20ac<\/strong> .<\/li>\n<\/ul>\n<p>[\/vc_column_text][vc_btn title=&#8221;Saber m\u00e1s&#8221; css=&#8221;&#8221; link=&#8221;url:https%3A%2F%2Fwoffu.com%2Fca%2Fdemo%2F|title:Saber%20m%C3%A1s|&#8221; el_class=&#8221;btn btn-more-new&#8221;][\/vc_column][vc_column width=&#8221;1\/2&#8243; el_class=&#8221;features-row-picture&#8221;][vc_single_image image=&#8221;9556&#8243; img_size=&#8221;full&#8221; alignment=&#8221;right&#8221;][\/vc_column][\/vc_row][vc_row el_class=&#8221;features-row features-row-right&#8221;][vc_column width=&#8221;1\/2&#8243; el_class=&#8221;features-row-caption&#8221;][vc_column_text css=&#8221;&#8221;]<\/p>\n<h3>Cuida la imatge de la teva empresa<\/h3>\n<p>El canal de den\u00fancies <strong>s&#8217;adapta a est\u00e0ndards globals de conducta empresarial<\/strong> , millorant la reputaci\u00f3 de l&#8217;empresa.<\/p>\n<ul>\n<li>Promou un <a href=\"https:\/\/woffu.com\/es\/blog\/personas\/salud-mental-en-el-trabajo\/\">ambient de treball<\/a> m\u00e9s <strong>\u00e8tic, transparent i respectu\u00f3s<\/strong> .<\/li>\n<li>Facilita la <strong>detecci\u00f3 primerenca<\/strong> de conductes indegudes o actes il\u00b7l\u00edcits entre prove\u00efdors i empleats.<\/li>\n<li>Permet una gesti\u00f3 <strong>ordenada i centralitzada<\/strong> de les den\u00fancies, optimitzant els recursos i els temps de resposta.<\/li>\n<\/ul>\n<p>[\/vc_column_text][vc_btn title=&#8221;Consulta planes&#8221; css=&#8221;&#8221; link=&#8221;url:https%3A%2F%2Fwoffu.com%2Fca%2Fpreus-woffu%2F|title:Consulta%20planes|&#8221; el_class=&#8221;btn btn-more-new&#8221;][\/vc_column][vc_column width=&#8221;1\/2&#8243; el_class=&#8221;features-row-picture&#8221;][vc_single_image image=&#8221;9560&#8243; img_size=&#8221;full&#8221; alignment=&#8221;right&#8221;][\/vc_column][\/vc_row][vc_row el_class=&#8221;features-row&#8221;][vc_column width=&#8221;1\/2&#8243; el_class=&#8221;features-row-caption&#8221;][vc_column_text]<\/p>\n<h3>Un ambient segur amb el canal de den\u00fancies<\/h3>\n<p>Perqu\u00e8 empleats i prove\u00efdors reportin irregularitats sense por de repres\u00e0lies.<\/p>\n<ul>\n<li>Tenen lliure elecci\u00f3 de presentar una den\u00fancia de forma <strong>an\u00f2nima o amb les seves dades personals<\/strong> .<\/li>\n<li><strong>Seguiment de la situaci\u00f3<\/strong> denunciada mitjan\u00e7ant un ID \u00fanic.<\/li>\n<li><strong>Documents, imatges<\/strong> i qualsevol tipus de fitxer poden ser <strong>adjunts<\/strong> per detallar la situaci\u00f3.<\/li>\n<\/ul>\n<p>[\/vc_column_text][vc_btn title=&#8221;Solicita una Demo&#8221; css=&#8221;&#8221; link=&#8221;url:https%3A%2F%2Fwoffu.com%2Fca%2Fdemo%2F|title:Solicita%20una%20Demo|&#8221; el_class=&#8221;btn btn-more-new&#8221;][\/vc_column][vc_column width=&#8221;1\/2&#8243; el_class=&#8221;features-row-picture&#8221;][vc_single_image image=&#8221;9564&#8243; img_size=&#8221;full&#8221; alignment=&#8221;right&#8221;][\/vc_column][\/vc_row][vc_row el_class=&#8221;steps-section&#8221;][vc_column][vc_column_text el_class=&#8221;steps-section-caption&#8221;]<\/p>\n<h3>Nom\u00e9s 3 passos per enviar una den\u00fancia amb un proc\u00e9s transparent, f\u00e0cil i segur<\/h3>\n<p>[\/vc_column_text][vc_row_inner el_class=&#8221;steps-row&#8221;][vc_column_inner el_class=&#8221;step-card&#8221; width=&#8221;1\/3&#8243;][vc_single_image image=&#8221;9592&#8243; img_size=&#8221;full&#8221; el_class=&#8221;step-card-image&#8221;][vc_custom_heading text=&#8221;1. Crea una den\u00fancia&#8221; font_container=&#8221;tag:h4|text_align:left&#8221; el_class=&#8221;step-card-title&#8221;][vc_column_text el_class=&#8221;step-card-caption&#8221;]Selecciona si vols mantenir-te an\u00f2nim o vols facilitar les dades.[\/vc_column_text][\/vc_column_inner][vc_column_inner el_class=&#8221;step-card&#8221; width=&#8221;1\/3&#8243;][vc_single_image image=&#8221;9596&#8243; img_size=&#8221;full&#8221; el_class=&#8221;step-card-image arrow-down&#8221;][vc_custom_heading text=&#8221;2. Crea la contrasenya&#8221; font_container=&#8221;tag:h4|text_align:left&#8221; el_class=&#8221;step-card-title&#8221;][vc_column_text el_class=&#8221;step-card-caption&#8221;]Amb almenys 10 car\u00e0cters per fer seguiment a la situaci\u00f3.[\/vc_column_text][\/vc_column_inner][vc_column_inner el_class=&#8221;step-card&#8221; width=&#8221;1\/3&#8243;][vc_single_image image=&#8221;9600&#8243; img_size=&#8221;full&#8221; el_class=&#8221;step-card-image arrow-up&#8221;][vc_custom_heading text=&#8221;3. Copia l&apos;identificador i conserva&apos;l&#8221; font_container=&#8221;tag:h4|text_align:left&#8221; el_class=&#8221;step-card-title&#8221;][vc_column_text el_class=&#8221;step-card-caption&#8221;]Per fer seguiment de la irregularitat, rebre actualitzacions, afegir m\u00e9s comentaris o documents.[\/vc_column_text][\/vc_column_inner][\/vc_row_inner][\/vc_column][\/vc_row][vc_row el_class=&#8221;cta-form-row&#8221;][vc_column width=&#8221;1\/2&#8243; el_class=&#8221;cta-form-container&#8221;][vc_custom_heading text=&#8221;Sol\u00b7licita una demo personalitzada&#8221; use_theme_fonts=&#8221;yes&#8221;][vc_column_text]Un especialista us ensenyar\u00e0 la plataforma en acci\u00f3 i descobrireu per qu\u00e8 Woffu \u00e9s la soluci\u00f3 per a tu.[\/vc_column_text][vc_raw_html]PGlmcmFtZSBpZD0icGFyZG90LWlmcmFtZSIgc3JjPSJodHRwczovL2dvLndvZmZ1LmNvbS9sLzc3NTM0My8yMDIwLTAzLTIzLzR3anl2diIgd2lkdGg9IjEwMCUiIGhlaWdodD0iNjIwcHgiIHR5cGU9InRleHQvaHRtbCIgZnJhbWVib3JkZXI9IjAiIGFsbG93dHJhbnNwYXJlbmN5PSJ0cnVlIiBzdHlsZT0iYm9yZGVyOiAwIj48L2lmcmFtZT4=[\/vc_raw_html][\/vc_column][vc_column width=&#8221;1\/2&#8243;][vc_single_image image=&#8221;9606&#8243; img_size=&#8221;full&#8221;][\/vc_column][\/vc_row][\/vc_section][vc_section el_class=&#8221;qa-section&#8221;][vc_row][vc_column][vc_custom_heading text=&#8221;Preguntes freq\u00fcents&#8221; font_container=&#8221;tag:h2|text_align:center&#8221;][vc_toggle title=&#8221;Qu\u00e8 diu la Normativa Whistleblowing?&#8221; open=&#8221;true&#8221;]La Normativa Whistleblowing, tamb\u00e9 coneguda com la legislaci\u00f3 sobre den\u00fancies d&#8217;irregularitats, estableix un marc legal per a la protecci\u00f3 dels denunciants a les empreses. Obliga les empreses de m\u00e9s de 50 empleats, tant de car\u00e0cter p\u00fablic i privat, a implementar canals segurs i an\u00f2nims perqu\u00e8 empleats, prove\u00efdors i col\u00b7laboradors puguin reportar, sense por de repres\u00e0lies, qualsevol activitat irregular.[\/vc_toggle][vc_toggle title=&#8221;Qu\u00e8 \u00e9s un canal de den\u00fancies?&#8221;]Un canal de den\u00fancies \u00e9s un sistema implementat per les organitzacions per permetre a empleats, prove\u00efdors i altres parts interessades reportar de manera confidencial i segura qualsevol mena d&#8217;irregularitat, mala conducta o violaci\u00f3 de pol\u00edtiques dins de l&#8217;empresa. Aquests sistemes garanteixen anonimat i protecci\u00f3 contra repres\u00e0lies als denunciants.[\/vc_toggle][vc_toggle title=&#8221;Quan entra en vigor?&#8221;]Segons el que estableix el Butllet\u00ed Oficial de l&#8217;Estat (BOE), les empreses tenen un per\u00edode de tres mesos per adequar-se a la nova legislaci\u00f3 des de la seva entrada en vigor. Aquesta normativa estableix dues dates l\u00edmit diferents, basades en la mida de l&#8217;empresa: <\/p>\n<ul>\n<li>Per a empreses amb m\u00e9s de 249 empleats, el Canal de Den\u00fancies s&#8217;ha d&#8217;implementar abans del 13 de juny del 2023.<\/li>\n<li>Per a empreses amb entre 50 i 249 empleats, el Canal de Den\u00fancies s&#8217;ha d&#8217;implementar abans de l&#8217;1 de desembre del 2023.<\/li>\n<\/ul>\n<p>[\/vc_toggle][vc_toggle title=&#8221;Quina mena d&apos;irregularitats s\u00f3n les m\u00e9s susceptibles de ser denunciades a trav\u00e9s del canal de den\u00fancies?&#8221;]Les irregularitats m\u00e9s comunes que es denuncien inclouen frau, corrupci\u00f3, incompliment de normatives de seguretat i salut, violacions de drets laborals i pr\u00e0ctiques anti\u00e8tiques o il\u00b7legals. Aquests canals estan dissenyats per capturar una \u00e0mplia gamma de preocupacions, des de problemes menors fins a infraccions greus.[\/vc_toggle][vc_toggle title=&#8221;A quines empreses afecta la nova normativa?&#8221;]La nova normativa Whistleblowing afecta principalment empreses amb m\u00e9s de 50 empleats, tant de car\u00e0cter p\u00fablic i privat.[\/vc_toggle][vc_toggle title=&#8221;Quines s\u00f3n les multes i sancions de la Normativa Whistleblowing?&#8221;]La Normativa Whistleblowing estableix un sistema de multes i sancions detallat per garantir el compliment de la regulaci\u00f3. Les sancions varien segons la gravetat de la infracci\u00f3 i si el responsable \u00e9s una persona f\u00edsica o jur\u00eddica: <\/p>\n<ul>\n<li>Per a Persones F\u00edsiques:\n<ul>\n<li>Infraccions lleus: multes des de 1.001-10.000 euros.<\/li>\n<li>Infraccions greus: multes des de 10.001-30.000 euros.<\/li>\n<li>Infraccions molt greus: multes des de 30.001-300.000 euros.<\/li>\n<\/ul>\n<\/li>\n<li>Per a Persones Jur\u00eddiques:\n<ul>\n<li>Infraccions lleus: multes de fins a 100.000 euros.<\/li>\n<li>Infraccions greus: multes entre 100.001 i 600.000 euros.<\/li>\n<li>Infraccions molt greus: multes entre 600.001 i 1.000.000 euros.<\/li>\n<\/ul>\n<\/li>\n<li>Addicionalment, en el cas d&#8217;infraccions molt greus, l&#8217;Autoritat Independent de Protecci\u00f3 de l&#8217;Informant podr\u00e0 acordar:\n<ul>\n<li>Amonestaci\u00f3 p\u00fablica.<\/li>\n<li>Prohibici\u00f3 d&#8217;obtenir subvencions o beneficis fiscals fins a quatre anys.<\/li>\n<li>Prohibici\u00f3 de contractar amb el sector p\u00fablic per fins a tres anys, segons all\u00f2 estipulat a la Llei 9\/2017 de Contractes del Sector P\u00fablic.<\/li>\n<\/ul>\n<\/li>\n<li>Les sancions imposades a entitats jur\u00eddiques per infraccions molt greus amb multes iguals o superiors a 600.001 euros es poden publicar al BOE, incloent detalls sobre el tipus i naturalesa de la infracci\u00f3 i la identitat de les persones responsables, respectant la normativa de protecci\u00f3 de dades.<\/li>\n<\/ul>\n<p>[\/vc_toggle][\/vc_column][\/vc_row][\/vc_section][vc_section][vc_row][vc_column el_class=&#8221;cta-block&#8221;][vc_single_image image=&#8221;9615&#8243; img_size=&#8221;full&#8221;][vc_custom_heading text=&#8221;Tens dubtes?&#8221; font_container=&#8221;tag:h3|text_align:left&#8221; use_theme_fonts=&#8221;yes&#8221; el_class=&#8221;h6&#8243;][vc_column_text el_class=&#8221;cta-block-caption&#8221;]Som aqu\u00ed per ajudar-te. Contacta amb el nostre equip per obtenir atenci\u00f3 personalitzada.[\/vc_column_text][vc_btn title=&#8221;Parla amb nosaltres&#8221; css=&#8221;&#8221; link=&#8221;url:https%3A%2F%2Fwoffu.com%2Fca%2Fdemo%2F|title:Solicita%20una%20demo|&#8221; el_class=&#8221;btn btn-dark-new small&#8221;][\/vc_column][\/vc_row][\/vc_section]<\/p>\n<\/div>","protected":false},"excerpt":{"rendered":"<p>[vc_section el_class=&#8221;features-hero&#8221;][vc_row][vc_column][vc_column_text el_class=&#8221;features-hero-caption large&#8221;] Canal de Den\u00fancies per a empreses, empleats i prove\u00efdors Assegura el compliment total de la normativa [&hellip;]<\/p>\n","protected":false},"author":1,"featured_media":0,"parent":0,"menu_order":0,"comment_status":"closed","ping_status":"closed","template":"page-new.php","meta":{"_acf_changed":false,"inline_featured_image":false,"footnotes":""},"class_list":["post-15140","page","type-page","status-publish","hentry"],"acf":[],"yoast_head":"<!-- This site is optimized with the Yoast SEO plugin v27.3 - https:\/\/yoast.com\/product\/yoast-seo-wordpress\/ -->\n<title>Canal de Den\u00fancies per a empreses, empleats i prove\u00efdors | Woffu<\/title>\n<meta name=\"description\" content=\"Compleix la normativa de whistleblowing amb el canal de den\u00fancies per a empreses de Woffu. Segur, \u00e0gil i des del teu programari de recursos hum\u00e0\" \/>\n<meta name=\"robots\" content=\"index, follow, max-snippet:-1, max-image-preview:large, max-video-preview:-1\" \/>\n<link rel=\"canonical\" href=\"https:\/\/woffu.com\/ca\/canal-de-denuncies-per-a-empreses-empleats-i-proveidors\/\" \/>\n<meta property=\"og:locale\" content=\"ca_ES\" \/>\n<meta property=\"og:type\" content=\"article\" \/>\n<meta property=\"og:title\" content=\"Canal de Den\u00fancies per a empreses, empleats i prove\u00efdors | Woffu\" \/>\n<meta property=\"og:description\" content=\"Compleix la normativa de whistleblowing amb el canal de den\u00fancies per a empreses de Woffu. Segur, \u00e0gil i des del teu programari de recursos hum\u00e0\" \/>\n<meta property=\"og:url\" content=\"https:\/\/woffu.com\/ca\/canal-de-denuncies-per-a-empreses-empleats-i-proveidors\/\" \/>\n<meta property=\"og:site_name\" content=\"Woffu\" \/>\n<meta property=\"article:publisher\" content=\"https:\/\/www.facebook.com\/woffu\/\" \/>\n<meta property=\"article:modified_time\" content=\"2026-04-07T07:35:55+00:00\" \/>\n<meta property=\"og:image\" content=\"https:\/\/woffu.com\/wp-content\/uploads\/2025\/07\/woffu-logo-color-marketplace.webp\" \/>\n\t<meta property=\"og:image:width\" content=\"625\" \/>\n\t<meta property=\"og:image:height\" content=\"332\" \/>\n\t<meta property=\"og:image:type\" content=\"image\/webp\" \/>\n<meta name=\"twitter:card\" content=\"summary_large_image\" \/>\n<meta name=\"twitter:site\" content=\"@Woffu_App\" \/>\n<meta name=\"twitter:label1\" content=\"Est. reading time\" \/>\n\t<meta name=\"twitter:data1\" content=\"8 minutes\" \/>\n<script type=\"application\/ld+json\" class=\"yoast-schema-graph\">{\"@context\":\"https:\\\/\\\/schema.org\",\"@graph\":[{\"@type\":\"WebPage\",\"@id\":\"https:\\\/\\\/woffu.com\\\/ca\\\/canal-de-denuncies-per-a-empreses-empleats-i-proveidors\\\/\",\"url\":\"https:\\\/\\\/woffu.com\\\/ca\\\/canal-de-denuncies-per-a-empreses-empleats-i-proveidors\\\/\",\"name\":\"Canal de Den\u00fancies per a empreses, empleats i prove\u00efdors | Woffu\",\"isPartOf\":{\"@id\":\"https:\\\/\\\/woffu.com\\\/ca\\\/#website\"},\"datePublished\":\"2026-04-07T07:26:28+00:00\",\"dateModified\":\"2026-04-07T07:35:55+00:00\",\"description\":\"Compleix la normativa de whistleblowing amb el canal de den\u00fancies per a empreses de Woffu. Segur, \u00e0gil i des del teu programari de recursos hum\u00e0\",\"breadcrumb\":{\"@id\":\"https:\\\/\\\/woffu.com\\\/ca\\\/canal-de-denuncies-per-a-empreses-empleats-i-proveidors\\\/#breadcrumb\"},\"inLanguage\":\"ca-ES\",\"potentialAction\":[{\"@type\":\"ReadAction\",\"target\":[\"https:\\\/\\\/woffu.com\\\/ca\\\/canal-de-denuncies-per-a-empreses-empleats-i-proveidors\\\/\"]}]},{\"@type\":\"BreadcrumbList\",\"@id\":\"https:\\\/\\\/woffu.com\\\/ca\\\/canal-de-denuncies-per-a-empreses-empleats-i-proveidors\\\/#breadcrumb\",\"itemListElement\":[{\"@type\":\"ListItem\",\"position\":1,\"name\":\"Portada\",\"item\":\"https:\\\/\\\/woffu.com\\\/ca\\\/\"},{\"@type\":\"ListItem\",\"position\":2,\"name\":\"Canal de Den\u00fancies per a empreses, empleats i prove\u00efdors\"}]},{\"@type\":\"WebSite\",\"@id\":\"https:\\\/\\\/woffu.com\\\/ca\\\/#website\",\"url\":\"https:\\\/\\\/woffu.com\\\/ca\\\/\",\"name\":\"Woffu\",\"description\":\"Woffu es una plataforma digital que facilita la gesti\u00f3n del tiempo laboral, control horario, vacaciones y ausencias, optimizando procesos de recursos humanos y asegurando el cumplimiento normativo en las empresas.\",\"publisher\":{\"@id\":\"https:\\\/\\\/woffu.com\\\/ca\\\/#organization\"},\"alternateName\":\"Woffu\",\"potentialAction\":[{\"@type\":\"SearchAction\",\"target\":{\"@type\":\"EntryPoint\",\"urlTemplate\":\"https:\\\/\\\/woffu.com\\\/ca\\\/?s={search_term_string}\"},\"query-input\":{\"@type\":\"PropertyValueSpecification\",\"valueRequired\":true,\"valueName\":\"search_term_string\"}}],\"inLanguage\":\"ca-ES\"},{\"@type\":\"Organization\",\"@id\":\"https:\\\/\\\/woffu.com\\\/ca\\\/#organization\",\"name\":\"Woffu\",\"url\":\"https:\\\/\\\/woffu.com\\\/ca\\\/\",\"logo\":{\"@type\":\"ImageObject\",\"inLanguage\":\"ca-ES\",\"@id\":\"https:\\\/\\\/woffu.com\\\/ca\\\/#\\\/schema\\\/logo\\\/image\\\/\",\"url\":\"https:\\\/\\\/woffu.com\\\/wp-content\\\/uploads\\\/2021\\\/08\\\/logo-woffu-dark.svg\",\"contentUrl\":\"https:\\\/\\\/woffu.com\\\/wp-content\\\/uploads\\\/2021\\\/08\\\/logo-woffu-dark.svg\",\"width\":161,\"height\":38,\"caption\":\"Woffu\"},\"image\":{\"@id\":\"https:\\\/\\\/woffu.com\\\/ca\\\/#\\\/schema\\\/logo\\\/image\\\/\"},\"sameAs\":[\"https:\\\/\\\/www.facebook.com\\\/woffu\\\/\",\"https:\\\/\\\/x.com\\\/Woffu_App\",\"https:\\\/\\\/www.instagram.com\\\/woffu\\\/\",\"https:\\\/\\\/www.linkedin.com\\\/company\\\/woffu\\\/\"],\"telephone\":\"+34 932059750\",\"address\":{\"@type\":\"PostalAddress\",\"streetAddress\":\"Carrer de Mexic, 8\",\"postalCode\":\"08004\",\"addressLocality\":\"Barcelona\",\"addressCountry\":\"ES\"},\"contactPoint\":[{\"@type\":\"ContactPoint\",\"contactType\":\"customer support\",\"telephone\":\"+34 932059750\",\"email\":\"help@woffu.com\",\"url\":\"https:\\\/\\\/woffu.com\\\/es\\\/contacto\\\/\",\"areaServed\":\"ES\",\"availableLanguage\":[\"es\",\"en\"],\"hoursAvailable\":[{\"@type\":\"OpeningHoursSpecification\",\"dayOfWeek\":[\"https:\\\/\\\/schema.org\\\/Monday\",\"https:\\\/\\\/schema.org\\\/Tuesday\",\"https:\\\/\\\/schema.org\\\/Wednesday\",\"https:\\\/\\\/schema.org\\\/Thursday\"],\"opens\":\"08:30\",\"closes\":\"19:00\"},{\"@type\":\"OpeningHoursSpecification\",\"dayOfWeek\":\"https:\\\/\\\/schema.org\\\/Friday\",\"opens\":\"08:30\",\"closes\":\"14:00\"}]},{\"@type\":\"ContactPoint\",\"contactType\":\"sales\",\"telephone\":\"+34 932059750\",\"email\":\"sales@woffu.com\",\"url\":\"https:\\\/\\\/woffu.com\\\/es\\\/demo\\\/\",\"areaServed\":\"ES\",\"availableLanguage\":[\"es\",\"en\"],\"hoursAvailable\":[{\"@type\":\"OpeningHoursSpecification\",\"dayOfWeek\":[\"https:\\\/\\\/schema.org\\\/Monday\",\"https:\\\/\\\/schema.org\\\/Tuesday\",\"https:\\\/\\\/schema.org\\\/Wednesday\",\"https:\\\/\\\/schema.org\\\/Thursday\"],\"opens\":\"08:30\",\"closes\":\"19:00\"},{\"@type\":\"OpeningHoursSpecification\",\"dayOfWeek\":\"https:\\\/\\\/schema.org\\\/Friday\",\"opens\":\"08:30\",\"closes\":\"14:00\"}]}]}]}<\/script>\n<!-- \/ Yoast SEO plugin. -->","yoast_head_json":{"title":"Canal de Den\u00fancies per a empreses, empleats i prove\u00efdors | Woffu","description":"Compleix la normativa de whistleblowing amb el canal de den\u00fancies per a empreses de Woffu. Segur, \u00e0gil i des del teu programari de recursos hum\u00e0","robots":{"index":"index","follow":"follow","max-snippet":"max-snippet:-1","max-image-preview":"max-image-preview:large","max-video-preview":"max-video-preview:-1"},"canonical":"https:\/\/woffu.com\/ca\/canal-de-denuncies-per-a-empreses-empleats-i-proveidors\/","og_locale":"ca_ES","og_type":"article","og_title":"Canal de Den\u00fancies per a empreses, empleats i prove\u00efdors | Woffu","og_description":"Compleix la normativa de whistleblowing amb el canal de den\u00fancies per a empreses de Woffu. Segur, \u00e0gil i des del teu programari de recursos hum\u00e0","og_url":"https:\/\/woffu.com\/ca\/canal-de-denuncies-per-a-empreses-empleats-i-proveidors\/","og_site_name":"Woffu","article_publisher":"https:\/\/www.facebook.com\/woffu\/","article_modified_time":"2026-04-07T07:35:55+00:00","og_image":[{"width":625,"height":332,"url":"https:\/\/woffu.com\/wp-content\/uploads\/2025\/07\/woffu-logo-color-marketplace.webp","type":"image\/webp"}],"twitter_card":"summary_large_image","twitter_site":"@Woffu_App","twitter_misc":{"Est. reading time":"8 minutes"},"schema":{"@context":"https:\/\/schema.org","@graph":[{"@type":"WebPage","@id":"https:\/\/woffu.com\/ca\/canal-de-denuncies-per-a-empreses-empleats-i-proveidors\/","url":"https:\/\/woffu.com\/ca\/canal-de-denuncies-per-a-empreses-empleats-i-proveidors\/","name":"Canal de Den\u00fancies per a empreses, empleats i prove\u00efdors | Woffu","isPartOf":{"@id":"https:\/\/woffu.com\/ca\/#website"},"datePublished":"2026-04-07T07:26:28+00:00","dateModified":"2026-04-07T07:35:55+00:00","description":"Compleix la normativa de whistleblowing amb el canal de den\u00fancies per a empreses de Woffu. Segur, \u00e0gil i des del teu programari de recursos hum\u00e0","breadcrumb":{"@id":"https:\/\/woffu.com\/ca\/canal-de-denuncies-per-a-empreses-empleats-i-proveidors\/#breadcrumb"},"inLanguage":"ca-ES","potentialAction":[{"@type":"ReadAction","target":["https:\/\/woffu.com\/ca\/canal-de-denuncies-per-a-empreses-empleats-i-proveidors\/"]}]},{"@type":"BreadcrumbList","@id":"https:\/\/woffu.com\/ca\/canal-de-denuncies-per-a-empreses-empleats-i-proveidors\/#breadcrumb","itemListElement":[{"@type":"ListItem","position":1,"name":"Portada","item":"https:\/\/woffu.com\/ca\/"},{"@type":"ListItem","position":2,"name":"Canal de Den\u00fancies per a empreses, empleats i prove\u00efdors"}]},{"@type":"WebSite","@id":"https:\/\/woffu.com\/ca\/#website","url":"https:\/\/woffu.com\/ca\/","name":"Woffu","description":"Woffu es una plataforma digital que facilita la gesti\u00f3n del tiempo laboral, control horario, vacaciones y ausencias, optimizando procesos de recursos humanos y asegurando el cumplimiento normativo en las empresas.","publisher":{"@id":"https:\/\/woffu.com\/ca\/#organization"},"alternateName":"Woffu","potentialAction":[{"@type":"SearchAction","target":{"@type":"EntryPoint","urlTemplate":"https:\/\/woffu.com\/ca\/?s={search_term_string}"},"query-input":{"@type":"PropertyValueSpecification","valueRequired":true,"valueName":"search_term_string"}}],"inLanguage":"ca-ES"},{"@type":"Organization","@id":"https:\/\/woffu.com\/ca\/#organization","name":"Woffu","url":"https:\/\/woffu.com\/ca\/","logo":{"@type":"ImageObject","inLanguage":"ca-ES","@id":"https:\/\/woffu.com\/ca\/#\/schema\/logo\/image\/","url":"https:\/\/woffu.com\/wp-content\/uploads\/2021\/08\/logo-woffu-dark.svg","contentUrl":"https:\/\/woffu.com\/wp-content\/uploads\/2021\/08\/logo-woffu-dark.svg","width":161,"height":38,"caption":"Woffu"},"image":{"@id":"https:\/\/woffu.com\/ca\/#\/schema\/logo\/image\/"},"sameAs":["https:\/\/www.facebook.com\/woffu\/","https:\/\/x.com\/Woffu_App","https:\/\/www.instagram.com\/woffu\/","https:\/\/www.linkedin.com\/company\/woffu\/"],"telephone":"+34 932059750","address":{"@type":"PostalAddress","streetAddress":"Carrer de Mexic, 8","postalCode":"08004","addressLocality":"Barcelona","addressCountry":"ES"},"contactPoint":[{"@type":"ContactPoint","contactType":"customer support","telephone":"+34 932059750","email":"help@woffu.com","url":"https:\/\/woffu.com\/es\/contacto\/","areaServed":"ES","availableLanguage":["es","en"],"hoursAvailable":[{"@type":"OpeningHoursSpecification","dayOfWeek":["https:\/\/schema.org\/Monday","https:\/\/schema.org\/Tuesday","https:\/\/schema.org\/Wednesday","https:\/\/schema.org\/Thursday"],"opens":"08:30","closes":"19:00"},{"@type":"OpeningHoursSpecification","dayOfWeek":"https:\/\/schema.org\/Friday","opens":"08:30","closes":"14:00"}]},{"@type":"ContactPoint","contactType":"sales","telephone":"+34 932059750","email":"sales@woffu.com","url":"https:\/\/woffu.com\/es\/demo\/","areaServed":"ES","availableLanguage":["es","en"],"hoursAvailable":[{"@type":"OpeningHoursSpecification","dayOfWeek":["https:\/\/schema.org\/Monday","https:\/\/schema.org\/Tuesday","https:\/\/schema.org\/Wednesday","https:\/\/schema.org\/Thursday"],"opens":"08:30","closes":"19:00"},{"@type":"OpeningHoursSpecification","dayOfWeek":"https:\/\/schema.org\/Friday","opens":"08:30","closes":"14:00"}]}]}]}},"_links":{"self":[{"href":"https:\/\/woffu.com\/ca\/wp-json\/wp\/v2\/pages\/15140","targetHints":{"allow":["GET"]}}],"collection":[{"href":"https:\/\/woffu.com\/ca\/wp-json\/wp\/v2\/pages"}],"about":[{"href":"https:\/\/woffu.com\/ca\/wp-json\/wp\/v2\/types\/page"}],"author":[{"embeddable":true,"href":"https:\/\/woffu.com\/ca\/wp-json\/wp\/v2\/users\/1"}],"replies":[{"embeddable":true,"href":"https:\/\/woffu.com\/ca\/wp-json\/wp\/v2\/comments?post=15140"}],"version-history":[{"count":12,"href":"https:\/\/woffu.com\/ca\/wp-json\/wp\/v2\/pages\/15140\/revisions"}],"predecessor-version":[{"id":15162,"href":"https:\/\/woffu.com\/ca\/wp-json\/wp\/v2\/pages\/15140\/revisions\/15162"}],"wp:attachment":[{"href":"https:\/\/woffu.com\/ca\/wp-json\/wp\/v2\/media?parent=15140"}],"curies":[{"name":"wp","href":"https:\/\/api.w.org\/{rel}","templated":true}]}}