{"id":15103,"date":"2026-04-07T08:27:34","date_gmt":"2026-04-07T06:27:34","guid":{"rendered":"https:\/\/woffu.com\/app-de-control-horari-i-vacances-per-a-empleats\/"},"modified":"2026-04-07T10:22:47","modified_gmt":"2026-04-07T08:22:47","slug":"app-de-control-horari-i-vacances-per-a-empleats","status":"publish","type":"page","link":"https:\/\/woffu.com\/ca\/app-de-control-horari-i-vacances-per-a-empleats\/","title":{"rendered":"App de control horari i vacances per a empleats"},"content":{"rendered":"<div class=\"wpb-content-wrapper\"><p>[vc_section el_class=&#8221;features-hero&#8221;][vc_row][vc_column][vc_column_text el_class=&#8221;features-hero-caption&#8221;]<\/p>\n<h1>App de control horari i vacances per a empleats<\/h1>\n<p>Tota la gesti\u00f3 de fitxatges i abs\u00e8ncies a la butxaca. App per fitxar sense cap preu afegit i sincronitzada amb els teus sistemes i dispositius de RR. HH.[\/vc_column_text][vc_btn title=&#8221;Solicita una demo&#8221; css=&#8221;&#8221; link=&#8221;url:https%3A%2F%2Fwoffu.com%2Fca%2Fdemo%2F|title:Solicita%20una%20demo|&#8221; el_class=&#8221;btn btn-dark-new&#8221;][vc_single_image image=&#8221;9450&#8243; img_size=&#8221;full&#8221;][\/vc_column][\/vc_row][\/vc_section][vc_section el_class=&#8221;features-section&#8221;][vc_row][vc_column el_class=&#8221;features-section-caption&#8221;][vc_column_text]<\/p>\n<h2>Accediu a les principals funcionalitats de Woffu en qualsevol moment i des de qualsevol lloc amb l&#8217;app per fitxar<\/h2>\n<p>Aposta per pol\u00edtiques de treball flexibles de manera segura amb la nostra App de fitxatges, control horari i abs\u00e8ncies.[\/vc_column_text][\/vc_column][\/vc_row][vc_row el_class=&#8221;features-row&#8221;][vc_column width=&#8221;1\/2&#8243; el_class=&#8221;features-row-caption&#8221;][vc_column_text css=&#8221;&#8221;]<\/p>\n<h3>App de control horari i fitxatges<\/h3>\n<p>App per fitxar a la feina, a casa o des de qualsevol ubicaci\u00f3, dissenyada per oferir flexibilitat i precisi\u00f3.<\/p>\n<ul>\n<li>Registra els <strong>fitxatges de manera f\u00e0cil<\/strong> i simple, amb opci\u00f3 de geolocalitzaci\u00f3.<\/li>\n<li><strong>Fitxatge per QR<\/strong> escanejant el codi a trav\u00e9s del tel\u00e8fon m\u00f2bil o tauleta.<\/li>\n<li>El responsable pot <strong>consultar i validar<\/strong> les edicions manuals dels fitxatges del vostre equip.<\/li>\n<li>Sol\u00b7licita <a href=\"https:\/\/woffu.com\/ca\/control-horari-i-gestio-de-la-presencia\/\"><strong>diferents motius de pres\u00e8ncia<\/strong><\/a> : teletreball, hores extraordin\u00e0ries per compensar, treballar en festiu o altres.<\/li>\n<li><strong>Visualitzaci\u00f3 d&#8217;horaris<\/strong> , hores treballades i disponibilitat de l&#8217;equip en temps real.<\/li>\n<li>Calendari d&#8217;horaris i festius <strong>sempre a la m\u00e0<\/strong> .<\/li>\n<li><strong>Gesti\u00f3 f\u00e0cil i intu\u00eftiva<\/strong> per a tota mena d&#8217;horaris i casu\u00edstiques.<\/li>\n<\/ul>\n<p>[\/vc_column_text][vc_btn title=&#8221;Saber m\u00e1s&#8221; css=&#8221;&#8221; link=&#8221;url:https%3A%2F%2Fwoffu.com%2Fca%2Fdemo%2F|title:Saber%20m%C3%A1s|&#8221; el_class=&#8221;btn btn-more-new&#8221;][\/vc_column][vc_column width=&#8221;1\/2&#8243; el_class=&#8221;features-row-picture&#8221;][vc_single_image image=&#8221;9454&#8243; img_size=&#8221;full&#8221; alignment=&#8221;right&#8221;][\/vc_column][\/vc_row][vc_row el_class=&#8221;features-row features-row-right&#8221;][vc_column width=&#8221;1\/2&#8243; el_class=&#8221;features-row-caption&#8221;][vc_column_text css=&#8221;&#8221;]<\/p>\n<h3>App de vacances i abs\u00e8ncies<\/h3>\n<p>Un gestor de vacances de butxaca per sol\u00b7licitar dies i hores dabs\u00e8ncia i adjuntar directament els justificants.<\/p>\n<ul>\n<li>Sol\u00b7licitud senzilla i r\u00e0pida de <a href=\"https:\/\/woffu.com\/ca\/gestor-de-vacances-i-absencies\/\"><strong>vacances i abs\u00e8ncies<\/strong><\/a> (per dies i hores) des del m\u00f2bil o tauleta.<\/li>\n<li><strong>Gesti\u00f3 i aprovaci\u00f3<\/strong> de sol\u00b7licituds per part del responsable en qualsevol moment i lloc.<\/li>\n<li>Pujada senzilla de <strong>justificants<\/strong> amb una foto del m\u00f2bil.<\/li>\n<li>Consulta l&#8217; <strong>estat de les teves sol\u00b7licituds<\/strong> al moment: aprovades, arracades, rebutjades i consumides.<\/li>\n<li><strong>Notificacions instant\u00e0nies<\/strong> daprovaci\u00f3 o rebuig de sol\u00b7licituds.<\/li>\n<\/ul>\n<p>[\/vc_column_text][vc_btn title=&#8221;Solicita una Demo&#8221; css=&#8221;&#8221; link=&#8221;url:https%3A%2F%2Fwoffu.com%2Fca%2Fdemo%2F|title:Solicita%20una%20Demo|&#8221; el_class=&#8221;btn btn-more-new&#8221;][\/vc_column][vc_column width=&#8221;1\/2&#8243; el_class=&#8221;features-row-picture bg-simple&#8221;][vc_single_image image=&#8221;9458&#8243; img_size=&#8221;full&#8221; alignment=&#8221;right&#8221;][\/vc_column][\/vc_row][vc_row el_class=&#8221;features-row&#8221;][vc_column width=&#8221;1\/2&#8243; el_class=&#8221;features-row-caption&#8221;][vc_column_text css=&#8221;&#8221;]<\/p>\n<h3>App per fitxar intu\u00eftiva per a tot el teu equip<\/h3>\n<p>Una experi\u00e8ncia dusuari sense complicacions, assegurant accessibilitat i efici\u00e8ncia per a empleats i responsables.<\/p>\n<ul>\n<li>Accessible i <strong>f\u00e0cil de fer servir<\/strong> per a tots els empleats, sense necessitat de formaci\u00f3.<\/li>\n<li>Els responsables poden <strong>controlar el vostre equip<\/strong> directament des de l&#8217;app, sense haver d&#8217;entrar a la web.<\/li>\n<li>Disseny intu\u00eftiu per a una <strong>r\u00e0pida configuraci\u00f3<\/strong> i \u00fas.<\/li>\n<li>App per fitxar compatible amb tot tipus de dispositius <strong>iOS i Android<\/strong> .<\/li>\n<li>Accediu a <a href=\"https:\/\/woffu.com\/ca\/comunicacio-interna\/\"><strong>documents i comunicats<\/strong><\/a> del tauler d&#8217;anuncis des del m\u00f2bil.<\/li>\n<\/ul>\n<p>[\/vc_column_text][vc_btn title=&#8221;Consulta planes&#8221; css=&#8221;&#8221; link=&#8221;url:https%3A%2F%2Fwoffu.com%2Fca%2Fpreus-woffu%2F|title:Consulta%20planes|&#8221; el_class=&#8221;btn btn-more-new&#8221;][\/vc_column][vc_column width=&#8221;1\/2&#8243; el_class=&#8221;features-row-picture&#8221;][vc_single_image image=&#8221;9464&#8243; img_size=&#8221;full&#8221; alignment=&#8221;right&#8221;][\/vc_column][\/vc_row][vc_row el_class=&#8221;features-row features-row-right&#8221;][vc_column width=&#8221;1\/2&#8243; el_class=&#8221;features-row-caption&#8221;][vc_column_text]<\/p>\n<h3>Flexibilitat hor\u00e0ria i control del teletreball<\/h3>\n<p>App per fitxar adaptada al teletreball, la presencialitat i els models de treball h\u00edbrids.<\/p>\n<ul>\n<li>Aposta per les noves tend\u00e8ncies laborals <strong>fitxant de manera remota<\/strong> .<\/li>\n<li>Visualitzaci\u00f3 i <strong>transpar\u00e8ncia<\/strong> de les hores treballades, vacances i abs\u00e8ncies.<\/li>\n<li>Facilita <strong>flexibilitat hor\u00e0ria<\/strong> al teu equip sense perdre control de la jornada laboral.<\/li>\n<\/ul>\n<p>[\/vc_column_text][vc_btn title=&#8221;Saber m\u00e1s&#8221; css=&#8221;&#8221; link=&#8221;url:https%3A%2F%2Fwoffu.com%2Fca%2Fdemo%2F|title:Saber%20m%C3%A1s|&#8221; el_class=&#8221;btn btn-more-new&#8221;][\/vc_column][vc_column width=&#8221;1\/2&#8243; el_class=&#8221;features-row-picture&#8221;][vc_single_image image=&#8221;9468&#8243; img_size=&#8221;full&#8221; alignment=&#8221;right&#8221;][\/vc_column][\/vc_row][vc_row el_class=&#8221;features-row&#8221;][vc_column width=&#8221;1\/2&#8243; el_class=&#8221;features-row-caption&#8221;][vc_column_text css=&#8221;&#8221;]<\/p>\n<h3>Compleix la Llei de Control Horari amb l&#8217;app per fitxar<\/h3>\n<p>App de Recursos Humans adaptada a la legalitat ia totes les noves normatives vigents.<\/p>\n<ul>\n<li>Compliment amb el <strong>registre de la jornada<\/strong> laboral i normatives de teletreball.<\/li>\n<li><a href=\"https:\/\/woffu.com\/ca\/informes-de-recursos-humans\/\"><strong>Informes detallats<\/strong><\/a> de pres\u00e8ncia i abs\u00e8ncia adaptats a la llei.<\/li>\n<li>Informaci\u00f3 centralitzada i llesta per ser presentada davant de qualsevol <strong>inspecci\u00f3 de treball<\/strong> .<\/li>\n<li>Control del <strong>saldo dhores<\/strong> efectives treballades i hores extra vs. hores estipulades per contracte.<\/li>\n<\/ul>\n<p>[\/vc_column_text][vc_btn title=&#8221;Habla con un experto&#8221; css=&#8221;&#8221; link=&#8221;url:https%3A%2F%2Fwoffu.com%2Fca%2Fdemo%2F|title:Habla%20con%20un%20experto|&#8221; el_class=&#8221;btn btn-more-new&#8221;][\/vc_column][vc_column width=&#8221;1\/2&#8243; el_class=&#8221;features-row-picture&#8221;][vc_single_image image=&#8221;9472&#8243; img_size=&#8221;full&#8221; alignment=&#8221;right&#8221;][\/vc_column][\/vc_row][\/vc_section][vc_section el_class=&#8221;qa-section&#8221;][vc_row][vc_column][vc_custom_heading text=&#8221;Preguntes freq\u00fcents&#8221; font_container=&#8221;tag:h2|text_align:center&#8221;][vc_toggle title=&#8221;L&apos;app de recursos humans de Woffu t\u00e9 algun cost addicional?&#8221; open=&#8221;true&#8221;]No, en contractar qualsevol pla de Woffu, tot el teu equip t\u00e9 acc\u00e9s a les funcionalitats de l&#8217;app per fitxar sense cap cost addicional. La baixada \u00e9s gratu\u00efta i est\u00e0 disponible per a tots els dispositius iOS i Android.[\/vc_toggle][vc_toggle title=&#8221;Com es gestionen els fitxatges amb l&apos;app de Woffu?&#8221;]L&#8217;app de fitxatge de Woffu permet enregistrar la jornada laboral des de la mateixa aplicaci\u00f3 (amb opci\u00f3 d&#8217;activar la geolocalitzaci\u00f3 del dispositiu m\u00f2bil) o escanejant un codi QR amb la c\u00e0mera.<\/p>\n<p> El fitxatge per geolocalitzaci\u00f3 assegura precisi\u00f3 i control per fitxar des d&#8217;una ubicaci\u00f3 espec\u00edfica, mentre que el fitxatge per QR \u00e9s ideal per a accessos r\u00e0pids al lloc de treball.[\/vc_toggle][vc_toggle title=&#8221;Com puc gestionar les meves sol\u00b7licituds de vacances i abs\u00e8ncies des de l&apos;app?&#8221;]Podeu sol\u00b7licitar f\u00e0cilment dies i hores d&#8217;abs\u00e8ncia des de l&#8217;app de Woffu, amb l&#8217;opci\u00f3 d&#8217;adjuntar justificants directament des del m\u00f2bil o la tauleta.<\/p>\n<p> La nostra app de Recursos Humans tamb\u00e9 us permet consultar en temps real l&#8217;estat de les vostres sol\u00b7licituds, mostrant-vos si estan aprovades, pendents, rebutjades o ja consumides.<\/p>\n<p> A m\u00e9s, l&#8217;app per fitxar us enviar\u00e0 una notificaci\u00f3 quan l&#8217;estat de la vostra sol\u00b7licitud s&#8217;actualitzi.[\/vc_toggle][vc_toggle title=&#8221;Quin valor aporta l&apos;app de Woffu als responsables d&apos;equip?&#8221;]<span style=\"font-weight: 400\">La nostra app de Recursos Humans permet aprovar o rebutjar les sol\u00b7licituds d&#8217;abs\u00e8ncia dels empleats i validar edicions de fitxatges.  <\/span><\/p>\n<p><span style=\"font-weight: 400\">Tamb\u00e9 permet tenir una visi\u00f3 clara de la disponibilitat en temps real de qui ha fitxat aquell dia, cosa que facilita la planificaci\u00f3 de l&#8217;equip sense necessitat d&#8217;accedir a Woffu a trav\u00e9s d&#8217;un PC.<\/span>[\/vc_toggle][vc_toggle title=&#8221;Quina informaci\u00f3 us permet consultar l&apos;app de fitxatges i abs\u00e8ncies?&#8221;]L&#8217;app de Woffu proporciona una visi\u00f3 clara dels horaris, les hores treballades i el calendari de vacances i festius de cada treballador, tot en temps real.<\/p>\n<p> Tamb\u00e9 permet accedir als mateixos documents i comunicats que a la versi\u00f3 escriptori de Woffu, fins i tot confirmar la recepci\u00f3 d&#8217;aquests arxius i realitzar signatures digitals si aix\u00ed ho requereix el responsable de RRHH.[\/vc_toggle][vc_toggle title=&#8221;Com facilita l&apos;app de recursos humans la mobilitat i els models de treball h\u00edbrids?&#8221;]L&#8217;app de Woffu permet accedir a funcions de gesti\u00f3 del temps des de qualsevol lloc amb connexi\u00f3 a internet, facilitant la conciliaci\u00f3 laboral i la flexibilitat per realitzar aquestes tasques fora de l&#8217;oficina.<\/p>\n<p> Totes les accions realitzades a l&#8217;app se sincronitzen amb la versi\u00f3 escriptori de Woffu en temps real.[\/vc_toggle][vc_toggle title=&#8221;Com assegura l&apos;app la senzillesa i la seguretat en el seu \u00fas?&#8221;]L&#8217;app per fitxar \u00e9s intu\u00eftiva i f\u00e0cil d&#8217;usar, i \u00e9s ideal per utilitzar en entorns de teletreball o de viatge. En mantenir una alta seguretat en la connexi\u00f3 i transmissi\u00f3 de dades, compleix amb els est\u00e0ndards de legalitat i privadesa.[\/vc_toggle][\/vc_column][\/vc_row][\/vc_section]<\/p>\n<\/div>","protected":false},"excerpt":{"rendered":"<p>[vc_section el_class=&#8221;features-hero&#8221;][vc_row][vc_column][vc_column_text el_class=&#8221;features-hero-caption&#8221;] App de control horari i vacances per a empleats Tota la gesti\u00f3 de fitxatges i abs\u00e8ncies a [&hellip;]<\/p>\n","protected":false},"author":1,"featured_media":0,"parent":0,"menu_order":0,"comment_status":"closed","ping_status":"closed","template":"page-new.php","meta":{"_acf_changed":false,"inline_featured_image":false,"footnotes":""},"class_list":["post-15103","page","type-page","status-publish","hentry"],"acf":[],"yoast_head":"<!-- This site is optimized with the Yoast SEO plugin v27.3 - https:\/\/yoast.com\/product\/yoast-seo-wordpress\/ -->\n<title>App de control horari i vacances per a empleats | Woffu<\/title>\n<meta name=\"description\" content=\"App de control horari de Woffu, els teus empleats podran fitxar a la feina i gestionar vacances des del teu m\u00f2bil amb geolocalitzaci\u00f3 i total comoditat\" \/>\n<meta name=\"robots\" content=\"index, follow, max-snippet:-1, max-image-preview:large, max-video-preview:-1\" \/>\n<link rel=\"canonical\" href=\"https:\/\/woffu.com\/ca\/app-de-control-horari-i-vacances-per-a-empleats\/\" \/>\n<meta property=\"og:locale\" content=\"ca_ES\" \/>\n<meta property=\"og:type\" content=\"article\" \/>\n<meta property=\"og:title\" content=\"App de control horari i vacances per a empleats | Woffu\" \/>\n<meta property=\"og:description\" content=\"App de control horari de Woffu, els teus empleats podran fitxar a la feina i gestionar vacances des del teu m\u00f2bil amb geolocalitzaci\u00f3 i total comoditat.\" \/>\n<meta property=\"og:url\" content=\"https:\/\/woffu.com\/ca\/app-de-control-horari-i-vacances-per-a-empleats\/\" \/>\n<meta property=\"og:site_name\" content=\"Woffu\" \/>\n<meta property=\"article:publisher\" content=\"https:\/\/www.facebook.com\/woffu\/\" \/>\n<meta property=\"article:modified_time\" content=\"2026-04-07T08:22:47+00:00\" \/>\n<meta property=\"og:image\" content=\"https:\/\/woffu.com\/wp-content\/uploads\/2025\/07\/woffu-logo-color-marketplace.webp\" \/>\n\t<meta property=\"og:image:width\" content=\"625\" \/>\n\t<meta property=\"og:image:height\" content=\"332\" \/>\n\t<meta property=\"og:image:type\" content=\"image\/webp\" \/>\n<meta name=\"twitter:card\" content=\"summary_large_image\" \/>\n<meta name=\"twitter:site\" content=\"@Woffu_App\" \/>\n<meta name=\"twitter:label1\" content=\"Est. reading time\" \/>\n\t<meta name=\"twitter:data1\" content=\"7 minutes\" \/>\n<script type=\"application\/ld+json\" class=\"yoast-schema-graph\">{\"@context\":\"https:\\\/\\\/schema.org\",\"@graph\":[{\"@type\":\"WebPage\",\"@id\":\"https:\\\/\\\/woffu.com\\\/ca\\\/app-de-control-horari-i-vacances-per-a-empleats\\\/\",\"url\":\"https:\\\/\\\/woffu.com\\\/ca\\\/app-de-control-horari-i-vacances-per-a-empleats\\\/\",\"name\":\"App de control horari i vacances per a empleats | Woffu\",\"isPartOf\":{\"@id\":\"https:\\\/\\\/woffu.com\\\/ca\\\/#website\"},\"datePublished\":\"2026-04-07T06:27:34+00:00\",\"dateModified\":\"2026-04-07T08:22:47+00:00\",\"description\":\"App de control horari de Woffu, els teus empleats podran fitxar a la feina i gestionar vacances des del teu m\u00f2bil amb geolocalitzaci\u00f3 i total comoditat\",\"breadcrumb\":{\"@id\":\"https:\\\/\\\/woffu.com\\\/ca\\\/app-de-control-horari-i-vacances-per-a-empleats\\\/#breadcrumb\"},\"inLanguage\":\"ca-ES\",\"potentialAction\":[{\"@type\":\"ReadAction\",\"target\":[\"https:\\\/\\\/woffu.com\\\/ca\\\/app-de-control-horari-i-vacances-per-a-empleats\\\/\"]}]},{\"@type\":\"BreadcrumbList\",\"@id\":\"https:\\\/\\\/woffu.com\\\/ca\\\/app-de-control-horari-i-vacances-per-a-empleats\\\/#breadcrumb\",\"itemListElement\":[{\"@type\":\"ListItem\",\"position\":1,\"name\":\"Portada\",\"item\":\"https:\\\/\\\/woffu.com\\\/ca\\\/\"},{\"@type\":\"ListItem\",\"position\":2,\"name\":\"App de control horari i vacances per a empleats\"}]},{\"@type\":\"WebSite\",\"@id\":\"https:\\\/\\\/woffu.com\\\/ca\\\/#website\",\"url\":\"https:\\\/\\\/woffu.com\\\/ca\\\/\",\"name\":\"Woffu\",\"description\":\"Woffu es una plataforma digital que facilita la gesti\u00f3n del tiempo laboral, control horario, vacaciones y ausencias, optimizando procesos de recursos humanos y asegurando el cumplimiento normativo en las empresas.\",\"publisher\":{\"@id\":\"https:\\\/\\\/woffu.com\\\/ca\\\/#organization\"},\"alternateName\":\"Woffu\",\"potentialAction\":[{\"@type\":\"SearchAction\",\"target\":{\"@type\":\"EntryPoint\",\"urlTemplate\":\"https:\\\/\\\/woffu.com\\\/ca\\\/?s={search_term_string}\"},\"query-input\":{\"@type\":\"PropertyValueSpecification\",\"valueRequired\":true,\"valueName\":\"search_term_string\"}}],\"inLanguage\":\"ca-ES\"},{\"@type\":\"Organization\",\"@id\":\"https:\\\/\\\/woffu.com\\\/ca\\\/#organization\",\"name\":\"Woffu\",\"url\":\"https:\\\/\\\/woffu.com\\\/ca\\\/\",\"logo\":{\"@type\":\"ImageObject\",\"inLanguage\":\"ca-ES\",\"@id\":\"https:\\\/\\\/woffu.com\\\/ca\\\/#\\\/schema\\\/logo\\\/image\\\/\",\"url\":\"https:\\\/\\\/woffu.com\\\/wp-content\\\/uploads\\\/2021\\\/08\\\/logo-woffu-dark.svg\",\"contentUrl\":\"https:\\\/\\\/woffu.com\\\/wp-content\\\/uploads\\\/2021\\\/08\\\/logo-woffu-dark.svg\",\"width\":161,\"height\":38,\"caption\":\"Woffu\"},\"image\":{\"@id\":\"https:\\\/\\\/woffu.com\\\/ca\\\/#\\\/schema\\\/logo\\\/image\\\/\"},\"sameAs\":[\"https:\\\/\\\/www.facebook.com\\\/woffu\\\/\",\"https:\\\/\\\/x.com\\\/Woffu_App\",\"https:\\\/\\\/www.instagram.com\\\/woffu\\\/\",\"https:\\\/\\\/www.linkedin.com\\\/company\\\/woffu\\\/\"],\"telephone\":\"+34 932059750\",\"address\":{\"@type\":\"PostalAddress\",\"streetAddress\":\"Carrer de Mexic, 8\",\"postalCode\":\"08004\",\"addressLocality\":\"Barcelona\",\"addressCountry\":\"ES\"},\"contactPoint\":[{\"@type\":\"ContactPoint\",\"contactType\":\"customer support\",\"telephone\":\"+34 932059750\",\"email\":\"help@woffu.com\",\"url\":\"https:\\\/\\\/woffu.com\\\/es\\\/contacto\\\/\",\"areaServed\":\"ES\",\"availableLanguage\":[\"es\",\"en\"],\"hoursAvailable\":[{\"@type\":\"OpeningHoursSpecification\",\"dayOfWeek\":[\"https:\\\/\\\/schema.org\\\/Monday\",\"https:\\\/\\\/schema.org\\\/Tuesday\",\"https:\\\/\\\/schema.org\\\/Wednesday\",\"https:\\\/\\\/schema.org\\\/Thursday\"],\"opens\":\"08:30\",\"closes\":\"19:00\"},{\"@type\":\"OpeningHoursSpecification\",\"dayOfWeek\":\"https:\\\/\\\/schema.org\\\/Friday\",\"opens\":\"08:30\",\"closes\":\"14:00\"}]},{\"@type\":\"ContactPoint\",\"contactType\":\"sales\",\"telephone\":\"+34 932059750\",\"email\":\"sales@woffu.com\",\"url\":\"https:\\\/\\\/woffu.com\\\/es\\\/demo\\\/\",\"areaServed\":\"ES\",\"availableLanguage\":[\"es\",\"en\"],\"hoursAvailable\":[{\"@type\":\"OpeningHoursSpecification\",\"dayOfWeek\":[\"https:\\\/\\\/schema.org\\\/Monday\",\"https:\\\/\\\/schema.org\\\/Tuesday\",\"https:\\\/\\\/schema.org\\\/Wednesday\",\"https:\\\/\\\/schema.org\\\/Thursday\"],\"opens\":\"08:30\",\"closes\":\"19:00\"},{\"@type\":\"OpeningHoursSpecification\",\"dayOfWeek\":\"https:\\\/\\\/schema.org\\\/Friday\",\"opens\":\"08:30\",\"closes\":\"14:00\"}]}]}]}<\/script>\n<!-- \/ Yoast SEO plugin. -->","yoast_head_json":{"title":"App de control horari i vacances per a empleats | Woffu","description":"App de control horari de Woffu, els teus empleats podran fitxar a la feina i gestionar vacances des del teu m\u00f2bil amb geolocalitzaci\u00f3 i total comoditat","robots":{"index":"index","follow":"follow","max-snippet":"max-snippet:-1","max-image-preview":"max-image-preview:large","max-video-preview":"max-video-preview:-1"},"canonical":"https:\/\/woffu.com\/ca\/app-de-control-horari-i-vacances-per-a-empleats\/","og_locale":"ca_ES","og_type":"article","og_title":"App de control horari i vacances per a empleats | Woffu","og_description":"App de control horari de Woffu, els teus empleats podran fitxar a la feina i gestionar vacances des del teu m\u00f2bil amb geolocalitzaci\u00f3 i total comoditat.","og_url":"https:\/\/woffu.com\/ca\/app-de-control-horari-i-vacances-per-a-empleats\/","og_site_name":"Woffu","article_publisher":"https:\/\/www.facebook.com\/woffu\/","article_modified_time":"2026-04-07T08:22:47+00:00","og_image":[{"width":625,"height":332,"url":"https:\/\/woffu.com\/wp-content\/uploads\/2025\/07\/woffu-logo-color-marketplace.webp","type":"image\/webp"}],"twitter_card":"summary_large_image","twitter_site":"@Woffu_App","twitter_misc":{"Est. reading time":"7 minutes"},"schema":{"@context":"https:\/\/schema.org","@graph":[{"@type":"WebPage","@id":"https:\/\/woffu.com\/ca\/app-de-control-horari-i-vacances-per-a-empleats\/","url":"https:\/\/woffu.com\/ca\/app-de-control-horari-i-vacances-per-a-empleats\/","name":"App de control horari i vacances per a empleats | Woffu","isPartOf":{"@id":"https:\/\/woffu.com\/ca\/#website"},"datePublished":"2026-04-07T06:27:34+00:00","dateModified":"2026-04-07T08:22:47+00:00","description":"App de control horari de Woffu, els teus empleats podran fitxar a la feina i gestionar vacances des del teu m\u00f2bil amb geolocalitzaci\u00f3 i total comoditat","breadcrumb":{"@id":"https:\/\/woffu.com\/ca\/app-de-control-horari-i-vacances-per-a-empleats\/#breadcrumb"},"inLanguage":"ca-ES","potentialAction":[{"@type":"ReadAction","target":["https:\/\/woffu.com\/ca\/app-de-control-horari-i-vacances-per-a-empleats\/"]}]},{"@type":"BreadcrumbList","@id":"https:\/\/woffu.com\/ca\/app-de-control-horari-i-vacances-per-a-empleats\/#breadcrumb","itemListElement":[{"@type":"ListItem","position":1,"name":"Portada","item":"https:\/\/woffu.com\/ca\/"},{"@type":"ListItem","position":2,"name":"App de control horari i vacances per a empleats"}]},{"@type":"WebSite","@id":"https:\/\/woffu.com\/ca\/#website","url":"https:\/\/woffu.com\/ca\/","name":"Woffu","description":"Woffu es una plataforma digital que facilita la gesti\u00f3n del tiempo laboral, control horario, vacaciones y ausencias, optimizando procesos de recursos humanos y asegurando el cumplimiento normativo en las empresas.","publisher":{"@id":"https:\/\/woffu.com\/ca\/#organization"},"alternateName":"Woffu","potentialAction":[{"@type":"SearchAction","target":{"@type":"EntryPoint","urlTemplate":"https:\/\/woffu.com\/ca\/?s={search_term_string}"},"query-input":{"@type":"PropertyValueSpecification","valueRequired":true,"valueName":"search_term_string"}}],"inLanguage":"ca-ES"},{"@type":"Organization","@id":"https:\/\/woffu.com\/ca\/#organization","name":"Woffu","url":"https:\/\/woffu.com\/ca\/","logo":{"@type":"ImageObject","inLanguage":"ca-ES","@id":"https:\/\/woffu.com\/ca\/#\/schema\/logo\/image\/","url":"https:\/\/woffu.com\/wp-content\/uploads\/2021\/08\/logo-woffu-dark.svg","contentUrl":"https:\/\/woffu.com\/wp-content\/uploads\/2021\/08\/logo-woffu-dark.svg","width":161,"height":38,"caption":"Woffu"},"image":{"@id":"https:\/\/woffu.com\/ca\/#\/schema\/logo\/image\/"},"sameAs":["https:\/\/www.facebook.com\/woffu\/","https:\/\/x.com\/Woffu_App","https:\/\/www.instagram.com\/woffu\/","https:\/\/www.linkedin.com\/company\/woffu\/"],"telephone":"+34 932059750","address":{"@type":"PostalAddress","streetAddress":"Carrer de Mexic, 8","postalCode":"08004","addressLocality":"Barcelona","addressCountry":"ES"},"contactPoint":[{"@type":"ContactPoint","contactType":"customer support","telephone":"+34 932059750","email":"help@woffu.com","url":"https:\/\/woffu.com\/es\/contacto\/","areaServed":"ES","availableLanguage":["es","en"],"hoursAvailable":[{"@type":"OpeningHoursSpecification","dayOfWeek":["https:\/\/schema.org\/Monday","https:\/\/schema.org\/Tuesday","https:\/\/schema.org\/Wednesday","https:\/\/schema.org\/Thursday"],"opens":"08:30","closes":"19:00"},{"@type":"OpeningHoursSpecification","dayOfWeek":"https:\/\/schema.org\/Friday","opens":"08:30","closes":"14:00"}]},{"@type":"ContactPoint","contactType":"sales","telephone":"+34 932059750","email":"sales@woffu.com","url":"https:\/\/woffu.com\/es\/demo\/","areaServed":"ES","availableLanguage":["es","en"],"hoursAvailable":[{"@type":"OpeningHoursSpecification","dayOfWeek":["https:\/\/schema.org\/Monday","https:\/\/schema.org\/Tuesday","https:\/\/schema.org\/Wednesday","https:\/\/schema.org\/Thursday"],"opens":"08:30","closes":"19:00"},{"@type":"OpeningHoursSpecification","dayOfWeek":"https:\/\/schema.org\/Friday","opens":"08:30","closes":"14:00"}]}]}]}},"_links":{"self":[{"href":"https:\/\/woffu.com\/ca\/wp-json\/wp\/v2\/pages\/15103","targetHints":{"allow":["GET"]}}],"collection":[{"href":"https:\/\/woffu.com\/ca\/wp-json\/wp\/v2\/pages"}],"about":[{"href":"https:\/\/woffu.com\/ca\/wp-json\/wp\/v2\/types\/page"}],"author":[{"embeddable":true,"href":"https:\/\/woffu.com\/ca\/wp-json\/wp\/v2\/users\/1"}],"replies":[{"embeddable":true,"href":"https:\/\/woffu.com\/ca\/wp-json\/wp\/v2\/comments?post=15103"}],"version-history":[{"count":31,"href":"https:\/\/woffu.com\/ca\/wp-json\/wp\/v2\/pages\/15103\/revisions"}],"predecessor-version":[{"id":15226,"href":"https:\/\/woffu.com\/ca\/wp-json\/wp\/v2\/pages\/15103\/revisions\/15226"}],"wp:attachment":[{"href":"https:\/\/woffu.com\/ca\/wp-json\/wp\/v2\/media?parent=15103"}],"curies":[{"name":"wp","href":"https:\/\/api.w.org\/{rel}","templated":true}]}}