{"id":15091,"date":"2026-04-07T08:09:15","date_gmt":"2026-04-07T06:09:15","guid":{"rendered":"https:\/\/woffu.com\/agilitza-la-comunicacio-interna-de-la-teva-empresa-amb-woffu\/"},"modified":"2026-04-07T09:20:06","modified_gmt":"2026-04-07T07:20:06","slug":"comunicacio-interna","status":"publish","type":"page","link":"https:\/\/woffu.com\/ca\/comunicacio-interna\/","title":{"rendered":"Agilitza la comunicaci\u00f3 interna de la teva empresa amb Woffu"},"content":{"rendered":"<div class=\"wpb-content-wrapper\"><p>[vc_section el_class=&#8221;features-hero&#8221;][vc_row][vc_column][vc_column_text el_class=&#8221;features-hero-caption large&#8221;]<\/p>\n<h1>Agilitza la comunicaci\u00f3 interna de la teva empresa amb Woffu<\/h1>\n<p>Crea un impacte positiu en lexperi\u00e8ncia dels empleats. Digitalitza els processos de RR.HH. i envia comunicats, comparteix documents i sol\u00b7licita signatures des d&#8217;un sol lloc.[\/vc_column_text][vc_btn title=&#8221;Sol\u00b7licita una demo&#8221; css=&#8221;&#8221; link=&#8221;url:https%3A%2F%2Fwoffu.com%2Fca%2Fdemo%2F|title:Sol%C2%B7licita%20una%20demo|&#8221; el_class=&#8221;btn btn-dark-new&#8221;][vc_single_image image=&#8221;9632&#8243; img_size=&#8221;full&#8221;][\/vc_column][\/vc_row][\/vc_section][vc_section el_class=&#8221;features-logos&#8221;][vc_row][vc_column][vc_column_text css=&#8221;&#8221; el_class=&#8221;features-logos-caption&#8221;]Descobreix per qu\u00e8 m\u00e9s de 3.000 clients fan servir el nostre programari[\/vc_column_text]<div class=\"imagelist-container  features-logos-imagelist\" id=\"\">\r\n                    <ul class=\"imagelist\">\r\n                      <li><img decoding=\"async\" src=\"https:\/\/woffu.com\/wp-content\/uploads\/2024\/05\/logo-maersk.svg\" alt=\"\" \/><\/li><li><img decoding=\"async\" src=\"https:\/\/woffu.com\/wp-content\/uploads\/2024\/05\/logo-kelloggs.svg\" alt=\"\" \/><\/li><li><img decoding=\"async\" src=\"https:\/\/woffu.com\/wp-content\/uploads\/2024\/05\/logo-isdin.svg\" alt=\"\" \/><\/li><li><img decoding=\"async\" src=\"https:\/\/woffu.com\/wp-content\/uploads\/2024\/05\/logo-prisa.svg\" alt=\"\" \/><\/li><li><img decoding=\"async\" src=\"https:\/\/woffu.com\/wp-content\/uploads\/2024\/05\/logo-viena.svg\" alt=\"\" \/><\/li>\r\n                    <\/ul>\r\n                <\/div>[\/vc_column][\/vc_row][\/vc_section][vc_section el_class=&#8221;features-section&#8221;][vc_row][vc_column el_class=&#8221;features-section-caption&#8221;][vc_column_text]<\/p>\n<h2>Woffu: El canal directe amb els empleats<\/h2>\n<p>Comparteix actualitzacions, comunicats importants i not\u00edcies de l&#8217;empresa, a trav\u00e9s dels anuncis de Woffu, garantint que tots estiguin informats i alineats.[\/vc_column_text][\/vc_column][\/vc_row][vc_row el_class=&#8221;features-row&#8221;][vc_column width=&#8221;1\/2&#8243; el_class=&#8221;features-row-caption&#8221;][vc_column_text]<\/p>\n<h3>Comunicaci\u00f3 interna eficient a la teva empresa<\/h3>\n<p>Woffu compta amb un m\u00f2dul danuncis intu\u00eftiu garantint una <strong>comunicaci\u00f3 interna efectiva en tots els nivells<\/strong> de lempresa.<\/p>\n<ul>\n<li><strong>RR.HH. i responsables d&#8217;equip poden enviar comunicats<\/strong> i tots els usuaris els reben.<\/li>\n<li>Aplica filtres per enviar <strong>anuncis individuals, equip<\/strong> o envia a tota l&#8217;empresa.<\/li>\n<li><strong>Obtingueu visibilitat de la recepci\u00f3 de les comunicacions<\/strong> amb l&#8217;opci\u00f3 de justificant de recepci\u00f3: els remitents hauran de confirmar que han vist el missatge.<\/li>\n<li><strong>Notificaci\u00f3 via email i app<\/strong> sobre els anuncis rebuts.<\/li>\n<\/ul>\n<p>[\/vc_column_text][vc_btn title=&#8221;Saber m\u00e9s&#8221; css=&#8221;&#8221; link=&#8221;url:https%3A%2F%2Fwoffu.com%2Fca%2Fdemo%2F|title:Saber%20m%C3%A9s|&#8221; el_class=&#8221;btn btn-more-new&#8221;][\/vc_column][vc_column width=&#8221;1\/2&#8243; el_class=&#8221;features-row-picture&#8221;][vc_single_image image=&#8221;9636&#8243; img_size=&#8221;full&#8221; alignment=&#8221;right&#8221;][\/vc_column][\/vc_row][vc_row][vc_column el_class=&#8221;features-section-caption&#8221;][vc_column_text]<\/p>\n<h2>Digitalitza la gesti\u00f3 de documents i optimitza els processos de RR.HH.<\/h2>\n<p>Envia documents, n\u00f2mines i permet que els empleats adjuntin justificants dabs\u00e8ncia en un sol lloc.[\/vc_column_text][\/vc_column][\/vc_row][vc_row el_class=&#8221;features-row features-row-right&#8221;][vc_column width=&#8221;1\/2&#8243; el_class=&#8221;features-row-caption&#8221;][vc_column_text]<\/p>\n<h3>Efici\u00e8ncia i organitzaci\u00f3 amb la comunicaci\u00f3 interna<\/h3>\n<p><strong>Gestor documental que agilitza la gesti\u00f3 de RR.HH.<\/strong>  amb una distribuci\u00f3 simple, f\u00e0cil i segura.<\/p>\n<ul>\n<li>Acc\u00e9s des de qualsevol dispositiu gr\u00e0cies a <strong>l&#8217;emmagatzematge al n\u00favol<\/strong> .<\/li>\n<li>Comparteix documents de forma <strong>individual o massiva<\/strong> .<\/li>\n<li>Envia <strong>n\u00f2mines, contractes, pol\u00edtiques o altres documents<\/strong> importants a un clic.<\/li>\n<li>Els empleats poden <strong>adjuntar els justificants dabs\u00e8ncia i RR.HH pot accedir-hi<\/strong> en qualsevol moment.<\/li>\n<li><strong>Documents organitzats<\/strong> amb etiquetes perqu\u00e8 sigui f\u00e0cil de trobar.<\/li>\n<\/ul>\n<p>[\/vc_column_text][vc_btn title=&#8221;Consulta plans&#8221; css=&#8221;&#8221; link=&#8221;url:https%3A%2F%2Fwoffu.com%2Fca%2Fpreus-woffu%2F|title:Consulta%20plans|&#8221; el_class=&#8221;btn btn-more-new&#8221;][\/vc_column][vc_column width=&#8221;1\/2&#8243; el_class=&#8221;features-row-picture&#8221;][vc_single_image image=&#8221;9640&#8243; img_size=&#8221;full&#8221; alignment=&#8221;right&#8221;][\/vc_column][\/vc_row][vc_row][vc_column el_class=&#8221;features-section-caption&#8221;][vc_column_text]<\/p>\n<h2>Agilitza els teus processos amb la signatura digital<\/h2>\n<p><strong>Redueix costos ocults<\/strong> en impressions, missatgeria i emmagatzematge en la gesti\u00f3 de documents signats. Estalvia temps i ho emmagatzema tot en un sol lloc de manera segura.[\/vc_column_text][\/vc_column][\/vc_row][vc_row el_class=&#8221;features-row&#8221;][vc_column width=&#8221;1\/2&#8243; el_class=&#8221;features-row-caption&#8221;][vc_column_text]<\/p>\n<h3>Optimitza el proc\u00e9s de signatura per a la teva comunicaci\u00f3 interna<\/h3>\n<p>Signatura digital amb plena validesa legal, complint les regulacions m\u00e9s exigents a nivell mundial.<\/p>\n<ul>\n<li><strong>Centralitza, mant\u00e9 el control i guanya visibilitat<\/strong> sobre els fluxos de signatura.<\/li>\n<li>Permet als empleats <strong>signar documents en qualsevol moment<\/strong> i des de qualsevol dispositiu.<\/li>\n<li><strong>Evita retards<\/strong> i temps d&#8217;espera prolongats als processos de RR.HH.<\/li>\n<li><strong>Configura fluxos de signatura en paral\u00b7lel o seq\u00fcencial<\/strong> segons les necessitats.<\/li>\n<li><strong>Aconsegueix processos m\u00e9s sostenibles<\/strong> amb lestalvi de paper, tinta i correus.<\/li>\n<li>El <strong>97%<\/strong> dels documents enviats <strong>se signa en els primers 5 dies<\/strong> .<\/li>\n<\/ul>\n<p>[\/vc_column_text][vc_btn title=&#8221;Sol\u00b7licita una demo&#8221; css=&#8221;&#8221; link=&#8221;url:https%3A%2F%2Fwoffu.com%2Fca%2Fdemo%2F|title:Sol%C2%B7licita%20una%20demo|&#8221; el_class=&#8221;btn btn-more-new&#8221;][\/vc_column][vc_column width=&#8221;1\/2&#8243; el_class=&#8221;features-row-picture&#8221;][vc_single_image image=&#8221;9644&#8243; img_size=&#8221;full&#8221; alignment=&#8221;right&#8221;][\/vc_column][\/vc_row][\/vc_section][vc_section el_class=&#8221;features-reviews-section&#8221;][vc_row][vc_column]<div class=\"card card-review-new\" id=\"\">\r\n          <div class=\"card-body\">\r\n            <div class=\"card-text\"><p>&#8221; <strong>Woffu \u00e9s molt f\u00e0cil d&#8217;usar.<\/strong> Els responsables d&#8217;equip i RR.HH. la fem servir cada dia. <strong>La usabilitat \u00e9s molt bona i ho trobes tot for\u00e7a f\u00e0cil.<\/strong> &#8221; <\/p>\n<\/div>\r\n            <div class=\"card-author\">\r\n              <div class=\"img\"><img decoding=\"async\" width=\"137\" height=\"136\" src=\"https:\/\/woffu.com\/wp-content\/uploads\/2024\/06\/BarbaraValle.jpg\" class=\"attachment-full size-full\" alt=\"\" srcset=\"https:\/\/woffu.com\/wp-content\/uploads\/2024\/06\/BarbaraValle.jpg 137w, https:\/\/woffu.com\/wp-content\/uploads\/2024\/06\/BarbaraValle-100x100.jpg 100w\" sizes=\"(max-width: 137px) 100vw, 137px\" \/><\/div>\r\n              <div class=\"author\">\r\n                <div>\r\n                  <div>B\u00e1rbara Valle<\/div>\r\n                  <div class=\"job\">Talent Manager y HRBP de Promofarma<\/div>\r\n                <\/div>\r\n                <div class=\"logo\"><img decoding=\"async\" width=\"216\" height=\"55\" src=\"https:\/\/woffu.com\/wp-content\/uploads\/2024\/06\/promofarma.svg\" class=\"attachment-full size-full\" alt=\"\" \/><\/div>\r\n              <\/div>\r\n            <\/div>\r\n          <\/div>\r\n        <\/div>[\/vc_column][\/vc_row][\/vc_section][vc_section el_class=&#8221;features-section&#8221;][vc_row el_class=&#8221;cta-form-row&#8221;][vc_column width=&#8221;1\/2&#8243; el_class=&#8221;cta-form-container&#8221;][vc_custom_heading text=&#8221;Sol\u00b7licita una demo personalitzada&#8221; use_theme_fonts=&#8221;yes&#8221;][vc_column_text]Un especialista us ensenyar\u00e0 la plataforma en acci\u00f3 i descobrireu per qu\u00e8 Woffu \u00e9s la soluci\u00f3 per a tu.[\/vc_column_text][vc_raw_html]PGlmcmFtZSBpZD0icGFyZG90LWlmcmFtZSIgc3JjPSJodHRwczovL2dvLndvZmZ1LmNvbS9sLzc3NTM0My8yMDIwLTAzLTIzLzR3anl2diIgd2lkdGg9IjEwMCUiIGhlaWdodD0iNjIwcHgiIHR5cGU9InRleHQvaHRtbCIgZnJhbWVib3JkZXI9IjAiIGFsbG93dHJhbnNwYXJlbmN5PSJ0cnVlIiBzdHlsZT0iYm9yZGVyOiAwIj48L2lmcmFtZT4=[\/vc_raw_html][\/vc_column][vc_column width=&#8221;1\/2&#8243;][vc_single_image image=&#8221;9606&#8243; img_size=&#8221;full&#8221;][\/vc_column][\/vc_row][\/vc_section][vc_section el_class=&#8221;qa-section&#8221;][vc_row][vc_column][vc_custom_heading text=&#8221;Preguntes freq\u00fcents&#8221; font_container=&#8221;tag:h2|text_align:center&#8221;][vc_toggle title=&#8221;Qu\u00e8 \u00e9s lapartat danuncis?&#8221; open=&#8221;true&#8221;]Anuncis de Woffu \u00e9s un apartat addicional dissenyat per crear i difondre comunicacions internes de manera efica\u00e7, assegurant que la informaci\u00f3 clau sigui accessible per a tots els empleats.[\/vc_toggle][vc_toggle title=&#8221;Qui pot enviar anuncis o documents?&#8221; css=&#8221;&#8221;]A l&#8217; <a href=\"https:\/\/woffu.com\/ca\/app-de-control-horari-i-vacances-per-a-empleats\/\">app per fitxar<\/a> Woffu, els administradors de l&#8217;eina i usuaris autoritzats, com a responsables d&#8217;equip, poden enviar anuncis, documents o sol\u00b7licitud de signatures digitals, assegurant que la informaci\u00f3 arribi a les persones adequades.[\/vc_toggle][vc_toggle title=&#8221;Qu\u00e8 \u00e9s un sistema de gesti\u00f3 documental?&#8221;]El sistema de gesti\u00f3 documental de Woffu, \u00e9s una soluci\u00f3 integral per organitzar, emmagatzemar i distribuir documents de forma digital, millorant l&#8217;efici\u00e8ncia i la seguretat en la gesti\u00f3 de la informaci\u00f3.[\/vc_toggle][vc_toggle title=&#8221;Els usuaris poden veure els documents que t\u00e9 un altre usuari?&#8221;]Woffu permet una configuraci\u00f3 personalitzada de permisos. Nom\u00e9s els administradors de l&#8217;eina i els usuaris autoritzats, com a responsables d&#8217;equip, poden tenir visibilitat dels documents d&#8217;altres usuaris.[\/vc_toggle][vc_toggle title=&#8221;Com funciona la signatura digital?&#8221; css=&#8221;&#8221;]La <a href=\"https:\/\/woffu.com\/es\/blog\/normativa\/firma-digital-un-paso-mas-hacia-el-trabajo-liquido\/\">signatura digital<\/a> a Woffu automatitza i agilitza el proc\u00e9s de signatura de documents, permetent signar electr\u00f2nicament i amb validesa legal des de qualsevol lloc, millorant l&#8217;efici\u00e8ncia en la gesti\u00f3 de RR.HH. i documents corporatius.[\/vc_toggle][vc_toggle title=&#8221;En qu\u00e8 m&apos;ajuda un programari per gestionar la comunicaci\u00f3 interna?&#8221;]El programari de Woffu per a la comunicaci\u00f3 interna millora la difusi\u00f3 d&#8217;informaci\u00f3 dins de l&#8217;empresa, assegurant que els missatges importants i documents siguin lliurats i llegits pels empleats, facilitant aix\u00ed una comunicaci\u00f3 interna m\u00e9s efectiva i organitzada i alhora millorant la satisfacci\u00f3 dels empleats.[\/vc_toggle][\/vc_column][\/vc_row][\/vc_section][vc_section][vc_row][vc_column el_class=&#8221;cta-block&#8221;][vc_single_image image=&#8221;9615&#8243; img_size=&#8221;full&#8221;][vc_custom_heading text=&#8221;Tens dubtes?&#8221; font_container=&#8221;tag:h3|text_align:left&#8221; use_theme_fonts=&#8221;yes&#8221; el_class=&#8221;h6&#8243;][vc_column_text el_class=&#8221;cta-block-caption&#8221;]Som aqu\u00ed per ajudar-te. Contacta amb el nostre equip per obtenir atenci\u00f3 personalitzada.[\/vc_column_text][vc_btn title=&#8221;Parla amb nosaltres&#8221; css=&#8221;&#8221; link=&#8221;url:https%3A%2F%2Fwoffu.com%2Fca%2Fdemo%2F|title:Sol%C2%B7licita%20una%20demo|&#8221; el_class=&#8221;btn btn-dark-new small&#8221;][\/vc_column][\/vc_row][\/vc_section]<\/p>\n<\/div>","protected":false},"excerpt":{"rendered":"<p>[vc_section el_class=&#8221;features-hero&#8221;][vc_row][vc_column][vc_column_text el_class=&#8221;features-hero-caption large&#8221;] Agilitza la comunicaci\u00f3 interna de la teva empresa amb Woffu Crea un impacte positiu en lexperi\u00e8ncia [&hellip;]<\/p>\n","protected":false},"author":1,"featured_media":0,"parent":0,"menu_order":0,"comment_status":"closed","ping_status":"closed","template":"page-new.php","meta":{"_acf_changed":false,"inline_featured_image":false,"footnotes":""},"class_list":["post-15091","page","type-page","status-publish","hentry"],"acf":[],"yoast_head":"<!-- This site is optimized with the Yoast SEO plugin v27.3 - https:\/\/yoast.com\/product\/yoast-seo-wordpress\/ -->\n<title>Agilitza la comunicaci\u00f3 interna de la teva empresa amb Woffu Woffu<\/title>\n<meta name=\"description\" content=\"Millora la comunicaci\u00f3 interna empresa gr\u00e0cies a la digitalitzaci\u00f3 dels processos de RRHH i connecta equips de forma r\u00e0pida i eficient amb Woffu\" \/>\n<meta name=\"robots\" content=\"index, follow, max-snippet:-1, max-image-preview:large, max-video-preview:-1\" \/>\n<link rel=\"canonical\" href=\"https:\/\/woffu.com\/ca\/comunicacio-interna\/\" \/>\n<meta property=\"og:locale\" content=\"ca_ES\" \/>\n<meta property=\"og:type\" content=\"article\" \/>\n<meta property=\"og:title\" content=\"Agilitza la comunicaci\u00f3 interna de la teva empresa amb Woffu Woffu\" \/>\n<meta property=\"og:description\" content=\"Millora la comunicaci\u00f3 interna empresa gr\u00e0cies a la digitalitzaci\u00f3 dels processos de RH i connecta equips de forma r\u00e0pida i eficient amb Woffu.\" \/>\n<meta property=\"og:url\" content=\"https:\/\/woffu.com\/ca\/comunicacio-interna\/\" \/>\n<meta property=\"og:site_name\" content=\"Woffu\" \/>\n<meta property=\"article:publisher\" content=\"https:\/\/www.facebook.com\/woffu\/\" \/>\n<meta property=\"article:modified_time\" content=\"2026-04-07T07:20:06+00:00\" \/>\n<meta property=\"og:image\" content=\"https:\/\/woffu.com\/wp-content\/uploads\/2025\/07\/woffu-logo-color-marketplace.webp\" \/>\n\t<meta property=\"og:image:width\" content=\"625\" \/>\n\t<meta property=\"og:image:height\" content=\"332\" \/>\n\t<meta property=\"og:image:type\" content=\"image\/webp\" \/>\n<meta name=\"twitter:card\" content=\"summary_large_image\" \/>\n<meta name=\"twitter:site\" content=\"@Woffu_App\" \/>\n<meta name=\"twitter:label1\" content=\"Est. reading time\" \/>\n\t<meta name=\"twitter:data1\" content=\"7 minutes\" \/>\n<script type=\"application\/ld+json\" class=\"yoast-schema-graph\">{\"@context\":\"https:\\\/\\\/schema.org\",\"@graph\":[{\"@type\":\"WebPage\",\"@id\":\"https:\\\/\\\/woffu.com\\\/ca\\\/comunicacio-interna\\\/\",\"url\":\"https:\\\/\\\/woffu.com\\\/ca\\\/comunicacio-interna\\\/\",\"name\":\"Agilitza la comunicaci\u00f3 interna de la teva empresa amb Woffu Woffu\",\"isPartOf\":{\"@id\":\"https:\\\/\\\/woffu.com\\\/ca\\\/#website\"},\"datePublished\":\"2026-04-07T06:09:15+00:00\",\"dateModified\":\"2026-04-07T07:20:06+00:00\",\"description\":\"Millora la comunicaci\u00f3 interna empresa gr\u00e0cies a la digitalitzaci\u00f3 dels processos de RRHH i connecta equips de forma r\u00e0pida i eficient amb Woffu\",\"breadcrumb\":{\"@id\":\"https:\\\/\\\/woffu.com\\\/ca\\\/comunicacio-interna\\\/#breadcrumb\"},\"inLanguage\":\"ca-ES\",\"potentialAction\":[{\"@type\":\"ReadAction\",\"target\":[\"https:\\\/\\\/woffu.com\\\/ca\\\/comunicacio-interna\\\/\"]}]},{\"@type\":\"BreadcrumbList\",\"@id\":\"https:\\\/\\\/woffu.com\\\/ca\\\/comunicacio-interna\\\/#breadcrumb\",\"itemListElement\":[{\"@type\":\"ListItem\",\"position\":1,\"name\":\"Portada\",\"item\":\"https:\\\/\\\/woffu.com\\\/ca\\\/\"},{\"@type\":\"ListItem\",\"position\":2,\"name\":\"Agilitza la comunicaci\u00f3 interna de la teva empresa amb Woffu\"}]},{\"@type\":\"WebSite\",\"@id\":\"https:\\\/\\\/woffu.com\\\/ca\\\/#website\",\"url\":\"https:\\\/\\\/woffu.com\\\/ca\\\/\",\"name\":\"Woffu\",\"description\":\"Woffu es una plataforma digital que facilita la gesti\u00f3n del tiempo laboral, control horario, vacaciones y ausencias, optimizando procesos de recursos humanos y asegurando el cumplimiento normativo en las empresas.\",\"publisher\":{\"@id\":\"https:\\\/\\\/woffu.com\\\/ca\\\/#organization\"},\"alternateName\":\"Woffu\",\"potentialAction\":[{\"@type\":\"SearchAction\",\"target\":{\"@type\":\"EntryPoint\",\"urlTemplate\":\"https:\\\/\\\/woffu.com\\\/ca\\\/?s={search_term_string}\"},\"query-input\":{\"@type\":\"PropertyValueSpecification\",\"valueRequired\":true,\"valueName\":\"search_term_string\"}}],\"inLanguage\":\"ca-ES\"},{\"@type\":\"Organization\",\"@id\":\"https:\\\/\\\/woffu.com\\\/ca\\\/#organization\",\"name\":\"Woffu\",\"url\":\"https:\\\/\\\/woffu.com\\\/ca\\\/\",\"logo\":{\"@type\":\"ImageObject\",\"inLanguage\":\"ca-ES\",\"@id\":\"https:\\\/\\\/woffu.com\\\/ca\\\/#\\\/schema\\\/logo\\\/image\\\/\",\"url\":\"https:\\\/\\\/woffu.com\\\/wp-content\\\/uploads\\\/2021\\\/08\\\/logo-woffu-dark.svg\",\"contentUrl\":\"https:\\\/\\\/woffu.com\\\/wp-content\\\/uploads\\\/2021\\\/08\\\/logo-woffu-dark.svg\",\"width\":161,\"height\":38,\"caption\":\"Woffu\"},\"image\":{\"@id\":\"https:\\\/\\\/woffu.com\\\/ca\\\/#\\\/schema\\\/logo\\\/image\\\/\"},\"sameAs\":[\"https:\\\/\\\/www.facebook.com\\\/woffu\\\/\",\"https:\\\/\\\/x.com\\\/Woffu_App\",\"https:\\\/\\\/www.instagram.com\\\/woffu\\\/\",\"https:\\\/\\\/www.linkedin.com\\\/company\\\/woffu\\\/\"],\"telephone\":\"+34 932059750\",\"address\":{\"@type\":\"PostalAddress\",\"streetAddress\":\"Carrer de Mexic, 8\",\"postalCode\":\"08004\",\"addressLocality\":\"Barcelona\",\"addressCountry\":\"ES\"},\"contactPoint\":[{\"@type\":\"ContactPoint\",\"contactType\":\"customer support\",\"telephone\":\"+34 932059750\",\"email\":\"help@woffu.com\",\"url\":\"https:\\\/\\\/woffu.com\\\/es\\\/contacto\\\/\",\"areaServed\":\"ES\",\"availableLanguage\":[\"es\",\"en\"],\"hoursAvailable\":[{\"@type\":\"OpeningHoursSpecification\",\"dayOfWeek\":[\"https:\\\/\\\/schema.org\\\/Monday\",\"https:\\\/\\\/schema.org\\\/Tuesday\",\"https:\\\/\\\/schema.org\\\/Wednesday\",\"https:\\\/\\\/schema.org\\\/Thursday\"],\"opens\":\"08:30\",\"closes\":\"19:00\"},{\"@type\":\"OpeningHoursSpecification\",\"dayOfWeek\":\"https:\\\/\\\/schema.org\\\/Friday\",\"opens\":\"08:30\",\"closes\":\"14:00\"}]},{\"@type\":\"ContactPoint\",\"contactType\":\"sales\",\"telephone\":\"+34 932059750\",\"email\":\"sales@woffu.com\",\"url\":\"https:\\\/\\\/woffu.com\\\/es\\\/demo\\\/\",\"areaServed\":\"ES\",\"availableLanguage\":[\"es\",\"en\"],\"hoursAvailable\":[{\"@type\":\"OpeningHoursSpecification\",\"dayOfWeek\":[\"https:\\\/\\\/schema.org\\\/Monday\",\"https:\\\/\\\/schema.org\\\/Tuesday\",\"https:\\\/\\\/schema.org\\\/Wednesday\",\"https:\\\/\\\/schema.org\\\/Thursday\"],\"opens\":\"08:30\",\"closes\":\"19:00\"},{\"@type\":\"OpeningHoursSpecification\",\"dayOfWeek\":\"https:\\\/\\\/schema.org\\\/Friday\",\"opens\":\"08:30\",\"closes\":\"14:00\"}]}]}]}<\/script>\n<!-- \/ Yoast SEO plugin. -->","yoast_head_json":{"title":"Agilitza la comunicaci\u00f3 interna de la teva empresa amb Woffu Woffu","description":"Millora la comunicaci\u00f3 interna empresa gr\u00e0cies a la digitalitzaci\u00f3 dels processos de RRHH i connecta equips de forma r\u00e0pida i eficient amb Woffu","robots":{"index":"index","follow":"follow","max-snippet":"max-snippet:-1","max-image-preview":"max-image-preview:large","max-video-preview":"max-video-preview:-1"},"canonical":"https:\/\/woffu.com\/ca\/comunicacio-interna\/","og_locale":"ca_ES","og_type":"article","og_title":"Agilitza la comunicaci\u00f3 interna de la teva empresa amb Woffu Woffu","og_description":"Millora la comunicaci\u00f3 interna empresa gr\u00e0cies a la digitalitzaci\u00f3 dels processos de RH i connecta equips de forma r\u00e0pida i eficient amb Woffu.","og_url":"https:\/\/woffu.com\/ca\/comunicacio-interna\/","og_site_name":"Woffu","article_publisher":"https:\/\/www.facebook.com\/woffu\/","article_modified_time":"2026-04-07T07:20:06+00:00","og_image":[{"width":625,"height":332,"url":"https:\/\/woffu.com\/wp-content\/uploads\/2025\/07\/woffu-logo-color-marketplace.webp","type":"image\/webp"}],"twitter_card":"summary_large_image","twitter_site":"@Woffu_App","twitter_misc":{"Est. reading time":"7 minutes"},"schema":{"@context":"https:\/\/schema.org","@graph":[{"@type":"WebPage","@id":"https:\/\/woffu.com\/ca\/comunicacio-interna\/","url":"https:\/\/woffu.com\/ca\/comunicacio-interna\/","name":"Agilitza la comunicaci\u00f3 interna de la teva empresa amb Woffu Woffu","isPartOf":{"@id":"https:\/\/woffu.com\/ca\/#website"},"datePublished":"2026-04-07T06:09:15+00:00","dateModified":"2026-04-07T07:20:06+00:00","description":"Millora la comunicaci\u00f3 interna empresa gr\u00e0cies a la digitalitzaci\u00f3 dels processos de RRHH i connecta equips de forma r\u00e0pida i eficient amb Woffu","breadcrumb":{"@id":"https:\/\/woffu.com\/ca\/comunicacio-interna\/#breadcrumb"},"inLanguage":"ca-ES","potentialAction":[{"@type":"ReadAction","target":["https:\/\/woffu.com\/ca\/comunicacio-interna\/"]}]},{"@type":"BreadcrumbList","@id":"https:\/\/woffu.com\/ca\/comunicacio-interna\/#breadcrumb","itemListElement":[{"@type":"ListItem","position":1,"name":"Portada","item":"https:\/\/woffu.com\/ca\/"},{"@type":"ListItem","position":2,"name":"Agilitza la comunicaci\u00f3 interna de la teva empresa amb Woffu"}]},{"@type":"WebSite","@id":"https:\/\/woffu.com\/ca\/#website","url":"https:\/\/woffu.com\/ca\/","name":"Woffu","description":"Woffu es una plataforma digital que facilita la gesti\u00f3n del tiempo laboral, control horario, vacaciones y ausencias, optimizando procesos de recursos humanos y asegurando el cumplimiento normativo en las empresas.","publisher":{"@id":"https:\/\/woffu.com\/ca\/#organization"},"alternateName":"Woffu","potentialAction":[{"@type":"SearchAction","target":{"@type":"EntryPoint","urlTemplate":"https:\/\/woffu.com\/ca\/?s={search_term_string}"},"query-input":{"@type":"PropertyValueSpecification","valueRequired":true,"valueName":"search_term_string"}}],"inLanguage":"ca-ES"},{"@type":"Organization","@id":"https:\/\/woffu.com\/ca\/#organization","name":"Woffu","url":"https:\/\/woffu.com\/ca\/","logo":{"@type":"ImageObject","inLanguage":"ca-ES","@id":"https:\/\/woffu.com\/ca\/#\/schema\/logo\/image\/","url":"https:\/\/woffu.com\/wp-content\/uploads\/2021\/08\/logo-woffu-dark.svg","contentUrl":"https:\/\/woffu.com\/wp-content\/uploads\/2021\/08\/logo-woffu-dark.svg","width":161,"height":38,"caption":"Woffu"},"image":{"@id":"https:\/\/woffu.com\/ca\/#\/schema\/logo\/image\/"},"sameAs":["https:\/\/www.facebook.com\/woffu\/","https:\/\/x.com\/Woffu_App","https:\/\/www.instagram.com\/woffu\/","https:\/\/www.linkedin.com\/company\/woffu\/"],"telephone":"+34 932059750","address":{"@type":"PostalAddress","streetAddress":"Carrer de Mexic, 8","postalCode":"08004","addressLocality":"Barcelona","addressCountry":"ES"},"contactPoint":[{"@type":"ContactPoint","contactType":"customer support","telephone":"+34 932059750","email":"help@woffu.com","url":"https:\/\/woffu.com\/es\/contacto\/","areaServed":"ES","availableLanguage":["es","en"],"hoursAvailable":[{"@type":"OpeningHoursSpecification","dayOfWeek":["https:\/\/schema.org\/Monday","https:\/\/schema.org\/Tuesday","https:\/\/schema.org\/Wednesday","https:\/\/schema.org\/Thursday"],"opens":"08:30","closes":"19:00"},{"@type":"OpeningHoursSpecification","dayOfWeek":"https:\/\/schema.org\/Friday","opens":"08:30","closes":"14:00"}]},{"@type":"ContactPoint","contactType":"sales","telephone":"+34 932059750","email":"sales@woffu.com","url":"https:\/\/woffu.com\/es\/demo\/","areaServed":"ES","availableLanguage":["es","en"],"hoursAvailable":[{"@type":"OpeningHoursSpecification","dayOfWeek":["https:\/\/schema.org\/Monday","https:\/\/schema.org\/Tuesday","https:\/\/schema.org\/Wednesday","https:\/\/schema.org\/Thursday"],"opens":"08:30","closes":"19:00"},{"@type":"OpeningHoursSpecification","dayOfWeek":"https:\/\/schema.org\/Friday","opens":"08:30","closes":"14:00"}]}]}]}},"_links":{"self":[{"href":"https:\/\/woffu.com\/ca\/wp-json\/wp\/v2\/pages\/15091","targetHints":{"allow":["GET"]}}],"collection":[{"href":"https:\/\/woffu.com\/ca\/wp-json\/wp\/v2\/pages"}],"about":[{"href":"https:\/\/woffu.com\/ca\/wp-json\/wp\/v2\/types\/page"}],"author":[{"embeddable":true,"href":"https:\/\/woffu.com\/ca\/wp-json\/wp\/v2\/users\/1"}],"replies":[{"embeddable":true,"href":"https:\/\/woffu.com\/ca\/wp-json\/wp\/v2\/comments?post=15091"}],"version-history":[{"count":17,"href":"https:\/\/woffu.com\/ca\/wp-json\/wp\/v2\/pages\/15091\/revisions"}],"predecessor-version":[{"id":15135,"href":"https:\/\/woffu.com\/ca\/wp-json\/wp\/v2\/pages\/15091\/revisions\/15135"}],"wp:attachment":[{"href":"https:\/\/woffu.com\/ca\/wp-json\/wp\/v2\/media?parent=15091"}],"curies":[{"name":"wp","href":"https:\/\/api.w.org\/{rel}","templated":true}]}}