{"id":14796,"date":"2026-04-06T09:27:47","date_gmt":"2026-04-06T07:27:47","guid":{"rendered":"https:\/\/woffu.com\/contacte\/"},"modified":"2026-04-07T09:17:28","modified_gmt":"2026-04-07T07:17:28","slug":"contacte","status":"publish","type":"page","link":"https:\/\/woffu.com\/ca\/contacte\/","title":{"rendered":"Contacte"},"content":{"rendered":"<div class=\"wpb-content-wrapper\"><p>[vc_section el_class=&#8221;features-hero performance-hero ley-horario-hero contacto-hero&#8221;][vc_row el_class=&#8221;performance-hero-row&#8221;][vc_column width=&#8221;1\/2&#8243; el_class=&#8221;performance-hero-caption&#8221; offset=&#8221;vc_col-md-7&#8243;][vc_column_text css=&#8221;&#8221; el_class=&#8221;performance-hero-description&#8221;]<\/p>\n<h1>Contacta amb Woffu \u2013 som aqu\u00ed per ajudar-te<\/h1>\n<p><strong>Som aqu\u00ed per a tu.<\/strong><\/p>\n<p>Si teniu cap pregunta, estarem encantats d&#8217;ajudar-vos.[\/vc_column_text][\/vc_column][vc_column width=&#8221;1\/2&#8243; offset=&#8221;vc_col-md-5&#8243;][vc_single_image image=&#8221;10720&#8243; img_size=&#8221;full&#8221; css=&#8221;&#8221;][\/vc_column][\/vc_row][\/vc_section][vc_section el_class=&#8221;contacto-info-section&#8221;][vc_row el_class=&#8221;contacto-info-row&#8221;][vc_column width=&#8221;1\/3&#8243; el_class=&#8221;contacto-info-item&#8221;][vc_custom_heading text=&#8221;Servei d&apos;atenci\u00f3 al client&#8221; font_container=&#8221;tag:h3|text_align:left&#8221; use_theme_fonts=&#8221;yes&#8221;][vc_single_image image=&#8221;10724&#8243; img_size=&#8221;full&#8221; css=&#8221;&#8221;][vc_column_text]Si ja sou client de Woffu.<\/p>\n<p><strong>Escriu-nos a<br \/>\n<a href=\"mailto:help@woffu.com\">help@woffu.com<\/a><br \/>\no visiteu el <a href=\"https:\/\/woffu.my.site.com\/help\/s\/?language=es\" target=\"_blank\" rel=\"noopener\">Help Center<\/a>.<\/strong>[\/vc_column_text][\/vc_column][vc_column width=&#8221;1\/3&#8243; el_class=&#8221;contacto-info-item&#8221;][vc_custom_heading text=&#8221;Contracta Woffu&#8221; font_container=&#8221;tag:h3|text_align:left&#8221; use_theme_fonts=&#8221;yes&#8221;][vc_single_image image=&#8221;10728&#8243; img_size=&#8221;full&#8221; css=&#8221;&#8221;][vc_column_text css=&#8221;&#8221;]Si esteu interessats en Woffu per al vostre negoci.<\/p>\n<p><strong>Escriu-nos a<br \/>\n<a href=\"mailto:sales@woffu.com\">sales@woffu.com<\/a><br \/>\no sol\u00b7licitar una Demo <a href=\"https:\/\/woffu.com\/ca\/demo\/\" target=\"_blank\" rel=\"noopener\">aqu\u00ed<\/a>.<\/strong>[\/vc_column_text][\/vc_column][vc_column width=&#8221;1\/3&#8243; el_class=&#8221;contacto-info-item&#8221;][vc_custom_heading text=&#8221;M\u00e9s informaci\u00f3&#8221; font_container=&#8221;tag:h3|text_align:left&#8221; use_theme_fonts=&#8221;yes&#8221;][vc_single_image image=&#8221;10732&#8243; img_size=&#8221;full&#8221; css=&#8221;&#8221;][vc_column_text]Per a qualsevol altra consulta general.<\/p>\n<p><strong>Escriu-nos a<br \/>\n<a href=\"mailto:help@woffu.com\">help@woffu.com<\/a><\/strong>[\/vc_column_text][\/vc_column][\/vc_row][vc_row el_class=&#8221;contacto-info-item-row&#8221;][vc_column width=&#8221;1\/2&#8243; el_class=&#8221;contacto-info-item&#8221;][vc_single_image image=&#8221;10736&#8243; img_size=&#8221;full&#8221; css=&#8221;&#8221;][\/vc_column][vc_column width=&#8221;1\/2&#8243; el_class=&#8221;contacto-info-item&#8221;][vc_custom_heading text=&#8221;Truqueu-nos&#8221; font_container=&#8221;tag:h3|text_align:left&#8221; use_theme_fonts=&#8221;yes&#8221;][vc_column_text]Ja saps qu\u00e8 diuen: parlar ajuda la gent a entendre&#8217;s :)[\/vc_column_text][vc_row_inner][vc_column_inner width=&#8221;1\/3&#8243;][vc_single_image image=&#8221;10748&#8243; img_size=&#8221;full&#8221; css=&#8221;&#8221;][\/vc_column_inner][vc_column_inner width=&#8221;2\/3&#8243;][vc_column_text]Horari telef\u00f2nic:<\/p>\n<p>De dilluns a dijous, de 8.30 a 19.00 h<br \/>\nDivendres de 8.30 a 14.00 h<\/p>\n<p><a class=\"btn btn-more-new\" href=\"tel:932%2005%2097%2050\" target=\"_blank\" rel=\"noopener\">932 05 97 50<\/a>[\/vc_column_text][\/vc_column_inner][\/vc_row_inner][\/vc_column][\/vc_row][\/vc_section][vc_section el_class=&#8221;contacto-office-section&#8221;][vc_row el_class=&#8221;contacto-office-caption&#8221;][vc_column][vc_column_text]<\/p>\n<h2>La nostra oficina<\/h2>\n<p>La nostra oficina est\u00e0 situada al cor de Barcelona, a pocs metres de la pla\u00e7a d&#8217;Espanya i de Montju\u00efc.[\/vc_column_text][\/vc_column][\/vc_row][vc_row el_class=&#8221;contacto-office-row&#8221;][vc_column width=&#8221;1\/2&#8243;][vc_single_image image=&#8221;10740&#8243; img_size=&#8221;full&#8221; css=&#8221;&#8221;][\/vc_column][vc_column width=&#8221;1\/2&#8243;][vc_single_image image=&#8221;10744&#8243; img_size=&#8221;full&#8221; css=&#8221;&#8221;][\/vc_column][\/vc_row][vc_row el_class=&#8221;contacto-office-btn&#8221;][vc_column][vc_btn title=&#8221;Uneix-te a l&apos;equip&#8221; link=&#8221;url:https%3A%2F%2Fjobs.woffu.com%2F|title:Uneix-te%20a%20l%27equip|target:_blank|&#8221; el_class=&#8221;btn btn-dark-new&#8221;][\/vc_column][\/vc_row][\/vc_section]<\/p>\n<\/div>","protected":false},"excerpt":{"rendered":"<p>[vc_section el_class=&#8221;features-hero performance-hero ley-horario-hero contacto-hero&#8221;][vc_row el_class=&#8221;performance-hero-row&#8221;][vc_column width=&#8221;1\/2&#8243; el_class=&#8221;performance-hero-caption&#8221; offset=&#8221;vc_col-md-7&#8243;][vc_column_text css=&#8221;&#8221; el_class=&#8221;performance-hero-description&#8221;] Contacta amb Woffu \u2013 som aqu\u00ed per ajudar-te Som [&hellip;]<\/p>\n","protected":false},"author":1,"featured_media":0,"parent":0,"menu_order":0,"comment_status":"closed","ping_status":"closed","template":"page-new.php","meta":{"_acf_changed":false,"inline_featured_image":false,"footnotes":""},"class_list":["post-14796","page","type-page","status-publish","hentry"],"acf":[],"yoast_head":"<!-- This site is optimized with the Yoast SEO plugin v27.3 - https:\/\/yoast.com\/product\/yoast-seo-wordpress\/ -->\n<title>Contacta amb Woffu \u2013 som aqu\u00ed per a tu | Woffu<\/title>\n<meta name=\"description\" content=\"Contacta amb Woffu si tens cap pregunta o per saber com el nostre programari de control d&#039;horari i assist\u00e8ncia i de recursos humans optimitza els processos de manera efica\u00e7.\" \/>\n<meta name=\"robots\" content=\"index, follow, max-snippet:-1, max-image-preview:large, max-video-preview:-1\" \/>\n<link rel=\"canonical\" href=\"https:\/\/woffu.com\/ca\/contacte\/\" \/>\n<meta property=\"og:locale\" content=\"ca_ES\" \/>\n<meta property=\"og:type\" content=\"article\" \/>\n<meta property=\"og:title\" content=\"Contacta amb Woffu \u2013 som aqu\u00ed per a tu | Woffu\" \/>\n<meta property=\"og:description\" content=\"Contacta con Woffu para resolver dudas o descubrir c\u00f3mo nuestro software de control horario y recursos humanos reduce los procesos de forma eficaz.\" \/>\n<meta property=\"og:url\" content=\"https:\/\/woffu.com\/ca\/contacte\/\" \/>\n<meta property=\"og:site_name\" content=\"Woffu\" \/>\n<meta property=\"article:publisher\" content=\"https:\/\/www.facebook.com\/woffu\/\" \/>\n<meta property=\"article:modified_time\" content=\"2026-04-07T07:17:28+00:00\" \/>\n<meta property=\"og:image\" content=\"https:\/\/woffu.com\/wp-content\/uploads\/2025\/07\/woffu-logo-color-marketplace.webp\" \/>\n\t<meta property=\"og:image:width\" content=\"625\" \/>\n\t<meta property=\"og:image:height\" content=\"332\" \/>\n\t<meta property=\"og:image:type\" content=\"image\/webp\" \/>\n<meta name=\"twitter:card\" content=\"summary_large_image\" \/>\n<meta name=\"twitter:site\" content=\"@Woffu_App\" \/>\n<meta name=\"twitter:label1\" content=\"Est. reading time\" \/>\n\t<meta name=\"twitter:data1\" content=\"2 minutes\" \/>\n<script type=\"application\/ld+json\" class=\"yoast-schema-graph\">{\"@context\":\"https:\\\/\\\/schema.org\",\"@graph\":[{\"@type\":\"WebPage\",\"@id\":\"https:\\\/\\\/woffu.com\\\/ca\\\/contacte\\\/\",\"url\":\"https:\\\/\\\/woffu.com\\\/ca\\\/contacte\\\/\",\"name\":\"Contacta amb Woffu \u2013 som aqu\u00ed per a tu | Woffu\",\"isPartOf\":{\"@id\":\"https:\\\/\\\/woffu.com\\\/ca\\\/#website\"},\"datePublished\":\"2026-04-06T07:27:47+00:00\",\"dateModified\":\"2026-04-07T07:17:28+00:00\",\"description\":\"Contacta amb Woffu si tens cap pregunta o per saber com el nostre programari de control d'horari i assist\u00e8ncia i de recursos humans optimitza els processos de manera efica\u00e7.\",\"breadcrumb\":{\"@id\":\"https:\\\/\\\/woffu.com\\\/ca\\\/contacte\\\/#breadcrumb\"},\"inLanguage\":\"ca-ES\",\"potentialAction\":[{\"@type\":\"ReadAction\",\"target\":[\"https:\\\/\\\/woffu.com\\\/ca\\\/contacte\\\/\"]}]},{\"@type\":\"BreadcrumbList\",\"@id\":\"https:\\\/\\\/woffu.com\\\/ca\\\/contacte\\\/#breadcrumb\",\"itemListElement\":[{\"@type\":\"ListItem\",\"position\":1,\"name\":\"Portada\",\"item\":\"https:\\\/\\\/woffu.com\\\/ca\\\/\"},{\"@type\":\"ListItem\",\"position\":2,\"name\":\"Contacte\"}]},{\"@type\":\"WebSite\",\"@id\":\"https:\\\/\\\/woffu.com\\\/ca\\\/#website\",\"url\":\"https:\\\/\\\/woffu.com\\\/ca\\\/\",\"name\":\"Woffu\",\"description\":\"Woffu es una plataforma digital que facilita la gesti\u00f3n del tiempo laboral, control horario, vacaciones y ausencias, optimizando procesos de recursos humanos y asegurando el cumplimiento normativo en las empresas.\",\"publisher\":{\"@id\":\"https:\\\/\\\/woffu.com\\\/ca\\\/#organization\"},\"alternateName\":\"Woffu\",\"potentialAction\":[{\"@type\":\"SearchAction\",\"target\":{\"@type\":\"EntryPoint\",\"urlTemplate\":\"https:\\\/\\\/woffu.com\\\/ca\\\/?s={search_term_string}\"},\"query-input\":{\"@type\":\"PropertyValueSpecification\",\"valueRequired\":true,\"valueName\":\"search_term_string\"}}],\"inLanguage\":\"ca-ES\"},{\"@type\":\"Organization\",\"@id\":\"https:\\\/\\\/woffu.com\\\/ca\\\/#organization\",\"name\":\"Woffu\",\"url\":\"https:\\\/\\\/woffu.com\\\/ca\\\/\",\"logo\":{\"@type\":\"ImageObject\",\"inLanguage\":\"ca-ES\",\"@id\":\"https:\\\/\\\/woffu.com\\\/ca\\\/#\\\/schema\\\/logo\\\/image\\\/\",\"url\":\"https:\\\/\\\/woffu.com\\\/wp-content\\\/uploads\\\/2021\\\/08\\\/logo-woffu-dark.svg\",\"contentUrl\":\"https:\\\/\\\/woffu.com\\\/wp-content\\\/uploads\\\/2021\\\/08\\\/logo-woffu-dark.svg\",\"width\":161,\"height\":38,\"caption\":\"Woffu\"},\"image\":{\"@id\":\"https:\\\/\\\/woffu.com\\\/ca\\\/#\\\/schema\\\/logo\\\/image\\\/\"},\"sameAs\":[\"https:\\\/\\\/www.facebook.com\\\/woffu\\\/\",\"https:\\\/\\\/x.com\\\/Woffu_App\",\"https:\\\/\\\/www.instagram.com\\\/woffu\\\/\",\"https:\\\/\\\/www.linkedin.com\\\/company\\\/woffu\\\/\"],\"telephone\":\"+34 932059750\",\"address\":{\"@type\":\"PostalAddress\",\"streetAddress\":\"Carrer de Mexic, 8\",\"postalCode\":\"08004\",\"addressLocality\":\"Barcelona\",\"addressCountry\":\"ES\"},\"contactPoint\":[{\"@type\":\"ContactPoint\",\"contactType\":\"customer support\",\"telephone\":\"+34 932059750\",\"email\":\"help@woffu.com\",\"url\":\"https:\\\/\\\/woffu.com\\\/es\\\/contacto\\\/\",\"areaServed\":\"ES\",\"availableLanguage\":[\"es\",\"en\"],\"hoursAvailable\":[{\"@type\":\"OpeningHoursSpecification\",\"dayOfWeek\":[\"https:\\\/\\\/schema.org\\\/Monday\",\"https:\\\/\\\/schema.org\\\/Tuesday\",\"https:\\\/\\\/schema.org\\\/Wednesday\",\"https:\\\/\\\/schema.org\\\/Thursday\"],\"opens\":\"08:30\",\"closes\":\"19:00\"},{\"@type\":\"OpeningHoursSpecification\",\"dayOfWeek\":\"https:\\\/\\\/schema.org\\\/Friday\",\"opens\":\"08:30\",\"closes\":\"14:00\"}]},{\"@type\":\"ContactPoint\",\"contactType\":\"sales\",\"telephone\":\"+34 932059750\",\"email\":\"sales@woffu.com\",\"url\":\"https:\\\/\\\/woffu.com\\\/es\\\/demo\\\/\",\"areaServed\":\"ES\",\"availableLanguage\":[\"es\",\"en\"],\"hoursAvailable\":[{\"@type\":\"OpeningHoursSpecification\",\"dayOfWeek\":[\"https:\\\/\\\/schema.org\\\/Monday\",\"https:\\\/\\\/schema.org\\\/Tuesday\",\"https:\\\/\\\/schema.org\\\/Wednesday\",\"https:\\\/\\\/schema.org\\\/Thursday\"],\"opens\":\"08:30\",\"closes\":\"19:00\"},{\"@type\":\"OpeningHoursSpecification\",\"dayOfWeek\":\"https:\\\/\\\/schema.org\\\/Friday\",\"opens\":\"08:30\",\"closes\":\"14:00\"}]}]}]}<\/script>\n<!-- \/ Yoast SEO plugin. -->","yoast_head_json":{"title":"Contacta amb Woffu \u2013 som aqu\u00ed per a tu | Woffu","description":"Contacta amb Woffu si tens cap pregunta o per saber com el nostre programari de control d'horari i assist\u00e8ncia i de recursos humans optimitza els processos de manera efica\u00e7.","robots":{"index":"index","follow":"follow","max-snippet":"max-snippet:-1","max-image-preview":"max-image-preview:large","max-video-preview":"max-video-preview:-1"},"canonical":"https:\/\/woffu.com\/ca\/contacte\/","og_locale":"ca_ES","og_type":"article","og_title":"Contacta amb Woffu \u2013 som aqu\u00ed per a tu | Woffu","og_description":"Contacta con Woffu para resolver dudas o descubrir c\u00f3mo nuestro software de control horario y recursos humanos reduce los procesos de forma eficaz.","og_url":"https:\/\/woffu.com\/ca\/contacte\/","og_site_name":"Woffu","article_publisher":"https:\/\/www.facebook.com\/woffu\/","article_modified_time":"2026-04-07T07:17:28+00:00","og_image":[{"width":625,"height":332,"url":"https:\/\/woffu.com\/wp-content\/uploads\/2025\/07\/woffu-logo-color-marketplace.webp","type":"image\/webp"}],"twitter_card":"summary_large_image","twitter_site":"@Woffu_App","twitter_misc":{"Est. reading time":"2 minutes"},"schema":{"@context":"https:\/\/schema.org","@graph":[{"@type":"WebPage","@id":"https:\/\/woffu.com\/ca\/contacte\/","url":"https:\/\/woffu.com\/ca\/contacte\/","name":"Contacta amb Woffu \u2013 som aqu\u00ed per a tu | Woffu","isPartOf":{"@id":"https:\/\/woffu.com\/ca\/#website"},"datePublished":"2026-04-06T07:27:47+00:00","dateModified":"2026-04-07T07:17:28+00:00","description":"Contacta amb Woffu si tens cap pregunta o per saber com el nostre programari de control d'horari i assist\u00e8ncia i de recursos humans optimitza els processos de manera efica\u00e7.","breadcrumb":{"@id":"https:\/\/woffu.com\/ca\/contacte\/#breadcrumb"},"inLanguage":"ca-ES","potentialAction":[{"@type":"ReadAction","target":["https:\/\/woffu.com\/ca\/contacte\/"]}]},{"@type":"BreadcrumbList","@id":"https:\/\/woffu.com\/ca\/contacte\/#breadcrumb","itemListElement":[{"@type":"ListItem","position":1,"name":"Portada","item":"https:\/\/woffu.com\/ca\/"},{"@type":"ListItem","position":2,"name":"Contacte"}]},{"@type":"WebSite","@id":"https:\/\/woffu.com\/ca\/#website","url":"https:\/\/woffu.com\/ca\/","name":"Woffu","description":"Woffu es una plataforma digital que facilita la gesti\u00f3n del tiempo laboral, control horario, vacaciones y ausencias, optimizando procesos de recursos humanos y asegurando el cumplimiento normativo en las empresas.","publisher":{"@id":"https:\/\/woffu.com\/ca\/#organization"},"alternateName":"Woffu","potentialAction":[{"@type":"SearchAction","target":{"@type":"EntryPoint","urlTemplate":"https:\/\/woffu.com\/ca\/?s={search_term_string}"},"query-input":{"@type":"PropertyValueSpecification","valueRequired":true,"valueName":"search_term_string"}}],"inLanguage":"ca-ES"},{"@type":"Organization","@id":"https:\/\/woffu.com\/ca\/#organization","name":"Woffu","url":"https:\/\/woffu.com\/ca\/","logo":{"@type":"ImageObject","inLanguage":"ca-ES","@id":"https:\/\/woffu.com\/ca\/#\/schema\/logo\/image\/","url":"https:\/\/woffu.com\/wp-content\/uploads\/2021\/08\/logo-woffu-dark.svg","contentUrl":"https:\/\/woffu.com\/wp-content\/uploads\/2021\/08\/logo-woffu-dark.svg","width":161,"height":38,"caption":"Woffu"},"image":{"@id":"https:\/\/woffu.com\/ca\/#\/schema\/logo\/image\/"},"sameAs":["https:\/\/www.facebook.com\/woffu\/","https:\/\/x.com\/Woffu_App","https:\/\/www.instagram.com\/woffu\/","https:\/\/www.linkedin.com\/company\/woffu\/"],"telephone":"+34 932059750","address":{"@type":"PostalAddress","streetAddress":"Carrer de Mexic, 8","postalCode":"08004","addressLocality":"Barcelona","addressCountry":"ES"},"contactPoint":[{"@type":"ContactPoint","contactType":"customer support","telephone":"+34 932059750","email":"help@woffu.com","url":"https:\/\/woffu.com\/es\/contacto\/","areaServed":"ES","availableLanguage":["es","en"],"hoursAvailable":[{"@type":"OpeningHoursSpecification","dayOfWeek":["https:\/\/schema.org\/Monday","https:\/\/schema.org\/Tuesday","https:\/\/schema.org\/Wednesday","https:\/\/schema.org\/Thursday"],"opens":"08:30","closes":"19:00"},{"@type":"OpeningHoursSpecification","dayOfWeek":"https:\/\/schema.org\/Friday","opens":"08:30","closes":"14:00"}]},{"@type":"ContactPoint","contactType":"sales","telephone":"+34 932059750","email":"sales@woffu.com","url":"https:\/\/woffu.com\/es\/demo\/","areaServed":"ES","availableLanguage":["es","en"],"hoursAvailable":[{"@type":"OpeningHoursSpecification","dayOfWeek":["https:\/\/schema.org\/Monday","https:\/\/schema.org\/Tuesday","https:\/\/schema.org\/Wednesday","https:\/\/schema.org\/Thursday"],"opens":"08:30","closes":"19:00"},{"@type":"OpeningHoursSpecification","dayOfWeek":"https:\/\/schema.org\/Friday","opens":"08:30","closes":"14:00"}]}]}]}},"_links":{"self":[{"href":"https:\/\/woffu.com\/ca\/wp-json\/wp\/v2\/pages\/14796","targetHints":{"allow":["GET"]}}],"collection":[{"href":"https:\/\/woffu.com\/ca\/wp-json\/wp\/v2\/pages"}],"about":[{"href":"https:\/\/woffu.com\/ca\/wp-json\/wp\/v2\/types\/page"}],"author":[{"embeddable":true,"href":"https:\/\/woffu.com\/ca\/wp-json\/wp\/v2\/users\/1"}],"replies":[{"embeddable":true,"href":"https:\/\/woffu.com\/ca\/wp-json\/wp\/v2\/comments?post=14796"}],"version-history":[{"count":10,"href":"https:\/\/woffu.com\/ca\/wp-json\/wp\/v2\/pages\/14796\/revisions"}],"predecessor-version":[{"id":15131,"href":"https:\/\/woffu.com\/ca\/wp-json\/wp\/v2\/pages\/14796\/revisions\/15131"}],"wp:attachment":[{"href":"https:\/\/woffu.com\/ca\/wp-json\/wp\/v2\/media?parent=14796"}],"curies":[{"name":"wp","href":"https:\/\/api.w.org\/{rel}","templated":true}]}}